{"id":65757,"date":"2025-10-14T08:33:07","date_gmt":"2025-10-14T06:33:07","guid":{"rendered":"https:\/\/www.fleurop-home.ch\/?post_type=product&#038;p=65757"},"modified":"2026-04-09T10:00:29","modified_gmt":"2026-04-09T08:00:29","slug":"avelines-pralines-von-maestrani","status":"publish","type":"product","link":"https:\/\/www.fleurop-home.ch\/de-ch\/p\/avelines-pralines-von-maestrani","title":{"rendered":"Avelines Pralin\u00e9s von Maestrani"},"content":{"rendered":"<p><strong>Avelines Pralin\u00e9s von Maestrani<\/strong><\/p>\n<p>Diese elegante Box beinhaltet 12 Avelines Pralin\u00e9s (120g) aus zartschmelzender Gianduja-Haselnuss-Milchschokolade. Die erlesene Zusammensetzung enth\u00e4lt nur allerbeste Zutaten von sorgsam ausgew\u00e4hlter Herkunft: Kakaobohnen, Schweizer Vollmilch, delikat ger\u00f6stete Haseln\u00fcsse, Mandeln sowie echte gemahlene Bourbon-Vanille.<\/p>\n<p>Verschenke den unwiderstehlichen Geschmack und die zartschmelzende F\u00fcllung unserer neuen Avelines Pralin\u00e9s. Purer Genuss, den man nicht vergessen wird.<\/p>\n","protected":false},"excerpt":{"rendered":"<p>Eine Box unwiderstehlicher Avelines Pralin\u00e9s 120g &#8211; 12 Pralinen aus zartschmelzender Gianduja-Haselnuss-Milchschokolade.<\/p>\n","protected":false},"featured_media":65759,"template":"","meta":[],"product_brand":[],"product_cat":[114,1022,1090,1001,797,1019,1018,984,993,1207,999,1088,909,915,42,885,52,54],"product_tag":[282],"woo-feed-brand":[],"class_list":{"0":"post-65757","1":"product","2":"type-product","3":"status-publish","4":"has-post-thumbnail","6":"product_cat-schokolade-sweets","7":"product_cat-brunch","8":"product_cat-geniesser","9":"product_cat-leckereien","10":"product_cat-muttertag","11":"product_cat-osterbrunch","12":"product_cat-ostern","13":"product_cat-silvester","14":"product_cat-silvestergeschenke","15":"product_cat-unter-25-chf","16":"product_cat-valentinstag","17":"product_cat-vatertag","18":"product_cat-weihnachten","19":"product_cat-wichteln","20":"product_cat-kueche","21":"product_cat-koestlichkeiten","22":"product_cat-geschenke","23":"product_cat-feinkost","24":"product_tag-fleurop-interflora","26":"first","27":"instock","28":"taxable","29":"shipping-taxable","30":"purchasable","31":"product-type-simple"},"_links":{"self":[{"href":"https:\/\/www.fleurop-home.ch\/de-ch\/wp-json\/wp\/v2\/product\/65757","targetHints":{"allow":["GET"]}}],"collection":[{"href":"https:\/\/www.fleurop-home.ch\/de-ch\/wp-json\/wp\/v2\/product"}],"about":[{"href":"https:\/\/www.fleurop-home.ch\/de-ch\/wp-json\/wp\/v2\/types\/product"}],"wp:featuredmedia":[{"embeddable":true,"href":"https:\/\/www.fleurop-home.ch\/de-ch\/wp-json\/wp\/v2\/media\/65759"}],"wp:attachment":[{"href":"https:\/\/www.fleurop-home.ch\/de-ch\/wp-json\/wp\/v2\/media?parent=65757"}],"wp:term":[{"taxonomy":"product_brand","embeddable":true,"href":"https:\/\/www.fleurop-home.ch\/de-ch\/wp-json\/wp\/v2\/product_brand?post=65757"},{"taxonomy":"product_cat","embeddable":true,"href":"https:\/\/www.fleurop-home.ch\/de-ch\/wp-json\/wp\/v2\/product_cat?post=65757"},{"taxonomy":"product_tag","embeddable":true,"href":"https:\/\/www.fleurop-home.ch\/de-ch\/wp-json\/wp\/v2\/product_tag?post=65757"},{"taxonomy":"woo-feed-brand","embeddable":true,"href":"https:\/\/www.fleurop-home.ch\/de-ch\/wp-json\/wp\/v2\/woo-feed-brand?post=65757"}],"curies":[{"name":"wp","href":"https:\/\/api.w.org\/{rel}","templated":true}]}}