{"id":65622,"date":"2025-10-13T22:06:49","date_gmt":"2025-10-13T20:06:49","guid":{"rendered":"https:\/\/www.fleurop-home.ch\/de-ch\/p\/agraffen-roemerhaften-10-x-25mm-2-5kg"},"modified":"2025-12-19T09:24:24","modified_gmt":"2025-12-19T08:24:24","slug":"agraffen-roemerhaften-10-x-25mm-2-5kg","status":"publish","type":"product","link":"https:\/\/www.fleurop-home.ch\/de-ch\/p\/agraffen-roemerhaften-10-x-25mm-2-5kg","title":{"rendered":"Agraffen &#8218;R\u00f6merhaften&#8216; 10 x 25mm 2.5kg"},"content":{"rendered":"<p>Verwendungszweck:<br \/>\nPraktische Drahtklammern zum Befestigen von Moos, Tannenzweigen, Steckmasse oder anderen Materialien auf Kr\u00e4nzen, Gestecken und floristischen Unterlagen. Ideal f\u00fcr Advents- und Trauerfloristik.<\/p>\n<p>Produkteigenschaften + Vorteile:<br \/>\n&#8211; Gr\u00f6\u00dfe: 10 \u00d7 25 mm<br \/>\n&#8211; Material: verzinkter Draht<br \/>\n&#8211; robust und mehrfach verwendbar<br \/>\n&#8211; h\u00e4lt Materialien sicher an Ort und Stelle<br \/>\n&#8211; erleichtert sauberes und schnelles Arbeiten in der Floristik<\/p>\n","protected":false},"excerpt":{"rendered":"<p>Praktische Drahtklammern zum Befestigen von Moos, Tannenzweigen, Steckmasse oder anderen Materialien auf Kr\u00e4nzen, Gestecken und floristischen Unterlagen.<\/p>\n","protected":false},"featured_media":65692,"template":"","meta":[],"product_brand":[],"product_cat":[29,23,1178,1194,909,911],"product_tag":[289],"woo-feed-brand":[],"class_list":{"0":"post-65622","1":"product","2":"type-product","3":"status-publish","4":"has-post-thumbnail","6":"product_cat-do-it-yourself","7":"product_cat-home-living","8":"product_cat-diy","9":"product_cat-diy-helfer","10":"product_cat-weihnachten","11":"product_cat-accessoires","12":"product_tag-blumengarten-kung-ag","14":"first","15":"instock","16":"taxable","17":"shipping-taxable","18":"purchasable","19":"product-type-simple"},"_links":{"self":[{"href":"https:\/\/www.fleurop-home.ch\/de-ch\/wp-json\/wp\/v2\/product\/65622","targetHints":{"allow":["GET"]}}],"collection":[{"href":"https:\/\/www.fleurop-home.ch\/de-ch\/wp-json\/wp\/v2\/product"}],"about":[{"href":"https:\/\/www.fleurop-home.ch\/de-ch\/wp-json\/wp\/v2\/types\/product"}],"wp:featuredmedia":[{"embeddable":true,"href":"https:\/\/www.fleurop-home.ch\/de-ch\/wp-json\/wp\/v2\/media\/65692"}],"wp:attachment":[{"href":"https:\/\/www.fleurop-home.ch\/de-ch\/wp-json\/wp\/v2\/media?parent=65622"}],"wp:term":[{"taxonomy":"product_brand","embeddable":true,"href":"https:\/\/www.fleurop-home.ch\/de-ch\/wp-json\/wp\/v2\/product_brand?post=65622"},{"taxonomy":"product_cat","embeddable":true,"href":"https:\/\/www.fleurop-home.ch\/de-ch\/wp-json\/wp\/v2\/product_cat?post=65622"},{"taxonomy":"product_tag","embeddable":true,"href":"https:\/\/www.fleurop-home.ch\/de-ch\/wp-json\/wp\/v2\/product_tag?post=65622"},{"taxonomy":"woo-feed-brand","embeddable":true,"href":"https:\/\/www.fleurop-home.ch\/de-ch\/wp-json\/wp\/v2\/woo-feed-brand?post=65622"}],"curies":[{"name":"wp","href":"https:\/\/api.w.org\/{rel}","templated":true}]}}