{"id":65599,"date":"2025-10-13T22:06:39","date_gmt":"2025-10-13T20:06:39","guid":{"rendered":"https:\/\/www.fleurop-home.ch\/de-ch\/p\/waterproof-tape-gruen-12mm-x-50m"},"modified":"2025-12-19T08:54:55","modified_gmt":"2025-12-19T07:54:55","slug":"waterproof-tape-gruen-12mm-x-50m","status":"publish","type":"product","link":"https:\/\/www.fleurop-home.ch\/de-ch\/p\/waterproof-tape-gruen-12mm-x-50m","title":{"rendered":"Waterproof &#8218;Tape&#8216; gr\u00fcn 12mm x 50m"},"content":{"rendered":"<p>Waterproof Tape \/ Anchor Tape 12 mm \u00d7 50 m<\/p>\n<p>Verwendungszweck:<br \/>\nDas Waterproof Tape dient zur sicheren Befestigung oder zus\u00e4tzlichen Fixierung von Frisch- und Trockenblumensteckschaum auf flachen Unterlagen. Es sorgt f\u00fcr stabilen Halt, selbst bei nasser Steckmasse, und ist ideal f\u00fcr floristische Arbeiten und Gestecke geeignet.<\/p>\n<p>Produkteigenschaften &amp; Vorteile:<br \/>\n&#8211; selbstklebend<br \/>\n&#8211; wasserfest<br \/>\n&#8211; universell einsetzbar in der Floristik<\/p>\n<p>Hinweis:<br \/>\nZur Befestigung von bereits gew\u00e4sserter Steckmasse geeignet.<\/p>\n","protected":false},"excerpt":{"rendered":"<p>Das Waterproof Tape dient zur sicheren Befestigung oder zus\u00e4tzlichen Fixierung von Frisch- und Trockenblumensteckschaum auf flachen Unterlagen.<\/p>\n","protected":false},"featured_media":65667,"template":"","meta":[],"product_brand":[],"product_cat":[29,23,1178,909,911],"product_tag":[289],"woo-feed-brand":[],"class_list":{"0":"post-65599","1":"product","2":"type-product","3":"status-publish","4":"has-post-thumbnail","6":"product_cat-do-it-yourself","7":"product_cat-home-living","8":"product_cat-diy","9":"product_cat-weihnachten","10":"product_cat-accessoires","11":"product_tag-blumengarten-kung-ag","13":"first","14":"instock","15":"taxable","16":"shipping-taxable","17":"purchasable","18":"product-type-simple"},"_links":{"self":[{"href":"https:\/\/www.fleurop-home.ch\/de-ch\/wp-json\/wp\/v2\/product\/65599","targetHints":{"allow":["GET"]}}],"collection":[{"href":"https:\/\/www.fleurop-home.ch\/de-ch\/wp-json\/wp\/v2\/product"}],"about":[{"href":"https:\/\/www.fleurop-home.ch\/de-ch\/wp-json\/wp\/v2\/types\/product"}],"wp:featuredmedia":[{"embeddable":true,"href":"https:\/\/www.fleurop-home.ch\/de-ch\/wp-json\/wp\/v2\/media\/65667"}],"wp:attachment":[{"href":"https:\/\/www.fleurop-home.ch\/de-ch\/wp-json\/wp\/v2\/media?parent=65599"}],"wp:term":[{"taxonomy":"product_brand","embeddable":true,"href":"https:\/\/www.fleurop-home.ch\/de-ch\/wp-json\/wp\/v2\/product_brand?post=65599"},{"taxonomy":"product_cat","embeddable":true,"href":"https:\/\/www.fleurop-home.ch\/de-ch\/wp-json\/wp\/v2\/product_cat?post=65599"},{"taxonomy":"product_tag","embeddable":true,"href":"https:\/\/www.fleurop-home.ch\/de-ch\/wp-json\/wp\/v2\/product_tag?post=65599"},{"taxonomy":"woo-feed-brand","embeddable":true,"href":"https:\/\/www.fleurop-home.ch\/de-ch\/wp-json\/wp\/v2\/woo-feed-brand?post=65599"}],"curies":[{"name":"wp","href":"https:\/\/api.w.org\/{rel}","templated":true}]}}