{"id":65589,"date":"2025-10-13T22:06:35","date_gmt":"2025-10-13T20:06:35","guid":{"rendered":"https:\/\/www.fleurop-home.ch\/de-ch\/p\/kerzenbefestigungsstifte-5cm-100-stueck-mit-treiber"},"modified":"2025-12-19T08:53:49","modified_gmt":"2025-12-19T07:53:49","slug":"kerzenbefestigungsstifte-5cm-100-stueck-mit-treiber","status":"publish","type":"product","link":"https:\/\/www.fleurop-home.ch\/de-ch\/p\/kerzenbefestigungsstifte-5cm-100-stueck-mit-treiber","title":{"rendered":"Kerzenbefestigungsstifte 5cm 100 St\u00fcck mit Treiber"},"content":{"rendered":"<p>Verwendungszweck:<br \/>\nZum sicheren Befestigen von Kerzen auf Kr\u00e4nzen, Gestecken oder anderen floristischen Werkst\u00fccken. Die Stifte werden mithilfe des beiliegenden Treibers einfach in die Kerzenunterseite gedr\u00fcckt und bieten stabilen Halt.<\/p>\n<p>Produkteigenschaften + Vorteile:<br \/>\n&#8211; L\u00e4nge: 5 cm<br \/>\n&#8211; aus robustem Metall<br \/>\n&#8211; f\u00fcr dicke Kerzen (5\u20139 Stifte empfohlen)<br \/>\n&#8211; f\u00fcr d\u00fcnne Kerzen (2\u20134 Stifte empfohlen)<br \/>\n&#8211; sauberer, fester Halt ohne Wachsbruch<\/p>\n<p>Verpackungseinheiten:<br \/>\n&#8211; 100 St\u00fcck mit Treiber<br \/>\n&#8211; 200 St\u00fcck ohne Treiber<\/p>\n","protected":false},"excerpt":{"rendered":"<p>Zum sicheren Befestigen von Kerzen auf Kr\u00e4nzen, Gestecken oder anderen floristischen Werkst\u00fccken.<\/p>\n","protected":false},"featured_media":65654,"template":"","meta":[],"product_brand":[],"product_cat":[29,23,1178,1194,909,911],"product_tag":[289],"woo-feed-brand":[],"class_list":{"0":"post-65589","1":"product","2":"type-product","3":"status-publish","4":"has-post-thumbnail","6":"product_cat-do-it-yourself","7":"product_cat-home-living","8":"product_cat-diy","9":"product_cat-diy-helfer","10":"product_cat-weihnachten","11":"product_cat-accessoires","12":"product_tag-blumengarten-kung-ag","14":"first","15":"instock","16":"taxable","17":"shipping-taxable","18":"purchasable","19":"product-type-simple"},"_links":{"self":[{"href":"https:\/\/www.fleurop-home.ch\/de-ch\/wp-json\/wp\/v2\/product\/65589","targetHints":{"allow":["GET"]}}],"collection":[{"href":"https:\/\/www.fleurop-home.ch\/de-ch\/wp-json\/wp\/v2\/product"}],"about":[{"href":"https:\/\/www.fleurop-home.ch\/de-ch\/wp-json\/wp\/v2\/types\/product"}],"wp:featuredmedia":[{"embeddable":true,"href":"https:\/\/www.fleurop-home.ch\/de-ch\/wp-json\/wp\/v2\/media\/65654"}],"wp:attachment":[{"href":"https:\/\/www.fleurop-home.ch\/de-ch\/wp-json\/wp\/v2\/media?parent=65589"}],"wp:term":[{"taxonomy":"product_brand","embeddable":true,"href":"https:\/\/www.fleurop-home.ch\/de-ch\/wp-json\/wp\/v2\/product_brand?post=65589"},{"taxonomy":"product_cat","embeddable":true,"href":"https:\/\/www.fleurop-home.ch\/de-ch\/wp-json\/wp\/v2\/product_cat?post=65589"},{"taxonomy":"product_tag","embeddable":true,"href":"https:\/\/www.fleurop-home.ch\/de-ch\/wp-json\/wp\/v2\/product_tag?post=65589"},{"taxonomy":"woo-feed-brand","embeddable":true,"href":"https:\/\/www.fleurop-home.ch\/de-ch\/wp-json\/wp\/v2\/woo-feed-brand?post=65589"}],"curies":[{"name":"wp","href":"https:\/\/api.w.org\/{rel}","templated":true}]}}