{"id":65582,"date":"2025-10-13T22:06:32","date_gmt":"2025-10-13T20:06:32","guid":{"rendered":"https:\/\/www.fleurop-home.ch\/de-ch\/p\/papierbindestreifen-gruen-0-45mm-10cm"},"modified":"2025-12-19T08:53:02","modified_gmt":"2025-12-19T07:53:02","slug":"papierbindestreifen-gruen-0-45mm-10cm","status":"publish","type":"product","link":"https:\/\/www.fleurop-home.ch\/de-ch\/p\/papierbindestreifen-gruen-0-45mm-10cm","title":{"rendered":"Papierbindestreifen &#8218;gr\u00fcn&#8216; 0.45mm 10cm"},"content":{"rendered":"<p>Papierbindestreifen gr\u00fcn 0.45 mm<\/p>\n<p>Verwendungszweck:<br \/>\nZum B\u00fcndeln, Befestigen und Dekorieren in der Floristik. Ideal zum schnellen Fixieren von Blumen, Zweigen oder Dekoelementen.<\/p>\n<p>Produkteigenschaften + Vorteile:<br \/>\n&#8211; stabile Drahtmitte mit gr\u00fcnem Papier umwickelt<br \/>\n&#8211; leicht zu formen und zu verarbeiten<br \/>\n&#8211; unauff\u00e4llige gr\u00fcne Farbe f\u00fcr nat\u00fcrliche Optik<br \/>\n&#8211; vielseitig einsetzbar f\u00fcr floristische Arbeiten, Dekorationen und Geschenkverpackungen<br \/>\n&#8211; Durchmesser: 0.45 mm<\/p>\n","protected":false},"excerpt":{"rendered":"<p>Zum B\u00fcndeln, Befestigen und Dekorieren in der Floristik. Ideal zum schnellen Fixieren von Blumen, Zweigen oder Dekoelementen.<\/p>\n","protected":false},"featured_media":65647,"template":"","meta":[],"product_brand":[],"product_cat":[29,23,1178,1194,909,911],"product_tag":[289],"woo-feed-brand":[],"class_list":{"0":"post-65582","1":"product","2":"type-product","3":"status-publish","4":"has-post-thumbnail","6":"product_cat-do-it-yourself","7":"product_cat-home-living","8":"product_cat-diy","9":"product_cat-diy-helfer","10":"product_cat-weihnachten","11":"product_cat-accessoires","12":"product_tag-blumengarten-kung-ag","14":"first","15":"instock","16":"taxable","17":"shipping-taxable","18":"purchasable","19":"product-type-simple"},"_links":{"self":[{"href":"https:\/\/www.fleurop-home.ch\/de-ch\/wp-json\/wp\/v2\/product\/65582","targetHints":{"allow":["GET"]}}],"collection":[{"href":"https:\/\/www.fleurop-home.ch\/de-ch\/wp-json\/wp\/v2\/product"}],"about":[{"href":"https:\/\/www.fleurop-home.ch\/de-ch\/wp-json\/wp\/v2\/types\/product"}],"wp:featuredmedia":[{"embeddable":true,"href":"https:\/\/www.fleurop-home.ch\/de-ch\/wp-json\/wp\/v2\/media\/65647"}],"wp:attachment":[{"href":"https:\/\/www.fleurop-home.ch\/de-ch\/wp-json\/wp\/v2\/media?parent=65582"}],"wp:term":[{"taxonomy":"product_brand","embeddable":true,"href":"https:\/\/www.fleurop-home.ch\/de-ch\/wp-json\/wp\/v2\/product_brand?post=65582"},{"taxonomy":"product_cat","embeddable":true,"href":"https:\/\/www.fleurop-home.ch\/de-ch\/wp-json\/wp\/v2\/product_cat?post=65582"},{"taxonomy":"product_tag","embeddable":true,"href":"https:\/\/www.fleurop-home.ch\/de-ch\/wp-json\/wp\/v2\/product_tag?post=65582"},{"taxonomy":"woo-feed-brand","embeddable":true,"href":"https:\/\/www.fleurop-home.ch\/de-ch\/wp-json\/wp\/v2\/woo-feed-brand?post=65582"}],"curies":[{"name":"wp","href":"https:\/\/api.w.org\/{rel}","templated":true}]}}