{"id":65580,"date":"2025-10-13T22:06:31","date_gmt":"2025-10-13T20:06:31","guid":{"rendered":"https:\/\/www.fleurop-home.ch\/de-ch\/p\/kerzenhalter-gruen-5-stueck"},"modified":"2025-12-19T08:52:43","modified_gmt":"2025-12-19T07:52:43","slug":"kerzenhalter-gruen-5-stueck","status":"publish","type":"product","link":"https:\/\/www.fleurop-home.ch\/de-ch\/p\/kerzenhalter-gruen-5-stueck","title":{"rendered":"Kerzenhalter &#8218;gr\u00fcn&#8216; 5 St\u00fcck"},"content":{"rendered":"<p>Kerzenhalter gr\u00fcn f\u00fcr Stabkerzen \u00d8 22 mm<\/p>\n<p>Verwendungszweck:<br \/>\nStabiler Kerzenhalter zur sicheren Befestigung von Stabkerzen in Steckmasse. Ideal f\u00fcr floristische Gestecke, Advents- und Tischdekorationen.<\/p>\n<p>Produkteigenschaften &amp; Vorteile:<br \/>\n&#8211; passend f\u00fcr Stabkerzen mit \u00d8 22 mm<br \/>\n&#8211; einfach in Steckmasse einzustecken<br \/>\n&#8211; bietet sehr guten Halt f\u00fcr Kerzen<br \/>\n&#8211; aus robustem Kunststoff gefertigt<br \/>\n&#8211; mehrfach verwendbar und auswechselbar<br \/>\n&#8211; unauff\u00e4llige gr\u00fcne Farbe \u2013 harmonisch in floralen Arrangements<\/p>\n","protected":false},"excerpt":{"rendered":"<p>Ideal f\u00fcr floristische Gestecke, Advents- und Tischdekorationen.<\/p>\n","protected":false},"featured_media":65644,"template":"","meta":[],"product_brand":[],"product_cat":[29,23,1178,1194,909,911],"product_tag":[289],"woo-feed-brand":[],"class_list":{"0":"post-65580","1":"product","2":"type-product","3":"status-publish","4":"has-post-thumbnail","6":"product_cat-do-it-yourself","7":"product_cat-home-living","8":"product_cat-diy","9":"product_cat-diy-helfer","10":"product_cat-weihnachten","11":"product_cat-accessoires","12":"product_tag-blumengarten-kung-ag","14":"first","15":"instock","16":"taxable","17":"shipping-taxable","18":"purchasable","19":"product-type-simple"},"_links":{"self":[{"href":"https:\/\/www.fleurop-home.ch\/de-ch\/wp-json\/wp\/v2\/product\/65580","targetHints":{"allow":["GET"]}}],"collection":[{"href":"https:\/\/www.fleurop-home.ch\/de-ch\/wp-json\/wp\/v2\/product"}],"about":[{"href":"https:\/\/www.fleurop-home.ch\/de-ch\/wp-json\/wp\/v2\/types\/product"}],"wp:featuredmedia":[{"embeddable":true,"href":"https:\/\/www.fleurop-home.ch\/de-ch\/wp-json\/wp\/v2\/media\/65644"}],"wp:attachment":[{"href":"https:\/\/www.fleurop-home.ch\/de-ch\/wp-json\/wp\/v2\/media?parent=65580"}],"wp:term":[{"taxonomy":"product_brand","embeddable":true,"href":"https:\/\/www.fleurop-home.ch\/de-ch\/wp-json\/wp\/v2\/product_brand?post=65580"},{"taxonomy":"product_cat","embeddable":true,"href":"https:\/\/www.fleurop-home.ch\/de-ch\/wp-json\/wp\/v2\/product_cat?post=65580"},{"taxonomy":"product_tag","embeddable":true,"href":"https:\/\/www.fleurop-home.ch\/de-ch\/wp-json\/wp\/v2\/product_tag?post=65580"},{"taxonomy":"woo-feed-brand","embeddable":true,"href":"https:\/\/www.fleurop-home.ch\/de-ch\/wp-json\/wp\/v2\/woo-feed-brand?post=65580"}],"curies":[{"name":"wp","href":"https:\/\/api.w.org\/{rel}","templated":true}]}}