{"id":65413,"date":"2025-10-13T16:03:45","date_gmt":"2025-10-13T14:03:45","guid":{"rendered":"https:\/\/www.fleurop-home.ch\/de-ch\/p\/gestrickter-fuchs-braun"},"modified":"2026-01-05T14:03:09","modified_gmt":"2026-01-05T13:03:09","slug":"gestrickter-fuchs-braun","status":"publish","type":"product","link":"https:\/\/www.fleurop-home.ch\/de-ch\/p\/gestrickter-fuchs-braun","title":{"rendered":"Gestrickter Fuchs, braun"},"content":{"rendered":"<p>Dieser s\u00fcsse Fuchs aus gestrickter Baumwolle l\u00e4sst Kinderherzen h\u00f6her schlagen und macht sich in jedem Kinderzimmer tierisch gut.<\/p>\n<p>\u2022 100% Baumwolle<br \/>\n\u2022 Genderneutral und ideal f\u00fcr Babys von 0-1 Jahre<br \/>\n\u2022 In liebevoller Handarbeit gestrickt<br \/>\n\u2022 Breite 9.5 cm, H\u00f6he 34.5 cm, L\u00e4nge 14 cm<\/p>\n","protected":false},"excerpt":{"rendered":"<p>Stofftier Fuchs aus gestrickter Baumwolle<\/p>\n","protected":false},"featured_media":65412,"template":"","meta":[],"product_brand":[],"product_cat":[62,909,916,59,939],"product_tag":[324],"woo-feed-brand":[],"class_list":{"0":"post-65413","1":"product","2":"type-product","3":"status-publish","4":"has-post-thumbnail","6":"product_cat-spielzeug","7":"product_cat-weihnachten","8":"product_cat-praesente","9":"product_cat-kids","10":"product_cat-kindergeschenke","11":"product_tag-marein-ag","13":"first","14":"instock","15":"taxable","16":"shipping-taxable","17":"purchasable","18":"product-type-simple"},"_links":{"self":[{"href":"https:\/\/www.fleurop-home.ch\/de-ch\/wp-json\/wp\/v2\/product\/65413","targetHints":{"allow":["GET"]}}],"collection":[{"href":"https:\/\/www.fleurop-home.ch\/de-ch\/wp-json\/wp\/v2\/product"}],"about":[{"href":"https:\/\/www.fleurop-home.ch\/de-ch\/wp-json\/wp\/v2\/types\/product"}],"wp:featuredmedia":[{"embeddable":true,"href":"https:\/\/www.fleurop-home.ch\/de-ch\/wp-json\/wp\/v2\/media\/65412"}],"wp:attachment":[{"href":"https:\/\/www.fleurop-home.ch\/de-ch\/wp-json\/wp\/v2\/media?parent=65413"}],"wp:term":[{"taxonomy":"product_brand","embeddable":true,"href":"https:\/\/www.fleurop-home.ch\/de-ch\/wp-json\/wp\/v2\/product_brand?post=65413"},{"taxonomy":"product_cat","embeddable":true,"href":"https:\/\/www.fleurop-home.ch\/de-ch\/wp-json\/wp\/v2\/product_cat?post=65413"},{"taxonomy":"product_tag","embeddable":true,"href":"https:\/\/www.fleurop-home.ch\/de-ch\/wp-json\/wp\/v2\/product_tag?post=65413"},{"taxonomy":"woo-feed-brand","embeddable":true,"href":"https:\/\/www.fleurop-home.ch\/de-ch\/wp-json\/wp\/v2\/woo-feed-brand?post=65413"}],"curies":[{"name":"wp","href":"https:\/\/api.w.org\/{rel}","templated":true}]}}