{"id":65410,"date":"2025-10-13T16:03:35","date_gmt":"2025-10-13T14:03:35","guid":{"rendered":"https:\/\/www.fleurop-home.ch\/de-ch\/p\/gestricktes-ferkel"},"modified":"2026-01-05T14:03:09","modified_gmt":"2026-01-05T13:03:09","slug":"gestricktes-ferkel","status":"publish","type":"product","link":"https:\/\/www.fleurop-home.ch\/de-ch\/p\/gestricktes-ferkel","title":{"rendered":"Gestricktes Ferkel"},"content":{"rendered":"<p>Dieses s\u00fcsse Ferkel aus gestrickter Baumwolle l\u00e4sst Kinderherzen h\u00f6her schlagen und macht sich in jedem Kinderzimmer tierisch gut.<\/p>\n<p>\u2022 100% Baumwolle<br \/>\n\u2022 Genderneutral und ideal f\u00fcr Babys von 0-1 Jahre<br \/>\n\u2022 100% Baumwolle<br \/>\n\u2022 in liebevoller Handarbeit gestrickt<br \/>\n\u2022 Breite 16 cm, H\u00f6he 7.8 cm, L\u00e4nge 25 cm<\/p>\n","protected":false},"excerpt":{"rendered":"<p>Stofftier Ferkel aus gestrickter Baumwolle<\/p>\n","protected":false},"featured_media":65409,"template":"","meta":[],"product_brand":[],"product_cat":[62,59],"product_tag":[324],"woo-feed-brand":[],"class_list":{"0":"post-65410","1":"product","2":"type-product","3":"status-publish","4":"has-post-thumbnail","6":"product_cat-spielzeug","7":"product_cat-kids","8":"product_tag-marein-ag","10":"first","11":"instock","12":"taxable","13":"shipping-taxable","14":"purchasable","15":"product-type-simple"},"_links":{"self":[{"href":"https:\/\/www.fleurop-home.ch\/de-ch\/wp-json\/wp\/v2\/product\/65410","targetHints":{"allow":["GET"]}}],"collection":[{"href":"https:\/\/www.fleurop-home.ch\/de-ch\/wp-json\/wp\/v2\/product"}],"about":[{"href":"https:\/\/www.fleurop-home.ch\/de-ch\/wp-json\/wp\/v2\/types\/product"}],"wp:featuredmedia":[{"embeddable":true,"href":"https:\/\/www.fleurop-home.ch\/de-ch\/wp-json\/wp\/v2\/media\/65409"}],"wp:attachment":[{"href":"https:\/\/www.fleurop-home.ch\/de-ch\/wp-json\/wp\/v2\/media?parent=65410"}],"wp:term":[{"taxonomy":"product_brand","embeddable":true,"href":"https:\/\/www.fleurop-home.ch\/de-ch\/wp-json\/wp\/v2\/product_brand?post=65410"},{"taxonomy":"product_cat","embeddable":true,"href":"https:\/\/www.fleurop-home.ch\/de-ch\/wp-json\/wp\/v2\/product_cat?post=65410"},{"taxonomy":"product_tag","embeddable":true,"href":"https:\/\/www.fleurop-home.ch\/de-ch\/wp-json\/wp\/v2\/product_tag?post=65410"},{"taxonomy":"woo-feed-brand","embeddable":true,"href":"https:\/\/www.fleurop-home.ch\/de-ch\/wp-json\/wp\/v2\/woo-feed-brand?post=65410"}],"curies":[{"name":"wp","href":"https:\/\/api.w.org\/{rel}","templated":true}]}}