{"id":65364,"date":"2025-10-13T16:00:39","date_gmt":"2025-10-13T14:00:39","guid":{"rendered":"https:\/\/www.fleurop-home.ch\/de-ch\/p\/baby-beissring-holzente-taupe"},"modified":"2026-01-05T14:03:11","modified_gmt":"2026-01-05T13:03:11","slug":"baby-beissring-holzente-taupe","status":"publish","type":"product","link":"https:\/\/www.fleurop-home.ch\/de-ch\/p\/baby-beissring-holzente-taupe","title":{"rendered":"Baby Beissring, Holzente, taupe"},"content":{"rendered":"<p>Dieses Spielzeug ist super f\u00fcr kleine Krabbler. Die Kinder k\u00f6nnen damit auf dem Boden rumfahren und das Entchen mitwatscheln lassen. Diese Ente ist der perfekte Begleiter in der Zahnwachstumsphase von Babys und Kleinkindern. Die angenehm harte und glatte Buchenholz Oberfl\u00e4che sorgt f\u00fcr einen festen Griff und Biss, w\u00e4hrend der Silikonball eine weichere Alternative f\u00fcr wundes Zahnfleisch beim Zahnen bietet.<br \/>\nBehutsam hergestellt aus FSC zertifiziertem Holz und BPA freiem und lebensmittelechte Silikon. SGS und FDA zugelassen, sodass Kinder und Babys gefahrenloses Spielen garantiert ist.<\/p>\n<p>\u2022 S\u00fcsse Holzente zum Spielen und Beissen<br \/>\n\u2022 Mit fahrenden R\u00e4ndern, damit die Ente spielerisch Rumwatscheln kann<br \/>\n\u2022 Aus FSC zertifiziertem und glatt verarbeitetem Buchen Holz, welches wundem und zahnendem Zahnfleisch eine angenehm harte Oberfl\u00e4che bietet<br \/>\n\u2022 Das weiche, BPA freie und lebensmittelechte Silikon bietet eine sanftere Kauoberfl\u00e4che<br \/>\n\u2022 Ideale Gr\u00f6sse f\u00fcr den Griff kleiner Kinderh\u00e4nde<br \/>\n\u2022 L 9.5 cm x B 1.5 cm x H 8 cm<\/p>\n","protected":false},"excerpt":{"rendered":"<p>Holzente Beisspielzeug auf R\u00e4dern aus Buchenholz und Silikon, 9.5 cm<\/p>\n","protected":false},"featured_media":65363,"template":"","meta":[],"product_brand":[],"product_cat":[62,59],"product_tag":[324],"woo-feed-brand":[],"class_list":{"0":"post-65364","1":"product","2":"type-product","3":"status-publish","4":"has-post-thumbnail","6":"product_cat-spielzeug","7":"product_cat-kids","8":"product_tag-marein-ag","10":"first","11":"instock","12":"taxable","13":"shipping-taxable","14":"purchasable","15":"product-type-simple"},"_links":{"self":[{"href":"https:\/\/www.fleurop-home.ch\/de-ch\/wp-json\/wp\/v2\/product\/65364","targetHints":{"allow":["GET"]}}],"collection":[{"href":"https:\/\/www.fleurop-home.ch\/de-ch\/wp-json\/wp\/v2\/product"}],"about":[{"href":"https:\/\/www.fleurop-home.ch\/de-ch\/wp-json\/wp\/v2\/types\/product"}],"wp:featuredmedia":[{"embeddable":true,"href":"https:\/\/www.fleurop-home.ch\/de-ch\/wp-json\/wp\/v2\/media\/65363"}],"wp:attachment":[{"href":"https:\/\/www.fleurop-home.ch\/de-ch\/wp-json\/wp\/v2\/media?parent=65364"}],"wp:term":[{"taxonomy":"product_brand","embeddable":true,"href":"https:\/\/www.fleurop-home.ch\/de-ch\/wp-json\/wp\/v2\/product_brand?post=65364"},{"taxonomy":"product_cat","embeddable":true,"href":"https:\/\/www.fleurop-home.ch\/de-ch\/wp-json\/wp\/v2\/product_cat?post=65364"},{"taxonomy":"product_tag","embeddable":true,"href":"https:\/\/www.fleurop-home.ch\/de-ch\/wp-json\/wp\/v2\/product_tag?post=65364"},{"taxonomy":"woo-feed-brand","embeddable":true,"href":"https:\/\/www.fleurop-home.ch\/de-ch\/wp-json\/wp\/v2\/woo-feed-brand?post=65364"}],"curies":[{"name":"wp","href":"https:\/\/api.w.org\/{rel}","templated":true}]}}