{"id":65326,"date":"2025-10-13T15:58:25","date_gmt":"2025-10-13T13:58:25","guid":{"rendered":"https:\/\/www.fleurop-home.ch\/de-ch\/p\/silikon-stapelturm-autumn-forest"},"modified":"2026-01-05T14:03:13","modified_gmt":"2026-01-05T13:03:13","slug":"silikon-stapelturm-autumn-forest","status":"publish","type":"product","link":"https:\/\/www.fleurop-home.ch\/de-ch\/p\/silikon-stapelturm-autumn-forest","title":{"rendered":"Silikon Stapelturm, Autumn Forest"},"content":{"rendered":"<p>Dieser coole Stapel-Turm ist perfekt f\u00fcr kleine Kinderh\u00e4nde, die spielerisch Greifen und Zusammenbauen erlernen und unterst\u00fctzt die Entwicklung der Hand-Augen Koordination. Behutsam hergestellt aus BPA freiem und lebensmittelechte Silikon, was es gleichzeitig zu einem idealen Beissspielzeug macht und wundes Zahnfleisch beim Zahnen angenehm beruhigt. Das leichte und dennoch robuste Silikon richtet beim Herunterfallen oder Spielen keine Sch\u00e4den oder L\u00e4rm an \u2013 perfekt wenn die Kleinen um sich werfen.<br \/>\nSGS und FDA zugelassen, sodass Kinder und Babys gefahrenloses Spielen garantiert ist.<\/p>\n<p>\u2022 Cooler Stapelturm zur F\u00f6rderung der Hand-Augen Koordination von Babys und Kleinkindern<br \/>\n\u2022 Ab 6 Monaten<br \/>\n\u2022 Ideale Gr\u00f6sse f\u00fcr den Griff kleiner Kinder- und Babyh\u00e4nde<br \/>\n\u2022 F\u00f6rdert die Entwicklung der Hand-Augen Koordination<br \/>\n\u2022 L\u00e4sst sich kinderleicht auseinander- und zusammenstecken<br \/>\n\u2022 Aus angenehm weichem Silikon, schont und unterst\u00fctzt zahnendes Kinder Zahnfleisch beim Kauen<br \/>\n\u2022 Zertifiziertes, BPA Freies- und Lebensmittelechtes Silikon, SGS &amp; FDA zugelassen<br \/>\n\u2022 Sp\u00fclmaschinenfest<br \/>\n\u2022 H 12.5 cm x B 8 cm<\/p>\n","protected":false},"excerpt":{"rendered":"<p>Bunter Stapelturm aus Silikon, \u00d8 8 cm f\u00fcr Babys und Kinder ab 6 Monaten<\/p>\n","protected":false},"featured_media":65325,"template":"","meta":[],"product_brand":[],"product_cat":[62,59],"product_tag":[324],"woo-feed-brand":[],"class_list":{"0":"post-65326","1":"product","2":"type-product","3":"status-publish","4":"has-post-thumbnail","6":"product_cat-spielzeug","7":"product_cat-kids","8":"product_tag-marein-ag","10":"first","11":"instock","12":"taxable","13":"shipping-taxable","14":"purchasable","15":"product-type-simple"},"_links":{"self":[{"href":"https:\/\/www.fleurop-home.ch\/de-ch\/wp-json\/wp\/v2\/product\/65326","targetHints":{"allow":["GET"]}}],"collection":[{"href":"https:\/\/www.fleurop-home.ch\/de-ch\/wp-json\/wp\/v2\/product"}],"about":[{"href":"https:\/\/www.fleurop-home.ch\/de-ch\/wp-json\/wp\/v2\/types\/product"}],"wp:featuredmedia":[{"embeddable":true,"href":"https:\/\/www.fleurop-home.ch\/de-ch\/wp-json\/wp\/v2\/media\/65325"}],"wp:attachment":[{"href":"https:\/\/www.fleurop-home.ch\/de-ch\/wp-json\/wp\/v2\/media?parent=65326"}],"wp:term":[{"taxonomy":"product_brand","embeddable":true,"href":"https:\/\/www.fleurop-home.ch\/de-ch\/wp-json\/wp\/v2\/product_brand?post=65326"},{"taxonomy":"product_cat","embeddable":true,"href":"https:\/\/www.fleurop-home.ch\/de-ch\/wp-json\/wp\/v2\/product_cat?post=65326"},{"taxonomy":"product_tag","embeddable":true,"href":"https:\/\/www.fleurop-home.ch\/de-ch\/wp-json\/wp\/v2\/product_tag?post=65326"},{"taxonomy":"woo-feed-brand","embeddable":true,"href":"https:\/\/www.fleurop-home.ch\/de-ch\/wp-json\/wp\/v2\/woo-feed-brand?post=65326"}],"curies":[{"name":"wp","href":"https:\/\/api.w.org\/{rel}","templated":true}]}}