{"id":65296,"date":"2025-10-13T15:57:30","date_gmt":"2025-10-13T13:57:30","guid":{"rendered":"https:\/\/www.fleurop-home.ch\/de-ch\/p\/positive-plant-gehaekelter-mini-gluecksbringer-plueschtier"},"modified":"2026-04-15T16:47:46","modified_gmt":"2026-04-15T14:47:46","slug":"positive-plant-gehaekelter-mini-gluecksbringer-plueschtier","status":"publish","type":"product","link":"https:\/\/www.fleurop-home.ch\/de-ch\/p\/positive-plant-gehaekelter-mini-gluecksbringer-plueschtier","title":{"rendered":"Positive Plant Geh\u00e4kelter Mini Gl\u00fccksbringer Pl\u00fcschtier"},"content":{"rendered":"<p>Du suchst nach einem originellen Geschenk?<\/p>\n<p>Dann bestelle dir noch heute diese niedliche Positive Plant! Das geh\u00e4kelte Pl\u00fcschtier ist ideal als Geschenk, Aufmunterung oder Gl\u00fccksbringer geeignet. Stelle den Blumentopf mit Herz auf deinen Schreibtisch, deinen Nachttisch oder nehme ihn mit zu wichtigen Pr\u00fcfungen. Schenke das Mini Kuscheltier einem Menschen, der dir wichtig ist und zaubere ihm ein L\u00e4cheln ins Gesicht!<\/p>\n<p>Geh\u00e4kelte Mini Pflanze<br \/>\n\u2022 Farbe: Braun\/Gr\u00fcn\/Rot<br \/>\n\u2022 Motiv: Herz Blumentopf<br \/>\n\u2022 Material: Milch Baumwollgarn\/Kunststoff\/Papier<br \/>\n\u2022 Gr\u00f6sse: ca. 14 x 6 cm<br \/>\n\u2022 Gewicht: ca. 25 g<\/p>\n","protected":false},"excerpt":{"rendered":"<p>Positive Plant, Geh\u00e4keltes Mini Pl\u00fcschtier \/ Gl\u00fccksbringer, 14 x 6cm<\/p>\n","protected":false},"featured_media":76836,"template":"","meta":[],"product_brand":[],"product_cat":[1112,1023,797,1018,1026,52,53,1248],"product_tag":[324],"woo-feed-brand":[],"class_list":{"0":"post-65296","1":"product","2":"type-product","3":"status-publish","4":"has-post-thumbnail","6":"product_cat-positive-potatoes","7":"product_cat-fuer-mama","8":"product_cat-muttertag","9":"product_cat-ostern","10":"product_cat-osternest","11":"product_cat-geschenke","12":"product_cat-geschenksets","13":"product_cat-kleinigkeiten","14":"product_tag-marein-ag","16":"first","17":"instock","18":"featured","19":"taxable","20":"shipping-taxable","21":"purchasable","22":"product-type-simple"},"_links":{"self":[{"href":"https:\/\/www.fleurop-home.ch\/de-ch\/wp-json\/wp\/v2\/product\/65296","targetHints":{"allow":["GET"]}}],"collection":[{"href":"https:\/\/www.fleurop-home.ch\/de-ch\/wp-json\/wp\/v2\/product"}],"about":[{"href":"https:\/\/www.fleurop-home.ch\/de-ch\/wp-json\/wp\/v2\/types\/product"}],"wp:featuredmedia":[{"embeddable":true,"href":"https:\/\/www.fleurop-home.ch\/de-ch\/wp-json\/wp\/v2\/media\/76836"}],"wp:attachment":[{"href":"https:\/\/www.fleurop-home.ch\/de-ch\/wp-json\/wp\/v2\/media?parent=65296"}],"wp:term":[{"taxonomy":"product_brand","embeddable":true,"href":"https:\/\/www.fleurop-home.ch\/de-ch\/wp-json\/wp\/v2\/product_brand?post=65296"},{"taxonomy":"product_cat","embeddable":true,"href":"https:\/\/www.fleurop-home.ch\/de-ch\/wp-json\/wp\/v2\/product_cat?post=65296"},{"taxonomy":"product_tag","embeddable":true,"href":"https:\/\/www.fleurop-home.ch\/de-ch\/wp-json\/wp\/v2\/product_tag?post=65296"},{"taxonomy":"woo-feed-brand","embeddable":true,"href":"https:\/\/www.fleurop-home.ch\/de-ch\/wp-json\/wp\/v2\/woo-feed-brand?post=65296"}],"curies":[{"name":"wp","href":"https:\/\/api.w.org\/{rel}","templated":true}]}}