{"id":65282,"date":"2025-10-13T15:57:01","date_gmt":"2025-10-13T13:57:01","guid":{"rendered":"https:\/\/www.fleurop-home.ch\/de-ch\/p\/60-tlg-set-magnet-bausteine-kinder-spielzeug-magnetische-fliesen-le"},"modified":"2026-01-05T14:03:15","modified_gmt":"2026-01-05T13:03:15","slug":"magnet-bausteine-fliesen-lernspiel","status":"publish","type":"product","link":"https:\/\/www.fleurop-home.ch\/de-ch\/p\/magnet-bausteine-fliesen-lernspiel","title":{"rendered":"Magnet Bausteine &#8211; Fliesen Lernspiel"},"content":{"rendered":"<p>Bestelle diese Magnet Bausteine im 60-teiligen Set und f\u00f6rdere die Motorik sowie Kreativit\u00e4t Deiner Kinder. Die bunten, magnetischen Fliesen garantieren einen hohen Spassfaktor beim Erstellen von Schl\u00f6ssern, H\u00e4usern oder Figuren. Zudem eignet sich das Spielzeug auch als ideale Geschenkidee an Geburtstagen, Weihnachten oder Ostern.<\/p>\n<p>\u2022 Bunte Kunststoff Fliesen im 60-tlg. Set<br \/>\n\u2022 F\u00f6rdert Motorik und Geschicklichkeit<br \/>\n\u2022 Lern Spielzeug f\u00fcr Kinder ab 3 Jahren<br \/>\n\u2022 Zum Bauen von H\u00e4usern, Figuren etc.<br \/>\n\u2022 Ideal als Geschenkidee f\u00fcr Geburtstage<br \/>\n\u2022 Magnet Bausteine zum zusammensetzen<br \/>\n\u2022 Farbe: Assortiert<br \/>\n\u2022 Material: Kunststoff<br \/>\n\u2022 Gr\u00f6sse: ca. 7 \u2013 13 cm<br \/>\n\u2022 Gewicht: ca. 1.6 kg<\/p>\n","protected":false},"excerpt":{"rendered":"<p>(60-tlg. Set) Magnet Bausteine Kinder Spielzeug Magnetische Fliesen Lernspiel<\/p>\n","protected":false},"featured_media":65969,"template":"","meta":[],"product_brand":[],"product_cat":[62,1020,1018,909,916,59],"product_tag":[324],"woo-feed-brand":[],"class_list":{"0":"post-65282","1":"product","2":"type-product","3":"status-publish","4":"has-post-thumbnail","6":"product_cat-spielzeug","7":"product_cat-ostergeschenke","8":"product_cat-ostern","9":"product_cat-weihnachten","10":"product_cat-praesente","11":"product_cat-kids","12":"product_tag-marein-ag","14":"first","15":"instock","16":"taxable","17":"shipping-taxable","18":"purchasable","19":"product-type-simple"},"_links":{"self":[{"href":"https:\/\/www.fleurop-home.ch\/de-ch\/wp-json\/wp\/v2\/product\/65282","targetHints":{"allow":["GET"]}}],"collection":[{"href":"https:\/\/www.fleurop-home.ch\/de-ch\/wp-json\/wp\/v2\/product"}],"about":[{"href":"https:\/\/www.fleurop-home.ch\/de-ch\/wp-json\/wp\/v2\/types\/product"}],"wp:featuredmedia":[{"embeddable":true,"href":"https:\/\/www.fleurop-home.ch\/de-ch\/wp-json\/wp\/v2\/media\/65969"}],"wp:attachment":[{"href":"https:\/\/www.fleurop-home.ch\/de-ch\/wp-json\/wp\/v2\/media?parent=65282"}],"wp:term":[{"taxonomy":"product_brand","embeddable":true,"href":"https:\/\/www.fleurop-home.ch\/de-ch\/wp-json\/wp\/v2\/product_brand?post=65282"},{"taxonomy":"product_cat","embeddable":true,"href":"https:\/\/www.fleurop-home.ch\/de-ch\/wp-json\/wp\/v2\/product_cat?post=65282"},{"taxonomy":"product_tag","embeddable":true,"href":"https:\/\/www.fleurop-home.ch\/de-ch\/wp-json\/wp\/v2\/product_tag?post=65282"},{"taxonomy":"woo-feed-brand","embeddable":true,"href":"https:\/\/www.fleurop-home.ch\/de-ch\/wp-json\/wp\/v2\/woo-feed-brand?post=65282"}],"curies":[{"name":"wp","href":"https:\/\/api.w.org\/{rel}","templated":true}]}}