{"id":65273,"date":"2025-10-13T15:56:46","date_gmt":"2025-10-13T13:56:46","guid":{"rendered":"https:\/\/www.fleurop-home.ch\/de-ch\/p\/kinderteeset-aus-silikon-sienna"},"modified":"2026-01-05T14:03:15","modified_gmt":"2026-01-05T13:03:15","slug":"kinderteeset-aus-silikon-sienna","status":"publish","type":"product","link":"https:\/\/www.fleurop-home.ch\/de-ch\/p\/kinderteeset-aus-silikon-sienna","title":{"rendered":"Kinderteeset aus Silikon, Sienna"},"content":{"rendered":"<p>Mit unserem Kindertee Set in Sienna\/Beige wird Teatime zu einem unvergesslichen Erlebnis f\u00fcr deine Kleinen. Dieses Spielzeugset beinhaltet 2 Tassen mit Untersetzer und L\u00f6ffel, 1 Kessel und 1 Zuckerdose, alles aus sicheren und sp\u00fclmaschinenfesten Silikonmaterialien. Deine Kinder werden ihre Kreativit\u00e4t entfalten und soziale F\u00e4higkeiten entwickeln, w\u00e4hrend sie sich Teezeitgeschichten ausdenken. Dieses Geschenk in ansprechender Verpackung f\u00f6rdert spielerisch das Lernen und die soziale Interaktion.<\/p>\n<p>\u2022 Spielerisches Teekomplettset: 2 x Tassen mit Untersetzer und L\u00f6ffeli, 1 x Kessel und 1 x Zuckerdose<br \/>\n\u2022 Sp\u00fclmaschinenfest<br \/>\n\u2022 F\u00f6rdert Kreativt\u00e4t und Soziale F\u00e4higkeiten der Kinder<br \/>\n\u2022 Ideales Geschenk dank sch\u00f6ner Verpackung<br \/>\n\u2022 Zertifiziertes, BPA Freies- und Lebensmittelechtes Silikon, SGS &amp; FDA zugelassen<\/p>\n","protected":false},"excerpt":{"rendered":"<p>Kindertee Set f\u00fcr Kinder, aus Silikon in Sienna\/Beige, mit Tassen, Kessel und Zuckerdose<\/p>\n","protected":false},"featured_media":65272,"template":"","meta":[],"product_brand":[],"product_cat":[62,59],"product_tag":[324],"woo-feed-brand":[],"class_list":{"0":"post-65273","1":"product","2":"type-product","3":"status-publish","4":"has-post-thumbnail","6":"product_cat-spielzeug","7":"product_cat-kids","8":"product_tag-marein-ag","10":"first","11":"instock","12":"taxable","13":"shipping-taxable","14":"purchasable","15":"product-type-simple"},"_links":{"self":[{"href":"https:\/\/www.fleurop-home.ch\/de-ch\/wp-json\/wp\/v2\/product\/65273","targetHints":{"allow":["GET"]}}],"collection":[{"href":"https:\/\/www.fleurop-home.ch\/de-ch\/wp-json\/wp\/v2\/product"}],"about":[{"href":"https:\/\/www.fleurop-home.ch\/de-ch\/wp-json\/wp\/v2\/types\/product"}],"wp:featuredmedia":[{"embeddable":true,"href":"https:\/\/www.fleurop-home.ch\/de-ch\/wp-json\/wp\/v2\/media\/65272"}],"wp:attachment":[{"href":"https:\/\/www.fleurop-home.ch\/de-ch\/wp-json\/wp\/v2\/media?parent=65273"}],"wp:term":[{"taxonomy":"product_brand","embeddable":true,"href":"https:\/\/www.fleurop-home.ch\/de-ch\/wp-json\/wp\/v2\/product_brand?post=65273"},{"taxonomy":"product_cat","embeddable":true,"href":"https:\/\/www.fleurop-home.ch\/de-ch\/wp-json\/wp\/v2\/product_cat?post=65273"},{"taxonomy":"product_tag","embeddable":true,"href":"https:\/\/www.fleurop-home.ch\/de-ch\/wp-json\/wp\/v2\/product_tag?post=65273"},{"taxonomy":"woo-feed-brand","embeddable":true,"href":"https:\/\/www.fleurop-home.ch\/de-ch\/wp-json\/wp\/v2\/woo-feed-brand?post=65273"}],"curies":[{"name":"wp","href":"https:\/\/api.w.org\/{rel}","templated":true}]}}