{"id":65263,"date":"2025-10-13T15:56:27","date_gmt":"2025-10-13T13:56:27","guid":{"rendered":"https:\/\/www.fleurop-home.ch\/de-ch\/p\/kids-tuerhaenger-baer"},"modified":"2026-04-22T09:59:46","modified_gmt":"2026-04-22T07:59:46","slug":"kids-tuerhaenger-baer","status":"publish","type":"product","link":"https:\/\/www.fleurop-home.ch\/de-ch\/p\/kids-tuerhaenger-baer","title":{"rendered":"Kids, T\u00fcrh\u00e4nger, B\u00e4r"},"content":{"rendered":"<p>Dieser Kinder T\u00fcrh\u00e4nger mit B\u00e4renmotiv l\u00e4dt mit seiner Aufschrift \u201cWelcome\u201d ins Kinderzimmer ein.<\/p>\n<p>\u2022 Beidseitiger Aufdruck<br \/>\n\u2022 Eignet sich f\u00fcr jeden T\u00fcrgriff<br \/>\n\u2022 Hat eine H\u00f6he von 24 cm, L\u00e4nge von 9 cm und Dicke von 0.5 cm<\/p>\n","protected":false},"excerpt":{"rendered":"<p>Kinder T\u00fcrh\u00e4nger mit B\u00e4renmotiv und \u201cWelcome\u201d Schriftzug, H 24 cm x L 9 cm<\/p>\n","protected":false},"featured_media":65262,"template":"","meta":[],"product_brand":[],"product_cat":[64,1263,1269,59],"product_tag":[324],"woo-feed-brand":[],"class_list":{"0":"post-65263","1":"product","2":"type-product","3":"status-publish","4":"has-post-thumbnail","6":"product_cat-kinderzimmer-deko","7":"product_cat-fleuropkids","8":"product_cat-kinderzimmer-deko-fleuropkids","9":"product_cat-kids","10":"product_tag-marein-ag","12":"first","13":"instock","14":"taxable","15":"shipping-taxable","16":"purchasable","17":"product-type-simple"},"_links":{"self":[{"href":"https:\/\/www.fleurop-home.ch\/de-ch\/wp-json\/wp\/v2\/product\/65263","targetHints":{"allow":["GET"]}}],"collection":[{"href":"https:\/\/www.fleurop-home.ch\/de-ch\/wp-json\/wp\/v2\/product"}],"about":[{"href":"https:\/\/www.fleurop-home.ch\/de-ch\/wp-json\/wp\/v2\/types\/product"}],"wp:featuredmedia":[{"embeddable":true,"href":"https:\/\/www.fleurop-home.ch\/de-ch\/wp-json\/wp\/v2\/media\/65262"}],"wp:attachment":[{"href":"https:\/\/www.fleurop-home.ch\/de-ch\/wp-json\/wp\/v2\/media?parent=65263"}],"wp:term":[{"taxonomy":"product_brand","embeddable":true,"href":"https:\/\/www.fleurop-home.ch\/de-ch\/wp-json\/wp\/v2\/product_brand?post=65263"},{"taxonomy":"product_cat","embeddable":true,"href":"https:\/\/www.fleurop-home.ch\/de-ch\/wp-json\/wp\/v2\/product_cat?post=65263"},{"taxonomy":"product_tag","embeddable":true,"href":"https:\/\/www.fleurop-home.ch\/de-ch\/wp-json\/wp\/v2\/product_tag?post=65263"},{"taxonomy":"woo-feed-brand","embeddable":true,"href":"https:\/\/www.fleurop-home.ch\/de-ch\/wp-json\/wp\/v2\/woo-feed-brand?post=65263"}],"curies":[{"name":"wp","href":"https:\/\/api.w.org\/{rel}","templated":true}]}}