{"id":65260,"date":"2025-10-13T15:56:17","date_gmt":"2025-10-13T13:56:17","guid":{"rendered":"https:\/\/www.fleurop-home.ch\/de-ch\/p\/kids-messlatte-baer-150cm"},"modified":"2026-04-22T09:59:46","modified_gmt":"2026-04-22T07:59:46","slug":"kids-messlatte-baer-150cm","status":"publish","type":"product","link":"https:\/\/www.fleurop-home.ch\/de-ch\/p\/kids-messlatte-baer-150cm","title":{"rendered":"Kids Messlatte, B\u00e4r, 150cm"},"content":{"rendered":"<p>Diese Kinder Messlatte in B\u00e4renform l\u00e4sst den Wachstum unserer Kleinen spielerisch beobachten. Sie ist 150cm hoch und aus MDF Holz geschaffen.<\/p>\n<p>\u2022 S\u00fcsse Kindermesslatte mit B\u00e4renform<br \/>\n\u2022 Von 60 cm bis 1.5 Meter Gr\u00f6sse<br \/>\n\u2022 Aus leichtem MDF Holz<br \/>\n\u2022 Unkomplizierte und flexible Montage mit einfachen Wandn\u00e4geln<\/p>\n","protected":false},"excerpt":{"rendered":"<p>Kinder B\u00e4ren-Messlatte aus Holz, 150 cm<\/p>\n","protected":false},"featured_media":65259,"template":"","meta":[],"product_brand":[],"product_cat":[64,1263,1269,59],"product_tag":[324],"woo-feed-brand":[],"class_list":{"0":"post-65260","1":"product","2":"type-product","3":"status-publish","4":"has-post-thumbnail","6":"product_cat-kinderzimmer-deko","7":"product_cat-fleuropkids","8":"product_cat-kinderzimmer-deko-fleuropkids","9":"product_cat-kids","10":"product_tag-marein-ag","12":"first","13":"instock","14":"taxable","15":"shipping-taxable","16":"purchasable","17":"product-type-simple"},"_links":{"self":[{"href":"https:\/\/www.fleurop-home.ch\/de-ch\/wp-json\/wp\/v2\/product\/65260","targetHints":{"allow":["GET"]}}],"collection":[{"href":"https:\/\/www.fleurop-home.ch\/de-ch\/wp-json\/wp\/v2\/product"}],"about":[{"href":"https:\/\/www.fleurop-home.ch\/de-ch\/wp-json\/wp\/v2\/types\/product"}],"wp:featuredmedia":[{"embeddable":true,"href":"https:\/\/www.fleurop-home.ch\/de-ch\/wp-json\/wp\/v2\/media\/65259"}],"wp:attachment":[{"href":"https:\/\/www.fleurop-home.ch\/de-ch\/wp-json\/wp\/v2\/media?parent=65260"}],"wp:term":[{"taxonomy":"product_brand","embeddable":true,"href":"https:\/\/www.fleurop-home.ch\/de-ch\/wp-json\/wp\/v2\/product_brand?post=65260"},{"taxonomy":"product_cat","embeddable":true,"href":"https:\/\/www.fleurop-home.ch\/de-ch\/wp-json\/wp\/v2\/product_cat?post=65260"},{"taxonomy":"product_tag","embeddable":true,"href":"https:\/\/www.fleurop-home.ch\/de-ch\/wp-json\/wp\/v2\/product_tag?post=65260"},{"taxonomy":"woo-feed-brand","embeddable":true,"href":"https:\/\/www.fleurop-home.ch\/de-ch\/wp-json\/wp\/v2\/woo-feed-brand?post=65260"}],"curies":[{"name":"wp","href":"https:\/\/api.w.org\/{rel}","templated":true}]}}