{"id":65245,"date":"2025-10-13T15:55:31","date_gmt":"2025-10-13T13:55:31","guid":{"rendered":"https:\/\/www.fleurop-home.ch\/de-ch\/p\/kids-fotorahmen-10x15cm-baer"},"modified":"2026-04-22T09:57:20","modified_gmt":"2026-04-22T07:57:20","slug":"kids-fotorahmen-10x15cm-baer","status":"publish","type":"product","link":"https:\/\/www.fleurop-home.ch\/de-ch\/p\/kids-fotorahmen-10x15cm-baer","title":{"rendered":"Kids, Fotorahmen 10x15cm, B\u00e4r"},"content":{"rendered":"<p>Dieser s\u00fcsse Kinder Bilderrahmen mit B\u00e4renmotiv setzt Kinderbilder wunderbar in Szene.<\/p>\n<p>\u2022 Simpler Bilderrahmen aus Holz<br \/>\n\u2022 Bild kann ausgetauscht werden<br \/>\n\u2022 Einfaches Aufstellen dank der robusten Kartonhalterung<br \/>\n\u2022 Rahmenformat 18 cm x 13 cm<br \/>\n\u2022 Geeignet f\u00fcr Bilder im Format 10 cm x 15 cm, davon 9 cm x 14 cm sichtbar<\/p>\n","protected":false},"excerpt":{"rendered":"<p>Bilderrahmen f\u00fcr Kinder, mit B\u00e4renmotiv und Schneeflocken verziert, 13 cm x 18 cm<\/p>\n","protected":false},"featured_media":65244,"template":"","meta":[],"product_brand":[],"product_cat":[64,23,1263,1269,1191,30,59],"product_tag":[324],"woo-feed-brand":[],"class_list":{"0":"post-65245","1":"product","2":"type-product","3":"status-publish","4":"has-post-thumbnail","6":"product_cat-kinderzimmer-deko","7":"product_cat-home-living","8":"product_cat-fleuropkids","9":"product_cat-kinderzimmer-deko-fleuropkids","10":"product_cat-wanddeko","11":"product_cat-deko-accessoires","12":"product_cat-kids","13":"product_tag-marein-ag","15":"first","16":"instock","17":"taxable","18":"shipping-taxable","19":"purchasable","20":"product-type-simple"},"_links":{"self":[{"href":"https:\/\/www.fleurop-home.ch\/de-ch\/wp-json\/wp\/v2\/product\/65245","targetHints":{"allow":["GET"]}}],"collection":[{"href":"https:\/\/www.fleurop-home.ch\/de-ch\/wp-json\/wp\/v2\/product"}],"about":[{"href":"https:\/\/www.fleurop-home.ch\/de-ch\/wp-json\/wp\/v2\/types\/product"}],"wp:featuredmedia":[{"embeddable":true,"href":"https:\/\/www.fleurop-home.ch\/de-ch\/wp-json\/wp\/v2\/media\/65244"}],"wp:attachment":[{"href":"https:\/\/www.fleurop-home.ch\/de-ch\/wp-json\/wp\/v2\/media?parent=65245"}],"wp:term":[{"taxonomy":"product_brand","embeddable":true,"href":"https:\/\/www.fleurop-home.ch\/de-ch\/wp-json\/wp\/v2\/product_brand?post=65245"},{"taxonomy":"product_cat","embeddable":true,"href":"https:\/\/www.fleurop-home.ch\/de-ch\/wp-json\/wp\/v2\/product_cat?post=65245"},{"taxonomy":"product_tag","embeddable":true,"href":"https:\/\/www.fleurop-home.ch\/de-ch\/wp-json\/wp\/v2\/product_tag?post=65245"},{"taxonomy":"woo-feed-brand","embeddable":true,"href":"https:\/\/www.fleurop-home.ch\/de-ch\/wp-json\/wp\/v2\/woo-feed-brand?post=65245"}],"curies":[{"name":"wp","href":"https:\/\/api.w.org\/{rel}","templated":true}]}}