{"id":65144,"date":"2025-10-13T15:51:16","date_gmt":"2025-10-13T13:51:16","guid":{"rendered":"https:\/\/www.fleurop-home.ch\/de-ch\/p\/2er-pack-laetzchen-silikonsienna"},"modified":"2026-01-05T14:03:23","modified_gmt":"2026-01-05T13:03:23","slug":"2er-pack-laetzchen-silikonsienna","status":"publish","type":"product","link":"https:\/\/www.fleurop-home.ch\/de-ch\/p\/2er-pack-laetzchen-silikonsienna","title":{"rendered":"2er Pack L\u00e4tzchen Silikon,sienna"},"content":{"rendered":"<p>Diese coolen L\u00e4tzchen mit praktischer Auffangschale fangen heruntergefallene Essensreste auf und lassen sich dank gr\u00f6ssenverstellbarem Kragen in windeseile an ver\u00e4nderte Nackengr\u00f6ssen anpassen. Sie sind wasserfest, leicht zu reinigen und lassen sich sogar in den Geschirrsp\u00fcler legen. Das leichte und dennoch robuste Silikon richtet beim Herunterfallen keine Sch\u00e4den oder L\u00e4rm an \u2013 perfekt wenn die Kleinen um sich werfen. 100% BPA frei, lebensmittelecht und SGS &amp; FDA zugelassen.<\/p>\n<p>\u2022 Praktisches L\u00e4tzchenset aus Silikon mit Auffangschale<br \/>\n\u2022 Wasserabweisend und Sp\u00fclmaschinenfest<br \/>\n\u2022 Leicht Gr\u00f6ssenverstellbar von ca. \u00d8 9 cm bis ca. \u00d8 11 cm<br \/>\n\u2022 Beide L\u00e4tzchen haben die Masse L 21.5 cm x H 28 cm<br \/>\n\u2022 Leicht zu tragen und transportieren<br \/>\n\u2022Zertifiziertes, BPA Freies- und Lebensmittelechtes Silikon, SGS &amp; FDA zugelassen<\/p>\n","protected":false},"excerpt":{"rendered":"<p>2er Pack L\u00e4tzchen aus Silikon mit Auffangschale, gr\u00f6ssenverstellbar, gelb und rot, \u00d8 11 cm<\/p>\n","protected":false},"featured_media":65143,"template":"","meta":[],"product_brand":[],"product_cat":[61,59],"product_tag":[324],"woo-feed-brand":[],"class_list":{"0":"post-65144","1":"product","2":"type-product","3":"status-publish","4":"has-post-thumbnail","6":"product_cat-kindergeschirr","7":"product_cat-kids","8":"product_tag-marein-ag","10":"first","11":"instock","12":"taxable","13":"shipping-taxable","14":"purchasable","15":"product-type-simple"},"_links":{"self":[{"href":"https:\/\/www.fleurop-home.ch\/de-ch\/wp-json\/wp\/v2\/product\/65144","targetHints":{"allow":["GET"]}}],"collection":[{"href":"https:\/\/www.fleurop-home.ch\/de-ch\/wp-json\/wp\/v2\/product"}],"about":[{"href":"https:\/\/www.fleurop-home.ch\/de-ch\/wp-json\/wp\/v2\/types\/product"}],"wp:featuredmedia":[{"embeddable":true,"href":"https:\/\/www.fleurop-home.ch\/de-ch\/wp-json\/wp\/v2\/media\/65143"}],"wp:attachment":[{"href":"https:\/\/www.fleurop-home.ch\/de-ch\/wp-json\/wp\/v2\/media?parent=65144"}],"wp:term":[{"taxonomy":"product_brand","embeddable":true,"href":"https:\/\/www.fleurop-home.ch\/de-ch\/wp-json\/wp\/v2\/product_brand?post=65144"},{"taxonomy":"product_cat","embeddable":true,"href":"https:\/\/www.fleurop-home.ch\/de-ch\/wp-json\/wp\/v2\/product_cat?post=65144"},{"taxonomy":"product_tag","embeddable":true,"href":"https:\/\/www.fleurop-home.ch\/de-ch\/wp-json\/wp\/v2\/product_tag?post=65144"},{"taxonomy":"woo-feed-brand","embeddable":true,"href":"https:\/\/www.fleurop-home.ch\/de-ch\/wp-json\/wp\/v2\/woo-feed-brand?post=65144"}],"curies":[{"name":"wp","href":"https:\/\/api.w.org\/{rel}","templated":true}]}}