{"id":65111,"date":"2025-10-13T15:49:28","date_gmt":"2025-10-13T13:49:28","guid":{"rendered":"https:\/\/www.fleurop-home.ch\/de-ch\/p\/silikon-gabelset-2-tlg"},"modified":"2026-01-05T14:03:25","modified_gmt":"2026-01-05T13:03:25","slug":"silikon-gabelset-2-tlg","status":"publish","type":"product","link":"https:\/\/www.fleurop-home.ch\/de-ch\/p\/silikon-gabelset-2-tlg","title":{"rendered":"Silikon Gabelset, 2 tlg"},"content":{"rendered":"<p>Unsere Silikongabeln wurden f\u00fcr zahnende Babys und Kleinkinder konzipiert. Die weiche Textur des 100% BPA freien und lebensmittelechtem Silikons schont das wunde Zahnfleisch und unterst\u00fctzt beim Zahnen. Das leichte und dennoch robuste Silikon richtet beim Herunterfallen oder Spielen keine Sch\u00e4den oder L\u00e4rm an \u2013 perfekt wenn die Kleinen um sich werfen. Geschirrsp\u00fclgeeignet und mikrowellengeeignet.<\/p>\n<p>\u2022 2er Set Gabeln, in beige und grau<br \/>\n\u2022 Jede Gabel hat die Masse L 14 cm x B 3.2 cm x H 1 cm<br \/>\n\u2022 Aus angenehm weichem Silikon, schont und unterst\u00fctzt zahnendes Kinder Zahnfleisch<br \/>\n\u2022 Zertifiziertes, BPA Freies und Lebensmittelechtes Silikon, SGS &amp; FDA zugelassen<br \/>\n\u2022 Sp\u00fclmaschinenfest, mikrowellengeeignet<\/p>\n","protected":false},"excerpt":{"rendered":"<p>Zweierset Gabeln f\u00fcr Kinder und Baby aus Silikon, grau \/ beige, 14 cm x 1 cm<\/p>\n","protected":false},"featured_media":65110,"template":"","meta":[],"product_brand":[],"product_cat":[61,59],"product_tag":[324],"woo-feed-brand":[],"class_list":{"0":"post-65111","1":"product","2":"type-product","3":"status-publish","4":"has-post-thumbnail","6":"product_cat-kindergeschirr","7":"product_cat-kids","8":"product_tag-marein-ag","10":"first","11":"instock","12":"taxable","13":"shipping-taxable","14":"purchasable","15":"product-type-simple"},"_links":{"self":[{"href":"https:\/\/www.fleurop-home.ch\/de-ch\/wp-json\/wp\/v2\/product\/65111","targetHints":{"allow":["GET"]}}],"collection":[{"href":"https:\/\/www.fleurop-home.ch\/de-ch\/wp-json\/wp\/v2\/product"}],"about":[{"href":"https:\/\/www.fleurop-home.ch\/de-ch\/wp-json\/wp\/v2\/types\/product"}],"wp:featuredmedia":[{"embeddable":true,"href":"https:\/\/www.fleurop-home.ch\/de-ch\/wp-json\/wp\/v2\/media\/65110"}],"wp:attachment":[{"href":"https:\/\/www.fleurop-home.ch\/de-ch\/wp-json\/wp\/v2\/media?parent=65111"}],"wp:term":[{"taxonomy":"product_brand","embeddable":true,"href":"https:\/\/www.fleurop-home.ch\/de-ch\/wp-json\/wp\/v2\/product_brand?post=65111"},{"taxonomy":"product_cat","embeddable":true,"href":"https:\/\/www.fleurop-home.ch\/de-ch\/wp-json\/wp\/v2\/product_cat?post=65111"},{"taxonomy":"product_tag","embeddable":true,"href":"https:\/\/www.fleurop-home.ch\/de-ch\/wp-json\/wp\/v2\/product_tag?post=65111"},{"taxonomy":"woo-feed-brand","embeddable":true,"href":"https:\/\/www.fleurop-home.ch\/de-ch\/wp-json\/wp\/v2\/woo-feed-brand?post=65111"}],"curies":[{"name":"wp","href":"https:\/\/api.w.org\/{rel}","templated":true}]}}