{"id":65084,"date":"2025-10-13T15:48:22","date_gmt":"2025-10-13T13:48:22","guid":{"rendered":"https:\/\/www.fleurop-home.ch\/de-ch\/p\/kindertrinkbecher-mit-griffbeige"},"modified":"2026-01-05T14:03:26","modified_gmt":"2026-01-05T13:03:26","slug":"kindertrinkbecher-mit-griffbeige","status":"publish","type":"product","link":"https:\/\/www.fleurop-home.ch\/de-ch\/p\/kindertrinkbecher-mit-griffbeige","title":{"rendered":"Kindertrinkbecher mit Griff,Beige"},"content":{"rendered":"<p>Unser Kinder Trinkbecher in neutralem Beige und dem s\u00fcssen Gesicht bietet maximale Benutzerfreundlichkeit f\u00fcr die Kleinen. Mit zwei Griffen k\u00f6nnen Kinder ihn leicht halten und das Silikonmaterial sorgt daf\u00fcr, dass keine Kratzer oder Br\u00fcche entstehen. Dieser Becher ist mikrowellengeeignet und sp\u00fclmaschinenfest, was den Alltag f\u00fcr Eltern erleichtert. Mit einer idealen Gr\u00f6sse und zertifizierten, lebensmittelechten Materialien (BPA-frei und SGS &amp; FDA zugelassen) bietet er praktischen Nutzen und Sicherheit.<\/p>\n<p>\u2022 Trinkbecher f\u00fcr Kinder in Beige mit zwei Griffen<br \/>\n\u2022 Mit Strohhalm und Deckel<br \/>\n\u2022 Macht keine Kratzer und geht nicht kaputt<br \/>\n\u2022 Mikrowellen- und Sp\u00fclmaschinenfest<br \/>\n\u2022 Masse: Breite 12 cm x H\u00f6he 12.6 cm, Fassungsverm\u00f6gen 160 ml<br \/>\n\u2022 Zertifiziertes, BPA Freies- und Lebensmittelechtes Silikon, SGS &amp; FDA zugelassen<\/p>\n","protected":false},"excerpt":{"rendered":"<p>Kinder Trinkbecher mit Griffen und Strohhalm, aus Silikon in Beige, 160 ml<\/p>\n","protected":false},"featured_media":65083,"template":"","meta":[],"product_brand":[],"product_cat":[61,59],"product_tag":[324],"woo-feed-brand":[],"class_list":{"0":"post-65084","1":"product","2":"type-product","3":"status-publish","4":"has-post-thumbnail","6":"product_cat-kindergeschirr","7":"product_cat-kids","8":"product_tag-marein-ag","10":"first","11":"instock","12":"taxable","13":"shipping-taxable","14":"purchasable","15":"product-type-simple"},"_links":{"self":[{"href":"https:\/\/www.fleurop-home.ch\/de-ch\/wp-json\/wp\/v2\/product\/65084","targetHints":{"allow":["GET"]}}],"collection":[{"href":"https:\/\/www.fleurop-home.ch\/de-ch\/wp-json\/wp\/v2\/product"}],"about":[{"href":"https:\/\/www.fleurop-home.ch\/de-ch\/wp-json\/wp\/v2\/types\/product"}],"wp:featuredmedia":[{"embeddable":true,"href":"https:\/\/www.fleurop-home.ch\/de-ch\/wp-json\/wp\/v2\/media\/65083"}],"wp:attachment":[{"href":"https:\/\/www.fleurop-home.ch\/de-ch\/wp-json\/wp\/v2\/media?parent=65084"}],"wp:term":[{"taxonomy":"product_brand","embeddable":true,"href":"https:\/\/www.fleurop-home.ch\/de-ch\/wp-json\/wp\/v2\/product_brand?post=65084"},{"taxonomy":"product_cat","embeddable":true,"href":"https:\/\/www.fleurop-home.ch\/de-ch\/wp-json\/wp\/v2\/product_cat?post=65084"},{"taxonomy":"product_tag","embeddable":true,"href":"https:\/\/www.fleurop-home.ch\/de-ch\/wp-json\/wp\/v2\/product_tag?post=65084"},{"taxonomy":"woo-feed-brand","embeddable":true,"href":"https:\/\/www.fleurop-home.ch\/de-ch\/wp-json\/wp\/v2\/woo-feed-brand?post=65084"}],"curies":[{"name":"wp","href":"https:\/\/api.w.org\/{rel}","templated":true}]}}