{"id":65080,"date":"2025-10-13T15:48:17","date_gmt":"2025-10-13T13:48:17","guid":{"rendered":"https:\/\/www.fleurop-home.ch\/de-ch\/p\/kinder-trinkbecher-soleil-blau"},"modified":"2026-01-05T14:03:26","modified_gmt":"2026-01-05T13:03:26","slug":"kinder-trinkbecher-soleil-blau","status":"publish","type":"product","link":"https:\/\/www.fleurop-home.ch\/de-ch\/p\/kinder-trinkbecher-soleil-blau","title":{"rendered":"Kinder Trinkbecher, Soleil, blau"},"content":{"rendered":"<p>Unser Kinder Trinkbecher \u201cThe Mini Sippi\u201d ist der ideale Begleiter f\u00fcr kleine Durstl\u00f6scher. In fr\u00f6hlichem Blau mit einem Sonnenaufdruck gestaltet, begeistert er mit einem kinderfreundlichen Design. Hergestellt aus zertifiziertem, lebensmittelechtem Silikon, ist er nicht nur mikrowellengeeignet, sondern auch sp\u00fclmaschinenfest. Der Becher ist extrem weich und sicher f\u00fcr Kinder. Sein robustes Material verhindert Kratzer und Bruch. Ein praktischer, bunter Trinkgef\u00e4hrte, der die Kleinen bei ihren Abenteuern begleitet.<\/p>\n<p>\u2022 Trinkbecher f\u00fcr Kinder in Blau mit fr\u00f6hlichem Sonnenaufdruck<br \/>\n\u2022 Macht keine Kratzer und geht nicht kaputt<br \/>\n\u2022 Super weich, damit sich das Kind nicht verletzen kann<br \/>\n\u2022 Mikrowellen- und Sp\u00fclmaschinenfest<br \/>\n\u2022 Masse: Durchmesser 6 cm x H\u00f6he 13 cm (inkl. Strohhalm), Fassungsverm\u00f6gen 180 ml<br \/>\n\u2022 Zertifiziertes, BPA Freies- und Lebensmittelechtes Silikon, SGS &amp; FDA zugelassen<\/p>\n","protected":false},"excerpt":{"rendered":"<p>Kinder Trinkbecher \u201cThe Mini Sippi\u201d mit Strohhalm und Sonnen Aufdruck, aus Silikon in Blau, 180 ml<\/p>\n","protected":false},"featured_media":65079,"template":"","meta":[],"product_brand":[],"product_cat":[61,59],"product_tag":[324],"woo-feed-brand":[],"class_list":{"0":"post-65080","1":"product","2":"type-product","3":"status-publish","4":"has-post-thumbnail","6":"product_cat-kindergeschirr","7":"product_cat-kids","8":"product_tag-marein-ag","10":"first","11":"instock","12":"taxable","13":"shipping-taxable","14":"purchasable","15":"product-type-simple"},"_links":{"self":[{"href":"https:\/\/www.fleurop-home.ch\/de-ch\/wp-json\/wp\/v2\/product\/65080","targetHints":{"allow":["GET"]}}],"collection":[{"href":"https:\/\/www.fleurop-home.ch\/de-ch\/wp-json\/wp\/v2\/product"}],"about":[{"href":"https:\/\/www.fleurop-home.ch\/de-ch\/wp-json\/wp\/v2\/types\/product"}],"wp:featuredmedia":[{"embeddable":true,"href":"https:\/\/www.fleurop-home.ch\/de-ch\/wp-json\/wp\/v2\/media\/65079"}],"wp:attachment":[{"href":"https:\/\/www.fleurop-home.ch\/de-ch\/wp-json\/wp\/v2\/media?parent=65080"}],"wp:term":[{"taxonomy":"product_brand","embeddable":true,"href":"https:\/\/www.fleurop-home.ch\/de-ch\/wp-json\/wp\/v2\/product_brand?post=65080"},{"taxonomy":"product_cat","embeddable":true,"href":"https:\/\/www.fleurop-home.ch\/de-ch\/wp-json\/wp\/v2\/product_cat?post=65080"},{"taxonomy":"product_tag","embeddable":true,"href":"https:\/\/www.fleurop-home.ch\/de-ch\/wp-json\/wp\/v2\/product_tag?post=65080"},{"taxonomy":"woo-feed-brand","embeddable":true,"href":"https:\/\/www.fleurop-home.ch\/de-ch\/wp-json\/wp\/v2\/woo-feed-brand?post=65080"}],"curies":[{"name":"wp","href":"https:\/\/api.w.org\/{rel}","templated":true}]}}