{"id":65073,"date":"2025-10-13T15:48:07","date_gmt":"2025-10-13T13:48:07","guid":{"rendered":"https:\/\/www.fleurop-home.ch\/de-ch\/p\/kinder-trinkbecher-leo-khaki"},"modified":"2026-01-05T14:03:27","modified_gmt":"2026-01-05T13:03:27","slug":"kinder-trinkbecher-leo-khaki","status":"publish","type":"product","link":"https:\/\/www.fleurop-home.ch\/de-ch\/p\/kinder-trinkbecher-leo-khaki","title":{"rendered":"Kinder Trinkbecher, Leo, khaki"},"content":{"rendered":"<p>Unser Kinder Trinkbecher \u201cThe Mini Sippi\u201d in Khaki mit einem bezaubernden L\u00f6wenaufdruck ist der ideale Begleiter f\u00fcr kleine Durstl\u00f6scher. Mit zertifiziertem, lebensmittelechtem Silikon gefertigt, ist er mikrowellengeeignet und sp\u00fclmaschinenfest. Dieser Trinkbecher ist \u00e4usserst weich und sicher f\u00fcr Kinder, sodass sich die Kleinen nicht verletzen k\u00f6nnen. Sein robustes Material verhindert Kratzer und Bruch, sodass er sowohl praktisch als auch langlebig ist. Ein charmanter Trinkgef\u00e4hrte f\u00fcr alle Abenteuer der Kleinen.<\/p>\n<p>\u2022 Trinkbecher f\u00fcr Kinder in Khaki mit s\u00fcssem L\u00f6wenaufdruck<br \/>\n\u2022 Macht keine Kratzer und geht nicht kaputt<br \/>\n\u2022 Super weich, damit sich das Kind nicht verletzen kann<br \/>\n\u2022 Mikrowellen- und Sp\u00fclmaschinenfest<br \/>\n\u2022 Masse: Durchmesser 6 cm x H\u00f6he 13 cm (inkl. Strohhalm), Fassungsverm\u00f6gen 180 ml<br \/>\n\u2022 Zertifiziertes, BPA Freies- und Lebensmittelechtes Silikon, SGS &amp; FDA zugelassen<\/p>\n","protected":false},"excerpt":{"rendered":"<p>Kinder Trinkbecher \u201cThe Mini Sippi\u201d mit Strohhalm und L\u00f6wen Aufdruck, aus Silikon in Khaki, 180 ml<\/p>\n","protected":false},"featured_media":66639,"template":"","meta":[],"product_brand":[],"product_cat":[61,59],"product_tag":[324],"woo-feed-brand":[],"class_list":{"0":"post-65073","1":"product","2":"type-product","3":"status-publish","4":"has-post-thumbnail","6":"product_cat-kindergeschirr","7":"product_cat-kids","8":"product_tag-marein-ag","10":"first","11":"instock","12":"taxable","13":"shipping-taxable","14":"purchasable","15":"product-type-simple"},"_links":{"self":[{"href":"https:\/\/www.fleurop-home.ch\/de-ch\/wp-json\/wp\/v2\/product\/65073","targetHints":{"allow":["GET"]}}],"collection":[{"href":"https:\/\/www.fleurop-home.ch\/de-ch\/wp-json\/wp\/v2\/product"}],"about":[{"href":"https:\/\/www.fleurop-home.ch\/de-ch\/wp-json\/wp\/v2\/types\/product"}],"wp:featuredmedia":[{"embeddable":true,"href":"https:\/\/www.fleurop-home.ch\/de-ch\/wp-json\/wp\/v2\/media\/66639"}],"wp:attachment":[{"href":"https:\/\/www.fleurop-home.ch\/de-ch\/wp-json\/wp\/v2\/media?parent=65073"}],"wp:term":[{"taxonomy":"product_brand","embeddable":true,"href":"https:\/\/www.fleurop-home.ch\/de-ch\/wp-json\/wp\/v2\/product_brand?post=65073"},{"taxonomy":"product_cat","embeddable":true,"href":"https:\/\/www.fleurop-home.ch\/de-ch\/wp-json\/wp\/v2\/product_cat?post=65073"},{"taxonomy":"product_tag","embeddable":true,"href":"https:\/\/www.fleurop-home.ch\/de-ch\/wp-json\/wp\/v2\/product_tag?post=65073"},{"taxonomy":"woo-feed-brand","embeddable":true,"href":"https:\/\/www.fleurop-home.ch\/de-ch\/wp-json\/wp\/v2\/woo-feed-brand?post=65073"}],"curies":[{"name":"wp","href":"https:\/\/api.w.org\/{rel}","templated":true}]}}