{"id":65064,"date":"2025-10-13T15:47:54","date_gmt":"2025-10-13T13:47:54","guid":{"rendered":"https:\/\/www.fleurop-home.ch\/de-ch\/p\/kinderteller-baer-blau"},"modified":"2026-01-05T14:03:27","modified_gmt":"2026-01-05T13:03:27","slug":"kinderteller-baer-blau","status":"publish","type":"product","link":"https:\/\/www.fleurop-home.ch\/de-ch\/p\/kinderteller-baer-blau","title":{"rendered":"Kinderteller B\u00e4r, blau"},"content":{"rendered":"<p>Unser Kinder Teller \u201cLittle Bear\u201d in hellblauem Silikon bringt Spass und Funktionalit\u00e4t auf den Esstisch. Mit seiner niedlichen B\u00e4ren-Form und dem praktischen Saugnapf f\u00fcr sicheren Halt auf glatten Oberfl\u00e4chen ist er perfekt f\u00fcr kleine Esser. Das Silikonmaterial verhindert Kratzer auf Tischen und ist \u00e4usserst strapazierf\u00e4hig. Dieser Teller ist mikrowellengeeignet und sp\u00fclmaschinenfest f\u00fcr eine bequeme Nutzung. Mit zertifizierten, lebensmittelechten Materialien (BPA-frei und SGS &amp; FDA zugelassen) bieten wir Eltern Sicherheit und Komfort. Der Teller hat einen Durchmesser von 17 cm und eine H\u00f6he von 3,5 cm.<\/p>\n<p>\u2022 Teller aus hellblauem Silikon in B\u00e4r-Form<br \/>\n\u2022 Der praktischer Saugnapf sorgt f\u00fcr Halt auf glatten Tischfl\u00e4chen<br \/>\n\u2022 Macht keine Kratzer und geht nicht kaputt<br \/>\n\u2022 Mikrowellen- und Sp\u00fclmaschinenfest<br \/>\n\u2022 Masse: Durchmesser 17 cm x H\u00f6he 3.5 cm<br \/>\n\u2022 Zertifiziertes, BPA Freies- und Lebensmittelechtes Silikon, SGS &amp; FDA zugelassen<\/p>\n","protected":false},"excerpt":{"rendered":"<p>Kinder Teller \u201cLittle Bear\u201d, aus Silikon in hellblau, \u00d8 17 cm x H 3.5 cm<\/p>\n","protected":false},"featured_media":65063,"template":"","meta":[],"product_brand":[],"product_cat":[61,59],"product_tag":[324],"woo-feed-brand":[],"class_list":{"0":"post-65064","1":"product","2":"type-product","3":"status-publish","4":"has-post-thumbnail","6":"product_cat-kindergeschirr","7":"product_cat-kids","8":"product_tag-marein-ag","10":"first","11":"instock","12":"taxable","13":"shipping-taxable","14":"purchasable","15":"product-type-simple"},"_links":{"self":[{"href":"https:\/\/www.fleurop-home.ch\/de-ch\/wp-json\/wp\/v2\/product\/65064","targetHints":{"allow":["GET"]}}],"collection":[{"href":"https:\/\/www.fleurop-home.ch\/de-ch\/wp-json\/wp\/v2\/product"}],"about":[{"href":"https:\/\/www.fleurop-home.ch\/de-ch\/wp-json\/wp\/v2\/types\/product"}],"wp:featuredmedia":[{"embeddable":true,"href":"https:\/\/www.fleurop-home.ch\/de-ch\/wp-json\/wp\/v2\/media\/65063"}],"wp:attachment":[{"href":"https:\/\/www.fleurop-home.ch\/de-ch\/wp-json\/wp\/v2\/media?parent=65064"}],"wp:term":[{"taxonomy":"product_brand","embeddable":true,"href":"https:\/\/www.fleurop-home.ch\/de-ch\/wp-json\/wp\/v2\/product_brand?post=65064"},{"taxonomy":"product_cat","embeddable":true,"href":"https:\/\/www.fleurop-home.ch\/de-ch\/wp-json\/wp\/v2\/product_cat?post=65064"},{"taxonomy":"product_tag","embeddable":true,"href":"https:\/\/www.fleurop-home.ch\/de-ch\/wp-json\/wp\/v2\/product_tag?post=65064"},{"taxonomy":"woo-feed-brand","embeddable":true,"href":"https:\/\/www.fleurop-home.ch\/de-ch\/wp-json\/wp\/v2\/woo-feed-brand?post=65064"}],"curies":[{"name":"wp","href":"https:\/\/api.w.org\/{rel}","templated":true}]}}