{"id":65055,"date":"2025-10-13T15:47:40","date_gmt":"2025-10-13T13:47:40","guid":{"rendered":"https:\/\/www.fleurop-home.ch\/de-ch\/p\/lunchbox-set-rose"},"modified":"2026-01-05T14:03:27","modified_gmt":"2026-01-05T13:03:27","slug":"lunchbox-set-rose","status":"publish","type":"product","link":"https:\/\/www.fleurop-home.ch\/de-ch\/p\/lunchbox-set-rose","title":{"rendered":"Lunchbox Set Rose"},"content":{"rendered":"<p>Unser 2er Set Kinder Lunchboxen begeistert mit entz\u00fcckenden Wolken- und B\u00e4renformen in rosa und beige. Diese Aufbewahrungsdosen sind nicht nur niedlich, sondern auch \u00e4usserst praktisch. Aus zertifiziertem, lebensmittelechtem Silikon (BPA-frei und SGS &amp; FDA zugelassen) gefertigt, gew\u00e4hrleisten sie die sichere Aufbewahrung von Kindersnacks. Mikrowellen- und sp\u00fclmaschinenfest, sind sie ideal f\u00fcr unterwegs und den Kindergarten.<\/p>\n<p>\u2022 2er Set Aufbewahrungsboxen f\u00fcr Kinder<br \/>\n\u2022 F\u00fcr die Aufbewahrung von Fr\u00fcchten, Snacks und S\u00fcssigkeiten, unterwegs und zu Hause<br \/>\n\u2022 S\u00fcsse Wolken &amp; B\u00e4renform in Rosa &amp; Beige<br \/>\n\u2022 Mikrowellen- und Sp\u00fclmaschinenfest<br \/>\n\u2022 Masse: Wolke: B 11 cm x H 4.7 cm, B\u00e4r: B 8 cm x H 4.77 cm<br \/>\n\u2022 Zertifiziertes, BPA Freies- und Lebensmittelechtes Silikon, SGS &amp; FDA zugelassen<\/p>\n","protected":false},"excerpt":{"rendered":"<p>Kinder Lunchbox Set \/ Snackbox \/ Aufbewahrungsdosen in Wolken und B\u00e4renform, aus Silikon in Rosa \/ Beige<\/p>\n","protected":false},"featured_media":65054,"template":"","meta":[],"product_brand":[],"product_cat":[61,59],"product_tag":[324],"woo-feed-brand":[],"class_list":{"0":"post-65055","1":"product","2":"type-product","3":"status-publish","4":"has-post-thumbnail","6":"product_cat-kindergeschirr","7":"product_cat-kids","8":"product_tag-marein-ag","10":"first","11":"instock","12":"taxable","13":"shipping-taxable","14":"purchasable","15":"product-type-simple"},"_links":{"self":[{"href":"https:\/\/www.fleurop-home.ch\/de-ch\/wp-json\/wp\/v2\/product\/65055","targetHints":{"allow":["GET"]}}],"collection":[{"href":"https:\/\/www.fleurop-home.ch\/de-ch\/wp-json\/wp\/v2\/product"}],"about":[{"href":"https:\/\/www.fleurop-home.ch\/de-ch\/wp-json\/wp\/v2\/types\/product"}],"wp:featuredmedia":[{"embeddable":true,"href":"https:\/\/www.fleurop-home.ch\/de-ch\/wp-json\/wp\/v2\/media\/65054"}],"wp:attachment":[{"href":"https:\/\/www.fleurop-home.ch\/de-ch\/wp-json\/wp\/v2\/media?parent=65055"}],"wp:term":[{"taxonomy":"product_brand","embeddable":true,"href":"https:\/\/www.fleurop-home.ch\/de-ch\/wp-json\/wp\/v2\/product_brand?post=65055"},{"taxonomy":"product_cat","embeddable":true,"href":"https:\/\/www.fleurop-home.ch\/de-ch\/wp-json\/wp\/v2\/product_cat?post=65055"},{"taxonomy":"product_tag","embeddable":true,"href":"https:\/\/www.fleurop-home.ch\/de-ch\/wp-json\/wp\/v2\/product_tag?post=65055"},{"taxonomy":"woo-feed-brand","embeddable":true,"href":"https:\/\/www.fleurop-home.ch\/de-ch\/wp-json\/wp\/v2\/woo-feed-brand?post=65055"}],"curies":[{"name":"wp","href":"https:\/\/api.w.org\/{rel}","templated":true}]}}