{"id":65035,"date":"2025-10-13T15:47:15","date_gmt":"2025-10-13T13:47:15","guid":{"rendered":"https:\/\/www.fleurop-home.ch\/de-ch\/p\/95x75cm-baumwoll-baby-stilltuch-musselin-sichtschutz-stillschal-deck"},"modified":"2026-01-05T14:03:28","modified_gmt":"2026-01-05T13:03:28","slug":"95x75cm-baumwoll-baby-stilltuch-musselin-sichtschutz-stillschal-deck","status":"publish","type":"product","link":"https:\/\/www.fleurop-home.ch\/de-ch\/p\/95x75cm-baumwoll-baby-stilltuch-musselin-sichtschutz-stillschal-deck","title":{"rendered":"(95x75cm) Baumwoll Baby Stilltuch Musselin Sichtschutz Stillschal Deck"},"content":{"rendered":"<p>Mit diesem sch\u00f6nen Musselin Sichtschutz sind Mama und Kind beim Stillen angenehm gesch\u00fctzt. Der Stillschal aus Baumwolle hat eine Umh\u00e4nge Schlaufe und einen verst\u00e4rken Riemen, welcher die Sicht von oben zum Baby nicht versperrt. Die Decke ist ausserdem wunderbar als leichte Abdeckung f\u00fcr Kinderw\u00e4gen geeignet und eine sch\u00f6ne Geschenkidee zur Geburt.<\/p>\n<p>HINWEIS: Das Stilltuch kann bei 30 \u00baC in der Waschmaschine gewaschen werden. Benutze keinen Weichsp\u00fcler, um die Struktur des Materials zu erhalten.<\/p>\n<ul>\n<li>Praktischer Sichtschutz beim Stillen etc.<\/li>\n<li>Hergestellt aus hochwertiger Baumwolle<\/li>\n<li>Sch\u00f6nes Musselin Stilltuch zum Umh\u00e4ngen<\/li>\n<li>Auch als Kinderwagen Abdeckung geeignet<\/li>\n<li>Stillschal mit Schlaufe &amp; gest\u00e4rktem Riemen<\/li>\n<li>Decke ist eine tolle Geschenkidee zur Geburt<\/li>\n<\/ul>\n","protected":false},"excerpt":{"rendered":"<p>(95x75cm) Baumwoll Baby Stilltuch Musselin Sichtschutz Stillschal Decke zum Umh\u00e4ngen \u2013 Beige<\/p>\n","protected":false},"featured_media":65034,"template":"","meta":[],"product_brand":[],"product_cat":[31,23,59,60],"product_tag":[324],"woo-feed-brand":[],"class_list":{"0":"post-65035","1":"product","2":"type-product","3":"status-publish","4":"has-post-thumbnail","6":"product_cat-heimtextilien","7":"product_cat-home-living","8":"product_cat-kids","9":"product_cat-kindertextilien","10":"product_tag-marein-ag","12":"first","13":"instock","14":"taxable","15":"shipping-taxable","16":"purchasable","17":"product-type-simple"},"_links":{"self":[{"href":"https:\/\/www.fleurop-home.ch\/de-ch\/wp-json\/wp\/v2\/product\/65035","targetHints":{"allow":["GET"]}}],"collection":[{"href":"https:\/\/www.fleurop-home.ch\/de-ch\/wp-json\/wp\/v2\/product"}],"about":[{"href":"https:\/\/www.fleurop-home.ch\/de-ch\/wp-json\/wp\/v2\/types\/product"}],"wp:featuredmedia":[{"embeddable":true,"href":"https:\/\/www.fleurop-home.ch\/de-ch\/wp-json\/wp\/v2\/media\/65034"}],"wp:attachment":[{"href":"https:\/\/www.fleurop-home.ch\/de-ch\/wp-json\/wp\/v2\/media?parent=65035"}],"wp:term":[{"taxonomy":"product_brand","embeddable":true,"href":"https:\/\/www.fleurop-home.ch\/de-ch\/wp-json\/wp\/v2\/product_brand?post=65035"},{"taxonomy":"product_cat","embeddable":true,"href":"https:\/\/www.fleurop-home.ch\/de-ch\/wp-json\/wp\/v2\/product_cat?post=65035"},{"taxonomy":"product_tag","embeddable":true,"href":"https:\/\/www.fleurop-home.ch\/de-ch\/wp-json\/wp\/v2\/product_tag?post=65035"},{"taxonomy":"woo-feed-brand","embeddable":true,"href":"https:\/\/www.fleurop-home.ch\/de-ch\/wp-json\/wp\/v2\/woo-feed-brand?post=65035"}],"curies":[{"name":"wp","href":"https:\/\/api.w.org\/{rel}","templated":true}]}}