{"id":65024,"date":"2025-10-13T15:46:59","date_gmt":"2025-10-13T13:46:59","guid":{"rendered":"https:\/\/www.fleurop-home.ch\/de-ch\/p\/runder-holzhocker-21cm"},"modified":"2026-01-08T09:18:42","modified_gmt":"2026-01-08T08:18:42","slug":"runder-holzhocker-21cm","status":"publish","type":"product","link":"https:\/\/www.fleurop-home.ch\/de-ch\/p\/runder-holzhocker-21cm","title":{"rendered":"Runder Holzhocker, 21cm"},"content":{"rendered":"<p>Schaffe H\u00f6he mit diesem h\u00fcbschen Holzhocker und stelle deine Pflanzen, B\u00fccher oder Dekorationen darauf. Der Hocker ist in zwei Gr\u00f6ssen erh\u00e4ltlich, wodurch besonders sch\u00f6ne Kombinationen gelingen.<\/p>\n<p>\u2022 Deko Hocker aus hellem Holz<br \/>\n\u2022 Schlichtes Design, erh\u00e4ltlich in zwei Gr\u00f6ssen<br \/>\n\u2022 Ideal als Pflanzenst\u00e4nder, Beistelltischchen oder Akzent-Display (Nicht zum Sitzen geeignet)<br \/>\n\u2022 Keine Montage erforderlich<\/p>\n","protected":false},"excerpt":{"rendered":"<p>Runder Deko-Holzhocker, 18 x 21 cm<\/p>\n","protected":false},"featured_media":65859,"template":"","meta":[],"product_brand":[],"product_cat":[30,23,1192],"product_tag":[324],"woo-feed-brand":[],"class_list":{"0":"post-65024","1":"product","2":"type-product","3":"status-publish","4":"has-post-thumbnail","6":"product_cat-deko-accessoires","7":"product_cat-home-living","8":"product_cat-hocker-beistelltische","9":"product_tag-marein-ag","11":"first","12":"instock","13":"taxable","14":"shipping-taxable","15":"purchasable","16":"product-type-simple"},"_links":{"self":[{"href":"https:\/\/www.fleurop-home.ch\/de-ch\/wp-json\/wp\/v2\/product\/65024","targetHints":{"allow":["GET"]}}],"collection":[{"href":"https:\/\/www.fleurop-home.ch\/de-ch\/wp-json\/wp\/v2\/product"}],"about":[{"href":"https:\/\/www.fleurop-home.ch\/de-ch\/wp-json\/wp\/v2\/types\/product"}],"wp:featuredmedia":[{"embeddable":true,"href":"https:\/\/www.fleurop-home.ch\/de-ch\/wp-json\/wp\/v2\/media\/65859"}],"wp:attachment":[{"href":"https:\/\/www.fleurop-home.ch\/de-ch\/wp-json\/wp\/v2\/media?parent=65024"}],"wp:term":[{"taxonomy":"product_brand","embeddable":true,"href":"https:\/\/www.fleurop-home.ch\/de-ch\/wp-json\/wp\/v2\/product_brand?post=65024"},{"taxonomy":"product_cat","embeddable":true,"href":"https:\/\/www.fleurop-home.ch\/de-ch\/wp-json\/wp\/v2\/product_cat?post=65024"},{"taxonomy":"product_tag","embeddable":true,"href":"https:\/\/www.fleurop-home.ch\/de-ch\/wp-json\/wp\/v2\/product_tag?post=65024"},{"taxonomy":"woo-feed-brand","embeddable":true,"href":"https:\/\/www.fleurop-home.ch\/de-ch\/wp-json\/wp\/v2\/woo-feed-brand?post=65024"}],"curies":[{"name":"wp","href":"https:\/\/api.w.org\/{rel}","templated":true}]}}