{"id":65007,"date":"2025-10-13T15:46:03","date_gmt":"2025-10-13T13:46:03","guid":{"rendered":"https:\/\/www.fleurop-home.ch\/de-ch\/p\/spielmatte-apricot-120x120cm"},"modified":"2026-01-05T14:03:30","modified_gmt":"2026-01-05T13:03:30","slug":"spielmatte-apricot-120x120cm","status":"publish","type":"product","link":"https:\/\/www.fleurop-home.ch\/de-ch\/p\/spielmatte-apricot-120x120cm","title":{"rendered":"Spielmatte, apricot, 120x120cm"},"content":{"rendered":"<p>Die Spieldecke f\u00fcr Kinder wird aus hochqualitativen schadstofffreien Materialien hergestellt, die zudem auch noch umweltfreundlich sind. Sie ist beidseitig verwendbar und in zwei verschiedenen Farben erh\u00e4ltlich. Die Matte hat eine rutschfeste Oberfl\u00e4che und bietet eine ausgezeichnete Polsterung bei kleineren St\u00fcrzen und formt somit die perfekte Spielwiese f\u00fcr die Kleinen unter uns.<\/p>\n<p>\u2022 Quadratische Kinder Krabbelmatte aus hochwertiger Baumwolle mit Polyester F\u00fcllung<br \/>\n\u2022 Weich und gepolstert mit h\u00fcbschem Raute Steppmuster<br \/>\n\u2022 Frei von Chemikalien und schadstoffhaltigen Materialien<br \/>\n\u2022 Ideal f\u00fcr Babys und Kleinkinder die Krabbeln und spielen<br \/>\n\u2022 120 x 120 cm<\/p>\n","protected":false},"excerpt":{"rendered":"<p>Kinder Spielmatte \/ Krabbeldecke aus rosa Baumwolle, 120 x 120 cm<\/p>\n","protected":false},"featured_media":65006,"template":"","meta":[],"product_brand":[],"product_cat":[60,23,31,59],"product_tag":[324],"woo-feed-brand":[],"class_list":{"0":"post-65007","1":"product","2":"type-product","3":"status-publish","4":"has-post-thumbnail","6":"product_cat-kindertextilien","7":"product_cat-home-living","8":"product_cat-heimtextilien","9":"product_cat-kids","10":"product_tag-marein-ag","12":"first","13":"instock","14":"taxable","15":"shipping-taxable","16":"purchasable","17":"product-type-simple"},"_links":{"self":[{"href":"https:\/\/www.fleurop-home.ch\/de-ch\/wp-json\/wp\/v2\/product\/65007","targetHints":{"allow":["GET"]}}],"collection":[{"href":"https:\/\/www.fleurop-home.ch\/de-ch\/wp-json\/wp\/v2\/product"}],"about":[{"href":"https:\/\/www.fleurop-home.ch\/de-ch\/wp-json\/wp\/v2\/types\/product"}],"wp:featuredmedia":[{"embeddable":true,"href":"https:\/\/www.fleurop-home.ch\/de-ch\/wp-json\/wp\/v2\/media\/65006"}],"wp:attachment":[{"href":"https:\/\/www.fleurop-home.ch\/de-ch\/wp-json\/wp\/v2\/media?parent=65007"}],"wp:term":[{"taxonomy":"product_brand","embeddable":true,"href":"https:\/\/www.fleurop-home.ch\/de-ch\/wp-json\/wp\/v2\/product_brand?post=65007"},{"taxonomy":"product_cat","embeddable":true,"href":"https:\/\/www.fleurop-home.ch\/de-ch\/wp-json\/wp\/v2\/product_cat?post=65007"},{"taxonomy":"product_tag","embeddable":true,"href":"https:\/\/www.fleurop-home.ch\/de-ch\/wp-json\/wp\/v2\/product_tag?post=65007"},{"taxonomy":"woo-feed-brand","embeddable":true,"href":"https:\/\/www.fleurop-home.ch\/de-ch\/wp-json\/wp\/v2\/woo-feed-brand?post=65007"}],"curies":[{"name":"wp","href":"https:\/\/api.w.org\/{rel}","templated":true}]}}