{"id":64984,"date":"2025-10-13T15:44:58","date_gmt":"2025-10-13T13:44:58","guid":{"rendered":"https:\/\/www.fleurop-home.ch\/de-ch\/p\/fischgraet-decke-blush-130x170cm"},"modified":"2026-01-05T14:03:31","modified_gmt":"2026-01-05T13:03:31","slug":"fischgraet-decke-blush-130x170cm","status":"publish","type":"product","link":"https:\/\/www.fleurop-home.ch\/de-ch\/p\/fischgraet-decke-blush-130x170cm","title":{"rendered":"Fischgr\u00e4t Decke, Blush, 130x170cm"},"content":{"rendered":"<p>Diese kuschelweiche Baumwolldecke sorgt f\u00fcr einen frischen Farbklecks in deinem Zuhause. Angesagtes, sanftes Orange l\u00e4sst sich wunderbar mit Beige- oder Gr\u00fcnt\u00f6nen kombinieren und sorgt f\u00fcr ein stilbewusstes Ambiente.<\/p>\n<p>\u2022 Super weiche Qualit\u00e4ts-Baumwolle<br \/>\n\u2022 Kuschlig weich und anschmiegsam<br \/>\n\u2022 Pflegeleicht, waschbar bei 30 Grad<br \/>\n\u2022 Edles Zickzack Webmuster<br \/>\n\u2022 Hochwertige F\u00e4rbung, welche auch bei vielem Waschen nicht verblasst<br \/>\n\u2022 Standard Mass 130 x 170 cm<\/p>\n","protected":false},"excerpt":{"rendered":"<p>Pfirsichfarbene Baumwolldecke mit Zickzack Webmuster, 130 x 170 cm<\/p>\n","protected":false},"featured_media":66258,"template":"","meta":[],"product_brand":[],"product_cat":[31,23],"product_tag":[324],"woo-feed-brand":[],"class_list":{"0":"post-64984","1":"product","2":"type-product","3":"status-publish","4":"has-post-thumbnail","6":"product_cat-heimtextilien","7":"product_cat-home-living","8":"product_tag-marein-ag","10":"first","11":"instock","12":"taxable","13":"shipping-taxable","14":"purchasable","15":"product-type-simple"},"_links":{"self":[{"href":"https:\/\/www.fleurop-home.ch\/de-ch\/wp-json\/wp\/v2\/product\/64984","targetHints":{"allow":["GET"]}}],"collection":[{"href":"https:\/\/www.fleurop-home.ch\/de-ch\/wp-json\/wp\/v2\/product"}],"about":[{"href":"https:\/\/www.fleurop-home.ch\/de-ch\/wp-json\/wp\/v2\/types\/product"}],"wp:featuredmedia":[{"embeddable":true,"href":"https:\/\/www.fleurop-home.ch\/de-ch\/wp-json\/wp\/v2\/media\/66258"}],"wp:attachment":[{"href":"https:\/\/www.fleurop-home.ch\/de-ch\/wp-json\/wp\/v2\/media?parent=64984"}],"wp:term":[{"taxonomy":"product_brand","embeddable":true,"href":"https:\/\/www.fleurop-home.ch\/de-ch\/wp-json\/wp\/v2\/product_brand?post=64984"},{"taxonomy":"product_cat","embeddable":true,"href":"https:\/\/www.fleurop-home.ch\/de-ch\/wp-json\/wp\/v2\/product_cat?post=64984"},{"taxonomy":"product_tag","embeddable":true,"href":"https:\/\/www.fleurop-home.ch\/de-ch\/wp-json\/wp\/v2\/product_tag?post=64984"},{"taxonomy":"woo-feed-brand","embeddable":true,"href":"https:\/\/www.fleurop-home.ch\/de-ch\/wp-json\/wp\/v2\/woo-feed-brand?post=64984"}],"curies":[{"name":"wp","href":"https:\/\/api.w.org\/{rel}","templated":true}]}}