{"id":64973,"date":"2025-10-13T15:44:38","date_gmt":"2025-10-13T13:44:38","guid":{"rendered":"https:\/\/www.fleurop-home.ch\/de-ch\/p\/handtuch-waffel-dunkelblau"},"modified":"2026-01-05T14:03:32","modified_gmt":"2026-01-05T13:03:32","slug":"handtuch-waffel-dunkelblau","status":"publish","type":"product","link":"https:\/\/www.fleurop-home.ch\/de-ch\/p\/handtuch-waffel-dunkelblau","title":{"rendered":"Handtuch, Waffel, dunkelblau"},"content":{"rendered":"<p>Unser dezentes Geschirrtuch aus gewaffelter Baumwolle ist zeitlos und verleiht deinem Bad oder der K\u00fcche ein edles Ambiente. Die hochwertig verarbeitete Baumwolle in Waffel Piqu\u00e9 ist saugf\u00e4hig und robust.<\/p>\n<p>\u2022 Hand- und K\u00fcchentuch aus langlebiger Baumwolle in Waffel Piqu\u00e9<br \/>\n\u2022 Mit H\u00e4ngeschlaufe<br \/>\n\u2022 Sehr saugf\u00e4hig mit angenehmer Textur, die nicht zerkratzt<br \/>\n\u2022 Hochwertige F\u00e4rbung, die auch nach vielem Waschen h\u00e4lt<br \/>\n\u2022 50 x 70 cm<br \/>\n\u2022 Waschbar bei 40 \u2013 60 Grad<br \/>\n\u2022 Ideal f\u00fcr K\u00fcche und Bad<\/p>\n","protected":false},"excerpt":{"rendered":"<p>Blaues Handtuch aus Baumwolle in Waffel Piqu\u00e9<\/p>\n","protected":false},"featured_media":64972,"template":"","meta":[],"product_brand":[],"product_cat":[1100,42,1098],"product_tag":[324],"woo-feed-brand":[],"class_list":{"0":"post-64973","1":"product","2":"type-product","3":"status-publish","4":"has-post-thumbnail","6":"product_cat-kuechentextilien","7":"product_cat-kueche","8":"product_cat-textilien","9":"product_tag-marein-ag","11":"first","12":"instock","13":"taxable","14":"shipping-taxable","15":"purchasable","16":"product-type-simple"},"_links":{"self":[{"href":"https:\/\/www.fleurop-home.ch\/de-ch\/wp-json\/wp\/v2\/product\/64973","targetHints":{"allow":["GET"]}}],"collection":[{"href":"https:\/\/www.fleurop-home.ch\/de-ch\/wp-json\/wp\/v2\/product"}],"about":[{"href":"https:\/\/www.fleurop-home.ch\/de-ch\/wp-json\/wp\/v2\/types\/product"}],"wp:featuredmedia":[{"embeddable":true,"href":"https:\/\/www.fleurop-home.ch\/de-ch\/wp-json\/wp\/v2\/media\/64972"}],"wp:attachment":[{"href":"https:\/\/www.fleurop-home.ch\/de-ch\/wp-json\/wp\/v2\/media?parent=64973"}],"wp:term":[{"taxonomy":"product_brand","embeddable":true,"href":"https:\/\/www.fleurop-home.ch\/de-ch\/wp-json\/wp\/v2\/product_brand?post=64973"},{"taxonomy":"product_cat","embeddable":true,"href":"https:\/\/www.fleurop-home.ch\/de-ch\/wp-json\/wp\/v2\/product_cat?post=64973"},{"taxonomy":"product_tag","embeddable":true,"href":"https:\/\/www.fleurop-home.ch\/de-ch\/wp-json\/wp\/v2\/product_tag?post=64973"},{"taxonomy":"woo-feed-brand","embeddable":true,"href":"https:\/\/www.fleurop-home.ch\/de-ch\/wp-json\/wp\/v2\/woo-feed-brand?post=64973"}],"curies":[{"name":"wp","href":"https:\/\/api.w.org\/{rel}","templated":true}]}}