{"id":64961,"date":"2025-10-13T15:44:18","date_gmt":"2025-10-13T13:44:18","guid":{"rendered":"https:\/\/www.fleurop-home.ch\/de-ch\/p\/kids-teppich-baer-68x91cm"},"modified":"2026-04-22T09:59:46","modified_gmt":"2026-04-22T07:59:46","slug":"kids-teppich-baer-68x91cm","status":"publish","type":"product","link":"https:\/\/www.fleurop-home.ch\/de-ch\/p\/kids-teppich-baer-68x91cm","title":{"rendered":"Kids Teppich, B\u00e4r, 68x91cm"},"content":{"rendered":"<p>S\u00fcsser Kinderteppich in Form eines schlafenden B\u00e4ren aus 100% Baumwolle, waschbar im Handwaschgang, 68 x 91 cm.<\/p>\n<p>\u2022 Weisser Teppich in B\u00e4renform<br \/>\n\u2022 100% Qualit\u00e4tsbaumwolle<br \/>\n\u2022 Ideal f\u00fcrs Kinderzimmer<br \/>\n\u2022 Fusselt nicht<br \/>\n\u2022 Frei von Chemikalien und schadstoffhaltigen Materialien<br \/>\n\u2022 68 x 91 cm<\/p>\n","protected":false},"excerpt":{"rendered":"<p>Kleiner Kinderteppich B\u00e4r, 68 x 91 cm<\/p>\n","protected":false},"featured_media":64960,"template":"","meta":[],"product_brand":[],"product_cat":[64,23,1263,1269,31,59],"product_tag":[324],"woo-feed-brand":[],"class_list":{"0":"post-64961","1":"product","2":"type-product","3":"status-publish","4":"has-post-thumbnail","6":"product_cat-kinderzimmer-deko","7":"product_cat-home-living","8":"product_cat-fleuropkids","9":"product_cat-kinderzimmer-deko-fleuropkids","10":"product_cat-heimtextilien","11":"product_cat-kids","12":"product_tag-marein-ag","14":"first","15":"instock","16":"taxable","17":"shipping-taxable","18":"purchasable","19":"product-type-simple"},"_links":{"self":[{"href":"https:\/\/www.fleurop-home.ch\/de-ch\/wp-json\/wp\/v2\/product\/64961","targetHints":{"allow":["GET"]}}],"collection":[{"href":"https:\/\/www.fleurop-home.ch\/de-ch\/wp-json\/wp\/v2\/product"}],"about":[{"href":"https:\/\/www.fleurop-home.ch\/de-ch\/wp-json\/wp\/v2\/types\/product"}],"wp:featuredmedia":[{"embeddable":true,"href":"https:\/\/www.fleurop-home.ch\/de-ch\/wp-json\/wp\/v2\/media\/64960"}],"wp:attachment":[{"href":"https:\/\/www.fleurop-home.ch\/de-ch\/wp-json\/wp\/v2\/media?parent=64961"}],"wp:term":[{"taxonomy":"product_brand","embeddable":true,"href":"https:\/\/www.fleurop-home.ch\/de-ch\/wp-json\/wp\/v2\/product_brand?post=64961"},{"taxonomy":"product_cat","embeddable":true,"href":"https:\/\/www.fleurop-home.ch\/de-ch\/wp-json\/wp\/v2\/product_cat?post=64961"},{"taxonomy":"product_tag","embeddable":true,"href":"https:\/\/www.fleurop-home.ch\/de-ch\/wp-json\/wp\/v2\/product_tag?post=64961"},{"taxonomy":"woo-feed-brand","embeddable":true,"href":"https:\/\/www.fleurop-home.ch\/de-ch\/wp-json\/wp\/v2\/woo-feed-brand?post=64961"}],"curies":[{"name":"wp","href":"https:\/\/api.w.org\/{rel}","templated":true}]}}