{"id":64938,"date":"2025-10-13T15:43:15","date_gmt":"2025-10-13T13:43:15","guid":{"rendered":"https:\/\/www.fleurop-home.ch\/de-ch\/p\/strickdecke-beige-130x170cm"},"modified":"2026-01-05T14:03:34","modified_gmt":"2026-01-05T13:03:34","slug":"strickdecke-beige-130x170cm","status":"publish","type":"product","link":"https:\/\/www.fleurop-home.ch\/de-ch\/p\/strickdecke-beige-130x170cm","title":{"rendered":"Strickdecke, beige, 130x170cm"},"content":{"rendered":"<p>Mit dieser ultra-kuschligen, beigen Baumwolldecke mit eingearbeitetem Strickmuster l\u00e4sst es sich wunderbar auf dem Sofa einkuscheln. Das hochwertige Baumwollgarn sorgt f\u00fcr ein aussergew\u00f6hnlich weiches Finish.<\/p>\n<p>\u2022 Super weiche Qualit\u00e4ts-Baumwolle in sanftem Beigeton<br \/>\n\u2022 Kuschlig weich und anschmiegsam<br \/>\n\u2022 Pflegeleicht, waschbar bei 30 Grad<br \/>\n\u2022 Modernes Dreiecks-Webmuster<br \/>\n\u2022 Hochwertige F\u00e4rbung, welche auch bei vielem Waschen nicht verblasst<br \/>\n\u2022 Standard Mass 130 x 170 cm<\/p>\n","protected":false},"excerpt":{"rendered":"<p>Weiche Strickdecke aus beiger Baumwolle, 130 x 170 cm<\/p>\n","protected":false},"featured_media":64937,"template":"","meta":[],"product_brand":[],"product_cat":[31,23,909,1179,911],"product_tag":[324],"woo-feed-brand":[],"class_list":{"0":"post-64938","1":"product","2":"type-product","3":"status-publish","4":"has-post-thumbnail","6":"product_cat-heimtextilien","7":"product_cat-home-living","8":"product_cat-weihnachten","9":"product_cat-weihnachtsdeko","10":"product_cat-accessoires","11":"product_tag-marein-ag","13":"first","14":"instock","15":"taxable","16":"shipping-taxable","17":"purchasable","18":"product-type-simple"},"_links":{"self":[{"href":"https:\/\/www.fleurop-home.ch\/de-ch\/wp-json\/wp\/v2\/product\/64938","targetHints":{"allow":["GET"]}}],"collection":[{"href":"https:\/\/www.fleurop-home.ch\/de-ch\/wp-json\/wp\/v2\/product"}],"about":[{"href":"https:\/\/www.fleurop-home.ch\/de-ch\/wp-json\/wp\/v2\/types\/product"}],"wp:featuredmedia":[{"embeddable":true,"href":"https:\/\/www.fleurop-home.ch\/de-ch\/wp-json\/wp\/v2\/media\/64937"}],"wp:attachment":[{"href":"https:\/\/www.fleurop-home.ch\/de-ch\/wp-json\/wp\/v2\/media?parent=64938"}],"wp:term":[{"taxonomy":"product_brand","embeddable":true,"href":"https:\/\/www.fleurop-home.ch\/de-ch\/wp-json\/wp\/v2\/product_brand?post=64938"},{"taxonomy":"product_cat","embeddable":true,"href":"https:\/\/www.fleurop-home.ch\/de-ch\/wp-json\/wp\/v2\/product_cat?post=64938"},{"taxonomy":"product_tag","embeddable":true,"href":"https:\/\/www.fleurop-home.ch\/de-ch\/wp-json\/wp\/v2\/product_tag?post=64938"},{"taxonomy":"woo-feed-brand","embeddable":true,"href":"https:\/\/www.fleurop-home.ch\/de-ch\/wp-json\/wp\/v2\/woo-feed-brand?post=64938"}],"curies":[{"name":"wp","href":"https:\/\/api.w.org\/{rel}","templated":true}]}}