{"id":64822,"date":"2025-10-13T15:38:42","date_gmt":"2025-10-13T13:38:42","guid":{"rendered":"https:\/\/www.fleurop-home.ch\/de-ch\/p\/schuessel-mangoholz-20x20cm"},"modified":"2026-01-05T14:03:40","modified_gmt":"2026-01-05T13:03:40","slug":"schuessel-mangoholz-20x20cm","status":"publish","type":"product","link":"https:\/\/www.fleurop-home.ch\/de-ch\/p\/schuessel-mangoholz-20x20cm","title":{"rendered":"Sch\u00fcssel, Mangoholz, 20x20cm"},"content":{"rendered":"<p>Zeitlose und unaufgeregte Schale aus hochwertig verarbeitetem Mango Holz, die sich super als Fruchtschale f\u00fcr die Aufbewahrung von Obst und Gem\u00fcse eignet oder als Salatsch\u00fcssel eignet.<\/p>\n<p>\u2022 Ideal f\u00fcr Obst, Gem\u00fcse oder Salate<br \/>\n\u2022 Aus robustem und pflegeleichtem Mangoholz<br \/>\n\u2022 Lebensmittelecht<br \/>\n\u2022 Nur von Hand sp\u00fclen<br \/>\n\u2022 Durchmesser 19.5 cm<\/p>\n","protected":false},"excerpt":{"rendered":"<p>Fruchtschale \/ Holzschale aus Mangoholz, 10 cm x \u00d8 19.5 cm<\/p>\n","protected":false},"featured_media":64821,"template":"","meta":[],"product_brand":[],"product_cat":[1102,42,1101,43],"product_tag":[324],"woo-feed-brand":[],"class_list":{"0":"post-64822","1":"product","2":"type-product","3":"status-publish","4":"has-post-thumbnail","6":"product_cat-essen","7":"product_cat-kueche","8":"product_cat-geschirr","9":"product_cat-gedeckter-tisch","10":"product_tag-marein-ag","12":"first","13":"instock","14":"taxable","15":"shipping-taxable","16":"purchasable","17":"product-type-simple"},"_links":{"self":[{"href":"https:\/\/www.fleurop-home.ch\/de-ch\/wp-json\/wp\/v2\/product\/64822","targetHints":{"allow":["GET"]}}],"collection":[{"href":"https:\/\/www.fleurop-home.ch\/de-ch\/wp-json\/wp\/v2\/product"}],"about":[{"href":"https:\/\/www.fleurop-home.ch\/de-ch\/wp-json\/wp\/v2\/types\/product"}],"wp:featuredmedia":[{"embeddable":true,"href":"https:\/\/www.fleurop-home.ch\/de-ch\/wp-json\/wp\/v2\/media\/64821"}],"wp:attachment":[{"href":"https:\/\/www.fleurop-home.ch\/de-ch\/wp-json\/wp\/v2\/media?parent=64822"}],"wp:term":[{"taxonomy":"product_brand","embeddable":true,"href":"https:\/\/www.fleurop-home.ch\/de-ch\/wp-json\/wp\/v2\/product_brand?post=64822"},{"taxonomy":"product_cat","embeddable":true,"href":"https:\/\/www.fleurop-home.ch\/de-ch\/wp-json\/wp\/v2\/product_cat?post=64822"},{"taxonomy":"product_tag","embeddable":true,"href":"https:\/\/www.fleurop-home.ch\/de-ch\/wp-json\/wp\/v2\/product_tag?post=64822"},{"taxonomy":"woo-feed-brand","embeddable":true,"href":"https:\/\/www.fleurop-home.ch\/de-ch\/wp-json\/wp\/v2\/woo-feed-brand?post=64822"}],"curies":[{"name":"wp","href":"https:\/\/api.w.org\/{rel}","templated":true}]}}