{"id":64755,"date":"2025-10-13T15:31:38","date_gmt":"2025-10-13T13:31:38","guid":{"rendered":"https:\/\/www.fleurop-home.ch\/de-ch\/p\/akazienholzbrett-45-x-19-cm"},"modified":"2026-04-01T15:02:18","modified_gmt":"2026-04-01T13:02:18","slug":"akazienholzbrett-45-x-19-cm","status":"publish","type":"product","link":"https:\/\/www.fleurop-home.ch\/de-ch\/p\/akazienholzbrett-45-x-19-cm","title":{"rendered":"Akazienholzbrett, 45 x 19 cm"},"content":{"rendered":"<p>Entdecke unser charmantes ovales Holzbrett aus Akazienholz mit einem praktischen Griff! Perfekt zum Servieren oder Zubereiten von Speisen. Hergestellt aus robustem, pflegeleichtem Akazienholz, ist es lebensmittelecht und einfach von Hand zu sp\u00fclen. Mit den Massen 45 cm x 19 cm ist dieses Brett nicht nur funktional, sondern auch ein stilvolles Accessoire f\u00fcr deine K\u00fcche.<\/p>\n<p>\u2022 Kleines Holzbrett, ideal zum Servieren oder Zubereiten von Speisen<br \/>\n\u2022 Aus robustem und pflegeleichtem Akazienholz<br \/>\n\u2022 Lebensmittelecht<br \/>\n\u2022 Von Hand sp\u00fclen<br \/>\n\u2022 Masse: L 45 x B 19 x H 1.6 cm<\/p>\n","protected":false},"excerpt":{"rendered":"<p>Ovales Holzbrett \/ Schneidebrett aus Akazienholz mit Griff, 45 cm x 19 cm<\/p>\n","protected":false},"featured_media":64754,"template":"","meta":[],"product_brand":[],"product_cat":[44,1022,797,1019,1018,984,994,42,1108,1104,43],"product_tag":[324],"woo-feed-brand":[],"class_list":{"0":"post-64755","1":"product","2":"type-product","3":"status-publish","4":"has-post-thumbnail","6":"product_cat-kuechenhelfer","7":"product_cat-brunch","8":"product_cat-muttertag","9":"product_cat-osterbrunch","10":"product_cat-ostern","11":"product_cat-silvester","12":"product_cat-silvestertisch","13":"product_cat-kueche","14":"product_cat-tabletts","15":"product_cat-tischakzente","16":"product_cat-gedeckter-tisch","17":"product_tag-marein-ag","19":"first","20":"instock","21":"featured","22":"taxable","23":"shipping-taxable","24":"purchasable","25":"product-type-simple"},"_links":{"self":[{"href":"https:\/\/www.fleurop-home.ch\/de-ch\/wp-json\/wp\/v2\/product\/64755","targetHints":{"allow":["GET"]}}],"collection":[{"href":"https:\/\/www.fleurop-home.ch\/de-ch\/wp-json\/wp\/v2\/product"}],"about":[{"href":"https:\/\/www.fleurop-home.ch\/de-ch\/wp-json\/wp\/v2\/types\/product"}],"wp:featuredmedia":[{"embeddable":true,"href":"https:\/\/www.fleurop-home.ch\/de-ch\/wp-json\/wp\/v2\/media\/64754"}],"wp:attachment":[{"href":"https:\/\/www.fleurop-home.ch\/de-ch\/wp-json\/wp\/v2\/media?parent=64755"}],"wp:term":[{"taxonomy":"product_brand","embeddable":true,"href":"https:\/\/www.fleurop-home.ch\/de-ch\/wp-json\/wp\/v2\/product_brand?post=64755"},{"taxonomy":"product_cat","embeddable":true,"href":"https:\/\/www.fleurop-home.ch\/de-ch\/wp-json\/wp\/v2\/product_cat?post=64755"},{"taxonomy":"product_tag","embeddable":true,"href":"https:\/\/www.fleurop-home.ch\/de-ch\/wp-json\/wp\/v2\/product_tag?post=64755"},{"taxonomy":"woo-feed-brand","embeddable":true,"href":"https:\/\/www.fleurop-home.ch\/de-ch\/wp-json\/wp\/v2\/woo-feed-brand?post=64755"}],"curies":[{"name":"wp","href":"https:\/\/api.w.org\/{rel}","templated":true}]}}