{"id":64742,"date":"2025-10-13T15:31:14","date_gmt":"2025-10-13T13:31:14","guid":{"rendered":"https:\/\/www.fleurop-home.ch\/de-ch\/p\/7-tlg-set-keramik-matcha-tee-kit-japanisches-te"},"modified":"2026-04-07T11:12:32","modified_gmt":"2026-04-07T09:12:32","slug":"keramik-matcha-tee-kit-7-tlg-set","status":"publish","type":"product","link":"https:\/\/www.fleurop-home.ch\/de-ch\/p\/keramik-matcha-tee-kit-7-tlg-set","title":{"rendered":"Keramik Matcha Tee Kit (7-tlg. Set)"},"content":{"rendered":"<p>Trinkst du gerne frisch aufgebr\u00fchten Matcha Tee?<br \/>\nDann bestelle dir noch heute dieses traditionelle japanische Teezeremonie Zubeh\u00f6r f\u00fcr einen gelungenen Matcha Tee! Der Chasen R\u00fchrbesen wurde aus hochwertigem Bambus gefertigt und liegt angenehm in der Hand. Gebe 1 g Matcha Pulver in die gr\u00fcne Keramik und siebe dieses in die Schale und giesse dieses mit circa 100 ml 80\u00baC heissem Wasser auf. Nun schl\u00e4gst du den Tee mithilfe des Besens auf, bis dieser anf\u00e4ngt zu sch\u00e4umen und cremig wird. Geniesse dein Heissgetr\u00e4nk in Verbindung mit einer japanischen Teezeremonie.<\/p>\n<p>Den Besen kannst du nach der Ben\u00fctzung einfach auf der praktischen Keramik Halterung abstellen.<\/p>\n<p>\u2022 Farbe: Gr\u00fcn\/Braun\/Schwarz<br \/>\n\u2022 Material: Keramik\/Bambus\/Metall\/Kunststoff\/Stoff<br \/>\n\u2022 Gewicht total: ca. 920 g<br \/>\n\u2022 Dieses Set beinhaltet:<br \/>\n1 x Chasen R\u00fchrbesen ca. 10.5 x 5.5 cm<br \/>\n1 x Matcha Schale ca. \u00d8 12.5 x 7.5 cm<br \/>\n1 x Matcha L\u00f6ffel ca. 17.5 cm<br \/>\n1 x Halterung f\u00fcr Chasen ca. 7 x 6 cm<br \/>\n1 x Halterung f\u00fcr L\u00f6ffel ca. 10 x 3 cm<br \/>\n1 x Sieb ca. 8.5 x 16 cm<br \/>\n1 x Mikrofaser Tuch ca. 29.5 x 17 cm<\/p>\n","protected":false},"excerpt":{"rendered":"<p>Keramik Matcha Tee Kit Japanisches Teezeremonie Zubeh\u00f6r \u2013 Gr\u00fcn, 7-tlg. Set<\/p>\n","protected":false},"featured_media":65986,"template":"","meta":[],"product_brand":[],"product_cat":[1103,984,993,42,1101,956,43,885,52,1225,53],"product_tag":[324],"woo-feed-brand":[],"class_list":{"0":"post-64742","1":"product","2":"type-product","3":"status-publish","4":"has-post-thumbnail","6":"product_cat-trinken","7":"product_cat-silvester","8":"product_cat-silvestergeschenke","9":"product_cat-kueche","10":"product_cat-geschirr","11":"product_cat-tee","12":"product_cat-gedeckter-tisch","13":"product_cat-koestlichkeiten","14":"product_cat-geschenke","15":"product_cat-genuss","16":"product_cat-geschenksets","17":"product_tag-marein-ag","19":"first","20":"instock","21":"taxable","22":"shipping-taxable","23":"purchasable","24":"product-type-simple"},"_links":{"self":[{"href":"https:\/\/www.fleurop-home.ch\/de-ch\/wp-json\/wp\/v2\/product\/64742","targetHints":{"allow":["GET"]}}],"collection":[{"href":"https:\/\/www.fleurop-home.ch\/de-ch\/wp-json\/wp\/v2\/product"}],"about":[{"href":"https:\/\/www.fleurop-home.ch\/de-ch\/wp-json\/wp\/v2\/types\/product"}],"wp:featuredmedia":[{"embeddable":true,"href":"https:\/\/www.fleurop-home.ch\/de-ch\/wp-json\/wp\/v2\/media\/65986"}],"wp:attachment":[{"href":"https:\/\/www.fleurop-home.ch\/de-ch\/wp-json\/wp\/v2\/media?parent=64742"}],"wp:term":[{"taxonomy":"product_brand","embeddable":true,"href":"https:\/\/www.fleurop-home.ch\/de-ch\/wp-json\/wp\/v2\/product_brand?post=64742"},{"taxonomy":"product_cat","embeddable":true,"href":"https:\/\/www.fleurop-home.ch\/de-ch\/wp-json\/wp\/v2\/product_cat?post=64742"},{"taxonomy":"product_tag","embeddable":true,"href":"https:\/\/www.fleurop-home.ch\/de-ch\/wp-json\/wp\/v2\/product_tag?post=64742"},{"taxonomy":"woo-feed-brand","embeddable":true,"href":"https:\/\/www.fleurop-home.ch\/de-ch\/wp-json\/wp\/v2\/woo-feed-brand?post=64742"}],"curies":[{"name":"wp","href":"https:\/\/api.w.org\/{rel}","templated":true}]}}