{"id":64733,"date":"2025-10-13T15:30:58","date_gmt":"2025-10-13T13:30:58","guid":{"rendered":"https:\/\/www.fleurop-home.ch\/de-ch\/p\/4-tlg-set-keramik-matcha-tee-kit-japanisches-teezeremonie-zubehoer-mit-chasen-ruehrbesen-schale"},"modified":"2026-03-18T13:37:35","modified_gmt":"2026-03-18T12:37:35","slug":"keramik-matcha-tee-kit-4-tlg-set","status":"publish","type":"product","link":"https:\/\/www.fleurop-home.ch\/de-ch\/p\/keramik-matcha-tee-kit-4-tlg-set","title":{"rendered":"Keramik Matcha Tee Kit (4-tlg. Set)"},"content":{"rendered":"<p>Trinkst du gerne frisch aufgebr\u00fchten Matcha Tee?<\/p>\n<p>Dann bestelle dir noch heute dieses traditionelle japanische Teezeremonie Zubeh\u00f6r f\u00fcr einen gelungenen Matcha Tee! Der Chasen R\u00fchrbesen wurde aus hochwertigem Bambus gefertigt und liegt angenehm in der Hand. Gebe 1 g Matcha Pulver in die gr\u00fcne Keramik Schale und giesse dieses mit circa 100 ml 80\u00baC heissem Wasser auf. Nun schl\u00e4gst du den Tee mithilfe des Besens auf, bis dieser anf\u00e4ngt zu sch\u00e4umen und cremig wird. Geniesse dein Heissgetr\u00e4nk in Verbindung mit einer japanischen Teezeremonie.<\/p>\n<p>Dieses Set beinhaltet:<br \/>\n1 x Chasen R\u00fchrbesen 11 x 6 cm<br \/>\n1 x Matcha Schale \u00d8 12 x 6 cm<br \/>\n1 x Matcha L\u00f6ffel 17.5 cm<br \/>\n1 x Halterung f\u00fcr Chasen 7 x 6.5 cm<\/p>\n<p>\u2022 Traditioneller Tee Pulver R\u00fchrbesen<br \/>\n\u2022 R\u00fchrbesen aus Bambus gefertigt<br \/>\n\u2022 Ideal f\u00fcr Teezeremonien geeignet<br \/>\n\u2022 Mit R\u00fchrbesen Tee schaumig schlagen<br \/>\n\u2022 Schale und Halterung aus Keramik<br \/>\n\u2022 Auch toll als Geschenkidee geeignet<br \/>\n\u2022 Farbe: Gr\u00fcn\/Braun<br \/>\n\u2022 Material: Keramik\/Bambus<br \/>\n\u2022 Gewicht total: ca. 800 g<\/p>\n","protected":false},"excerpt":{"rendered":"<p>Keramik Matcha Tee Kit Japanisches Teezeremonie Zubeh\u00f6r \u2013 Gr\u00fcn, 4-tlg. Set<\/p>\n","protected":false},"featured_media":64732,"template":"","meta":[],"product_brand":[],"product_cat":[1103,1019,1018,42,1101,956,43,885,52,1225,53],"product_tag":[324],"woo-feed-brand":[],"class_list":{"0":"post-64733","1":"product","2":"type-product","3":"status-publish","4":"has-post-thumbnail","6":"product_cat-trinken","7":"product_cat-osterbrunch","8":"product_cat-ostern","9":"product_cat-kueche","10":"product_cat-geschirr","11":"product_cat-tee","12":"product_cat-gedeckter-tisch","13":"product_cat-koestlichkeiten","14":"product_cat-geschenke","15":"product_cat-genuss","16":"product_cat-geschenksets","17":"product_tag-marein-ag","19":"first","20":"instock","21":"taxable","22":"shipping-taxable","23":"purchasable","24":"product-type-simple"},"_links":{"self":[{"href":"https:\/\/www.fleurop-home.ch\/de-ch\/wp-json\/wp\/v2\/product\/64733","targetHints":{"allow":["GET"]}}],"collection":[{"href":"https:\/\/www.fleurop-home.ch\/de-ch\/wp-json\/wp\/v2\/product"}],"about":[{"href":"https:\/\/www.fleurop-home.ch\/de-ch\/wp-json\/wp\/v2\/types\/product"}],"wp:featuredmedia":[{"embeddable":true,"href":"https:\/\/www.fleurop-home.ch\/de-ch\/wp-json\/wp\/v2\/media\/64732"}],"wp:attachment":[{"href":"https:\/\/www.fleurop-home.ch\/de-ch\/wp-json\/wp\/v2\/media?parent=64733"}],"wp:term":[{"taxonomy":"product_brand","embeddable":true,"href":"https:\/\/www.fleurop-home.ch\/de-ch\/wp-json\/wp\/v2\/product_brand?post=64733"},{"taxonomy":"product_cat","embeddable":true,"href":"https:\/\/www.fleurop-home.ch\/de-ch\/wp-json\/wp\/v2\/product_cat?post=64733"},{"taxonomy":"product_tag","embeddable":true,"href":"https:\/\/www.fleurop-home.ch\/de-ch\/wp-json\/wp\/v2\/product_tag?post=64733"},{"taxonomy":"woo-feed-brand","embeddable":true,"href":"https:\/\/www.fleurop-home.ch\/de-ch\/wp-json\/wp\/v2\/woo-feed-brand?post=64733"}],"curies":[{"name":"wp","href":"https:\/\/api.w.org\/{rel}","templated":true}]}}