{"id":64726,"date":"2025-10-13T15:30:46","date_gmt":"2025-10-13T13:30:46","guid":{"rendered":"https:\/\/www.fleurop-home.ch\/de-ch\/p\/macchiatotasse-blau-grau"},"modified":"2026-03-18T13:37:35","modified_gmt":"2026-03-18T12:37:35","slug":"macchiatotasse-blau-grau","status":"publish","type":"product","link":"https:\/\/www.fleurop-home.ch\/de-ch\/p\/macchiatotasse-blau-grau","title":{"rendered":"Macchiatotasse, blau-grau"},"content":{"rendered":"<p>Geniesse deinen Macchiato stilvoll mit unserer handglasierten Macchiatotasse aus bruchsicherem Steingut in blau-grau. Diese Tasse ist nicht nur ein optisches Highlight, sondern auch praktisch und funktional.<\/p>\n<p>Mit einer Kapazit\u00e4t von 330 ml bietet sie ausreichend Platz f\u00fcr deinen Lieblingskaffee. Die Tasse ist lebensmittelecht und sp\u00fclmaschinenfest, was die Reinigung zum Kinderspiel macht.<\/p>\n<p>\u2022 Macchiatotasse aus bruchsicherem Steingut<br \/>\n\u2022 Lebensmittelecht und sp\u00fclmaschinenfest<br \/>\n\u2022 Fasst 330 ml<br \/>\n\u2022 Masse: H\u00f6he 12.5 cm x Durchmesser 9 cm<br \/>\n\u2022 Passende Espresso Tassen sind separat erh\u00e4ltlich<\/p>\n","protected":false},"excerpt":{"rendered":"<p>Handglasierte Tasse aus Steingut \/ Macchiatotasse in blau-grau, 330 ml, H 12.5 cm x \u00d8 9 cm<\/p>\n","protected":false},"featured_media":66974,"template":"","meta":[],"product_brand":[],"product_cat":[1103,1019,1018,42,1101,43],"product_tag":[324],"woo-feed-brand":[],"class_list":{"0":"post-64726","1":"product","2":"type-product","3":"status-publish","4":"has-post-thumbnail","6":"product_cat-trinken","7":"product_cat-osterbrunch","8":"product_cat-ostern","9":"product_cat-kueche","10":"product_cat-geschirr","11":"product_cat-gedeckter-tisch","12":"product_tag-marein-ag","14":"first","15":"instock","16":"taxable","17":"shipping-taxable","18":"purchasable","19":"product-type-simple"},"_links":{"self":[{"href":"https:\/\/www.fleurop-home.ch\/de-ch\/wp-json\/wp\/v2\/product\/64726","targetHints":{"allow":["GET"]}}],"collection":[{"href":"https:\/\/www.fleurop-home.ch\/de-ch\/wp-json\/wp\/v2\/product"}],"about":[{"href":"https:\/\/www.fleurop-home.ch\/de-ch\/wp-json\/wp\/v2\/types\/product"}],"wp:featuredmedia":[{"embeddable":true,"href":"https:\/\/www.fleurop-home.ch\/de-ch\/wp-json\/wp\/v2\/media\/66974"}],"wp:attachment":[{"href":"https:\/\/www.fleurop-home.ch\/de-ch\/wp-json\/wp\/v2\/media?parent=64726"}],"wp:term":[{"taxonomy":"product_brand","embeddable":true,"href":"https:\/\/www.fleurop-home.ch\/de-ch\/wp-json\/wp\/v2\/product_brand?post=64726"},{"taxonomy":"product_cat","embeddable":true,"href":"https:\/\/www.fleurop-home.ch\/de-ch\/wp-json\/wp\/v2\/product_cat?post=64726"},{"taxonomy":"product_tag","embeddable":true,"href":"https:\/\/www.fleurop-home.ch\/de-ch\/wp-json\/wp\/v2\/product_tag?post=64726"},{"taxonomy":"woo-feed-brand","embeddable":true,"href":"https:\/\/www.fleurop-home.ch\/de-ch\/wp-json\/wp\/v2\/woo-feed-brand?post=64726"}],"curies":[{"name":"wp","href":"https:\/\/api.w.org\/{rel}","templated":true}]}}