{"id":64706,"date":"2025-10-13T15:30:13","date_gmt":"2025-10-13T13:30:13","guid":{"rendered":"https:\/\/www.fleurop-home.ch\/de-ch\/p\/akazienholzbrett-35-x-18-cm"},"modified":"2026-04-01T15:02:18","modified_gmt":"2026-04-01T13:02:18","slug":"akazienholzbrett-35-x-18-cm","status":"publish","type":"product","link":"https:\/\/www.fleurop-home.ch\/de-ch\/p\/akazienholzbrett-35-x-18-cm","title":{"rendered":"Akazienholzbrett, 35 x 18 cm"},"content":{"rendered":"<p>Erlebe die perfekte Verbindung von Praktikabilit\u00e4t und Stil mit unserem eckigen Holzbrett aus Akazienholz! Es eignet sich perfekt zum Servieren und Zubereiten von K\u00f6stlichkeiten und verleiht deiner K\u00fcche eine nat\u00fcrliche Note. Hergestellt aus robustem, pflegeleichtem Akazienholz, ist es lebensmittelecht und m\u00fchelos von Hand zu sp\u00fclen. Mit den Massen 35 cm x 18 cm und einem handlichen Griff wird dieses Brett zu einem ansprechenden Begleiter f\u00fcr deine kulinarischen Kreationen.<\/p>\n<p>\u2022 Kleines Holzbrett, ideal zum Servieren oder Zubereiten von Speisen<br \/>\n\u2022 Aus robustem und pflegeleichtem Akazienholz<br \/>\n\u2022 Lebensmittelecht<br \/>\n\u2022 Von Hand sp\u00fclen<br \/>\n\u2022 Masse: L 35 x B 18 x H 1.6 cm<\/p>\n","protected":false},"excerpt":{"rendered":"<p>Eckiges Holzbrett \/ Schneidebrett aus Akazienholz mit Griff und Schnur, 35 cm x 18 cm<\/p>\n","protected":false},"featured_media":64705,"template":"","meta":[],"product_brand":[],"product_cat":[44,1022,797,1019,1018,42,1108,1104,43],"product_tag":[324],"woo-feed-brand":[],"class_list":{"0":"post-64706","1":"product","2":"type-product","3":"status-publish","4":"has-post-thumbnail","6":"product_cat-kuechenhelfer","7":"product_cat-brunch","8":"product_cat-muttertag","9":"product_cat-osterbrunch","10":"product_cat-ostern","11":"product_cat-kueche","12":"product_cat-tabletts","13":"product_cat-tischakzente","14":"product_cat-gedeckter-tisch","15":"product_tag-marein-ag","17":"first","18":"instock","19":"taxable","20":"shipping-taxable","21":"purchasable","22":"product-type-simple"},"_links":{"self":[{"href":"https:\/\/www.fleurop-home.ch\/de-ch\/wp-json\/wp\/v2\/product\/64706","targetHints":{"allow":["GET"]}}],"collection":[{"href":"https:\/\/www.fleurop-home.ch\/de-ch\/wp-json\/wp\/v2\/product"}],"about":[{"href":"https:\/\/www.fleurop-home.ch\/de-ch\/wp-json\/wp\/v2\/types\/product"}],"wp:featuredmedia":[{"embeddable":true,"href":"https:\/\/www.fleurop-home.ch\/de-ch\/wp-json\/wp\/v2\/media\/64705"}],"wp:attachment":[{"href":"https:\/\/www.fleurop-home.ch\/de-ch\/wp-json\/wp\/v2\/media?parent=64706"}],"wp:term":[{"taxonomy":"product_brand","embeddable":true,"href":"https:\/\/www.fleurop-home.ch\/de-ch\/wp-json\/wp\/v2\/product_brand?post=64706"},{"taxonomy":"product_cat","embeddable":true,"href":"https:\/\/www.fleurop-home.ch\/de-ch\/wp-json\/wp\/v2\/product_cat?post=64706"},{"taxonomy":"product_tag","embeddable":true,"href":"https:\/\/www.fleurop-home.ch\/de-ch\/wp-json\/wp\/v2\/product_tag?post=64706"},{"taxonomy":"woo-feed-brand","embeddable":true,"href":"https:\/\/www.fleurop-home.ch\/de-ch\/wp-json\/wp\/v2\/woo-feed-brand?post=64706"}],"curies":[{"name":"wp","href":"https:\/\/api.w.org\/{rel}","templated":true}]}}