{"id":64700,"date":"2025-10-13T15:30:02","date_gmt":"2025-10-13T13:30:02","guid":{"rendered":"https:\/\/www.fleurop-home.ch\/de-ch\/p\/250ml-doppelwandiges-cappuccino-glas-kaffee-cup-tee-tasse-transparent"},"modified":"2026-04-01T15:02:18","modified_gmt":"2026-04-01T13:02:18","slug":"doppelwandiges-teeglas-cappuccino-glas-250ml","status":"publish","type":"product","link":"https:\/\/www.fleurop-home.ch\/de-ch\/p\/doppelwandiges-teeglas-cappuccino-glas-250ml","title":{"rendered":"Doppelwandiges Teeglas \/ Cappuccino Glas, 250ml"},"content":{"rendered":"<p>Bestelle jetzt diesen stylischen Kaffee Cup mit einer Doppelwand. Das Design des Glases ist ein richtiger Hingucker, egal ob f\u00fcr Kaffee, Cappuccino, Tee oder kalte Milchgetr\u00e4nke. Die Tasse h\u00e4lt Temperaturen von -20 \u2013 150 \u00baC stand und ist zudem eine ideale Geschenkidee f\u00fcr Geburtstage, Weihnachten etc.<\/p>\n<p>\u2022 H\u00e4lt Temperaturen von -20 bis 150 \u00baC stand<br \/>\n\u2022 Kann im Geschirrsp\u00fcler gereinigt werden<br \/>\n\u2022 Farbe: Transparent<br \/>\n\u2022 Motiv: Doppelwandig<br \/>\n\u2022 Material: Glas<br \/>\n\u2022 Gr\u00f6sse: ca. \u00d8 8 x 9 cm<br \/>\n\u2022 Fassungsverm\u00f6gen: ca. 250 ml<br \/>\n\u2022 Gewicht: ca. 128 g<\/p>\n","protected":false},"excerpt":{"rendered":"<p>(250ml) Doppelwandiges Cappuccino Glas Kaffee Cup Tee Tasse &#8211; Transparent<\/p>\n","protected":false},"featured_media":65942,"template":"","meta":[],"product_brand":[],"product_cat":[1103,1022,797,1019,1018,42,1101,43],"product_tag":[324],"woo-feed-brand":[],"class_list":{"0":"post-64700","1":"product","2":"type-product","3":"status-publish","4":"has-post-thumbnail","6":"product_cat-trinken","7":"product_cat-brunch","8":"product_cat-muttertag","9":"product_cat-osterbrunch","10":"product_cat-ostern","11":"product_cat-kueche","12":"product_cat-geschirr","13":"product_cat-gedeckter-tisch","14":"product_tag-marein-ag","16":"first","17":"instock","18":"taxable","19":"shipping-taxable","20":"purchasable","21":"product-type-simple"},"_links":{"self":[{"href":"https:\/\/www.fleurop-home.ch\/de-ch\/wp-json\/wp\/v2\/product\/64700","targetHints":{"allow":["GET"]}}],"collection":[{"href":"https:\/\/www.fleurop-home.ch\/de-ch\/wp-json\/wp\/v2\/product"}],"about":[{"href":"https:\/\/www.fleurop-home.ch\/de-ch\/wp-json\/wp\/v2\/types\/product"}],"wp:featuredmedia":[{"embeddable":true,"href":"https:\/\/www.fleurop-home.ch\/de-ch\/wp-json\/wp\/v2\/media\/65942"}],"wp:attachment":[{"href":"https:\/\/www.fleurop-home.ch\/de-ch\/wp-json\/wp\/v2\/media?parent=64700"}],"wp:term":[{"taxonomy":"product_brand","embeddable":true,"href":"https:\/\/www.fleurop-home.ch\/de-ch\/wp-json\/wp\/v2\/product_brand?post=64700"},{"taxonomy":"product_cat","embeddable":true,"href":"https:\/\/www.fleurop-home.ch\/de-ch\/wp-json\/wp\/v2\/product_cat?post=64700"},{"taxonomy":"product_tag","embeddable":true,"href":"https:\/\/www.fleurop-home.ch\/de-ch\/wp-json\/wp\/v2\/product_tag?post=64700"},{"taxonomy":"woo-feed-brand","embeddable":true,"href":"https:\/\/www.fleurop-home.ch\/de-ch\/wp-json\/wp\/v2\/woo-feed-brand?post=64700"}],"curies":[{"name":"wp","href":"https:\/\/api.w.org\/{rel}","templated":true}]}}