{"id":64680,"date":"2025-10-13T15:29:33","date_gmt":"2025-10-13T13:29:33","guid":{"rendered":"https:\/\/www.fleurop-home.ch\/de-ch\/p\/kindergeschirrset-sienna"},"modified":"2026-02-12T11:40:24","modified_gmt":"2026-02-12T10:40:24","slug":"kindergeschirrset-sienna","status":"publish","type":"product","link":"https:\/\/www.fleurop-home.ch\/de-ch\/p\/kindergeschirrset-sienna","title":{"rendered":"Kindergeschirrset, Sienna"},"content":{"rendered":"<p>Unser Kinder Geschirrset \u201cB\u00e4r\u201d in Sienna Farben ist ein vielseitiges und farbenfrohes Set, das die Kleinen lieben werden. Es enth\u00e4lt ein Tischset in niedlicher B\u00e4renform, 2 Teller mit Saugn\u00e4pfen in verschiedenen Gr\u00f6ssen, einen Trinkbecher mit Strohhalm, ein praktisches L\u00e4tzchen mit Auffangschale sowie Gabel und L\u00f6ffel. Das Set ist sp\u00fclmaschinenfest und aus zertifiziertem, sicheren Silikonmaterial hergestellt. In seiner ansprechenden Verpackung ist es ein ideales Geschenk. Dieses Geschirrset macht Mahlzeiten f\u00fcr Kinder nicht nur einfacher, sondern auch unterhaltsamer.<\/p>\n<p>\u2022 Geschirrset aus Silikon in Siennafarben<br \/>\n\u2022 1 x Tischset in B\u00e4renform, 2 x Teller in B\u00e4renform in verschiedenen Gr\u00f6ssen mit Saugnapf, 1 x Trinkbecher mit Strohhalm, 1 x L\u00e4tzchen mit Auffangschale, 1 x Gabel, 1 x L\u00f6ffel<br \/>\n\u2022 Sp\u00fclmaschinenfest<br \/>\n\u2022 Ideales Geschenk dank sch\u00f6ner Verpackung<br \/>\n\u2022 Zertifiziertes, BPA Freies- und Lebensmittelechtes Silikon, SGS &amp; FDA zugelassen<\/p>\n","protected":false},"excerpt":{"rendered":"<p>Kinder Geschirrset \u201cB\u00e4r\u201d, aus Silikon in Sienna\/Beige\/Rostrot, mit Tellern, Besteck, Becher, Tischset und L\u00e4tzchen<\/p>\n","protected":false},"featured_media":64679,"template":"","meta":[],"product_brand":[],"product_cat":[61,909,916,59],"product_tag":[324],"woo-feed-brand":[],"class_list":{"0":"post-64680","1":"product","2":"type-product","3":"status-publish","4":"has-post-thumbnail","6":"product_cat-kindergeschirr","7":"product_cat-weihnachten","8":"product_cat-praesente","9":"product_cat-kids","10":"product_tag-marein-ag","12":"first","13":"instock","14":"taxable","15":"shipping-taxable","16":"purchasable","17":"product-type-simple"},"_links":{"self":[{"href":"https:\/\/www.fleurop-home.ch\/de-ch\/wp-json\/wp\/v2\/product\/64680","targetHints":{"allow":["GET"]}}],"collection":[{"href":"https:\/\/www.fleurop-home.ch\/de-ch\/wp-json\/wp\/v2\/product"}],"about":[{"href":"https:\/\/www.fleurop-home.ch\/de-ch\/wp-json\/wp\/v2\/types\/product"}],"wp:featuredmedia":[{"embeddable":true,"href":"https:\/\/www.fleurop-home.ch\/de-ch\/wp-json\/wp\/v2\/media\/64679"}],"wp:attachment":[{"href":"https:\/\/www.fleurop-home.ch\/de-ch\/wp-json\/wp\/v2\/media?parent=64680"}],"wp:term":[{"taxonomy":"product_brand","embeddable":true,"href":"https:\/\/www.fleurop-home.ch\/de-ch\/wp-json\/wp\/v2\/product_brand?post=64680"},{"taxonomy":"product_cat","embeddable":true,"href":"https:\/\/www.fleurop-home.ch\/de-ch\/wp-json\/wp\/v2\/product_cat?post=64680"},{"taxonomy":"product_tag","embeddable":true,"href":"https:\/\/www.fleurop-home.ch\/de-ch\/wp-json\/wp\/v2\/product_tag?post=64680"},{"taxonomy":"woo-feed-brand","embeddable":true,"href":"https:\/\/www.fleurop-home.ch\/de-ch\/wp-json\/wp\/v2\/woo-feed-brand?post=64680"}],"curies":[{"name":"wp","href":"https:\/\/api.w.org\/{rel}","templated":true}]}}