{"id":64671,"date":"2025-10-13T15:29:20","date_gmt":"2025-10-13T13:29:20","guid":{"rendered":"https:\/\/www.fleurop-home.ch\/de-ch\/p\/kindergeschirrset-terra"},"modified":"2026-01-05T14:03:47","modified_gmt":"2026-01-05T13:03:47","slug":"kindergeschirrset-terra","status":"publish","type":"product","link":"https:\/\/www.fleurop-home.ch\/de-ch\/p\/kindergeschirrset-terra","title":{"rendered":"Kindergeschirrset, Terra"},"content":{"rendered":"<p>Unser Kinder Geschirrset \u201cKatze\u201d in Terrafarben ist nicht nur praktisch, sondern auch super niedlich. Das Set beinhaltet ein Tischset in Katzenform, 2 Teller mit Saugn\u00e4pfen in verschiedenen Gr\u00f6ssen, einen Trinkbecher mit Strohhalm, ein L\u00e4tzchen mit Auffangschale sowie Gabel und L\u00f6ffel. Hergestellt aus sicheren Silikonmaterialien ist das Set sp\u00fclmaschinenfest und leicht zu reinigen. Verpackt in einer ansprechenden Verpackung, ist es ein ideales Geschenk f\u00fcr Kinder. Dieses Geschirrset macht das Essenlernen nicht nur bequem, sondern auch spassig.<\/p>\n<p>\u2022 Geschirrset aus Silikon in Terrafarben<br \/>\n\u2022 1 x Tischset in Katzenform, 2 x Teller in Katzenform in verschiedenen Gr\u00f6ssen mit Saugnapf, 1 x Trinkbecher mit Strohhalm, 1 x L\u00e4tzchen mit Auffangschale, 1 x Gabel, 1 x L\u00f6ffel<br \/>\n\u2022 Sp\u00fclmaschinenfest<br \/>\n\u2022 Ideales Geschenk dank sch\u00f6ner Verpackung<br \/>\n\u2022 Zertifiziertes, BPA Freies- und Lebensmittelechtes Silikon, SGS &amp; FDA zugelassen<\/p>\n","protected":false},"excerpt":{"rendered":"<p>Kinder Geschirrset \u201cKatze\u201d, aus Silikon in Gr\u00fcn\/Beige\/Grau, mit Tellern, Besteck, Becher, Tischset und L\u00e4tzchen<\/p>\n","protected":false},"featured_media":64670,"template":"","meta":[],"product_brand":[],"product_cat":[61,909,916,59],"product_tag":[324],"woo-feed-brand":[],"class_list":{"0":"post-64671","1":"product","2":"type-product","3":"status-publish","4":"has-post-thumbnail","6":"product_cat-kindergeschirr","7":"product_cat-weihnachten","8":"product_cat-praesente","9":"product_cat-kids","10":"product_tag-marein-ag","12":"first","13":"instock","14":"taxable","15":"shipping-taxable","16":"purchasable","17":"product-type-simple"},"_links":{"self":[{"href":"https:\/\/www.fleurop-home.ch\/de-ch\/wp-json\/wp\/v2\/product\/64671","targetHints":{"allow":["GET"]}}],"collection":[{"href":"https:\/\/www.fleurop-home.ch\/de-ch\/wp-json\/wp\/v2\/product"}],"about":[{"href":"https:\/\/www.fleurop-home.ch\/de-ch\/wp-json\/wp\/v2\/types\/product"}],"wp:featuredmedia":[{"embeddable":true,"href":"https:\/\/www.fleurop-home.ch\/de-ch\/wp-json\/wp\/v2\/media\/64670"}],"wp:attachment":[{"href":"https:\/\/www.fleurop-home.ch\/de-ch\/wp-json\/wp\/v2\/media?parent=64671"}],"wp:term":[{"taxonomy":"product_brand","embeddable":true,"href":"https:\/\/www.fleurop-home.ch\/de-ch\/wp-json\/wp\/v2\/product_brand?post=64671"},{"taxonomy":"product_cat","embeddable":true,"href":"https:\/\/www.fleurop-home.ch\/de-ch\/wp-json\/wp\/v2\/product_cat?post=64671"},{"taxonomy":"product_tag","embeddable":true,"href":"https:\/\/www.fleurop-home.ch\/de-ch\/wp-json\/wp\/v2\/product_tag?post=64671"},{"taxonomy":"woo-feed-brand","embeddable":true,"href":"https:\/\/www.fleurop-home.ch\/de-ch\/wp-json\/wp\/v2\/woo-feed-brand?post=64671"}],"curies":[{"name":"wp","href":"https:\/\/api.w.org\/{rel}","templated":true}]}}