{"id":64652,"date":"2025-10-13T15:28:47","date_gmt":"2025-10-13T13:28:47","guid":{"rendered":"https:\/\/www.fleurop-home.ch\/de-ch\/p\/kerzenstaender-schwarz-12cm"},"modified":"2026-01-05T14:03:48","modified_gmt":"2026-01-05T13:03:48","slug":"kerzenstaender-schwarz-12cm","status":"publish","type":"product","link":"https:\/\/www.fleurop-home.ch\/de-ch\/p\/kerzenstaender-schwarz-12cm","title":{"rendered":"Kerzenst\u00e4nder, schwarz, 12cm"},"content":{"rendered":"<p>Moderner und minimalistischer Kerzenst\u00e4nder aus matt-schwarzem Metall, erh\u00e4ltlich in verschiedenen Gr\u00f6ssen f\u00fcr besonders h\u00fcbsche Kombinationen.<\/p>\n<p>\u2022 Metall-Kerzenst\u00e4nder f\u00fcr Stab- und Spitzkerzen mit einem eleganten matten schwarzen Finish.<br \/>\n\u2022 Perfekt geeignet f\u00fcr verschiedene Anl\u00e4sse wie Hochzeiten, Feiern und den t\u00e4glichen Gebrauch.<br \/>\n\u2022 Erh\u00e4ltlich in verschiedenen Gr\u00f6ssen f\u00fcr besonders harmonische Kombinationen<br \/>\n\u2022 Geeignet f\u00fcr die meisten Standardkerzen mit einem Durchmesser von 2.2 \u2013 2.4 cm.<br \/>\n\u2022 Die Kerzenhalter sind mit Samtb\u00f6den ausgestattet, um M\u00f6bel vor Kratzern zu sch\u00fctzen.<\/p>\n","protected":false},"excerpt":{"rendered":"<p>Kerzenst\u00e4nder f\u00fcr Stabkerzen in mattem Schwarz, H 12 cm<\/p>\n","protected":false},"featured_media":64651,"template":"","meta":[],"product_brand":[],"product_cat":[104,23,28],"product_tag":[324],"woo-feed-brand":[],"class_list":{"0":"post-64652","1":"product","2":"type-product","3":"status-publish","4":"has-post-thumbnail","6":"product_cat-kerzenhalter","7":"product_cat-home-living","8":"product_cat-kerzen-lichter","9":"product_tag-marein-ag","11":"first","12":"instock","13":"taxable","14":"shipping-taxable","15":"purchasable","16":"product-type-simple"},"_links":{"self":[{"href":"https:\/\/www.fleurop-home.ch\/de-ch\/wp-json\/wp\/v2\/product\/64652","targetHints":{"allow":["GET"]}}],"collection":[{"href":"https:\/\/www.fleurop-home.ch\/de-ch\/wp-json\/wp\/v2\/product"}],"about":[{"href":"https:\/\/www.fleurop-home.ch\/de-ch\/wp-json\/wp\/v2\/types\/product"}],"wp:featuredmedia":[{"embeddable":true,"href":"https:\/\/www.fleurop-home.ch\/de-ch\/wp-json\/wp\/v2\/media\/64651"}],"wp:attachment":[{"href":"https:\/\/www.fleurop-home.ch\/de-ch\/wp-json\/wp\/v2\/media?parent=64652"}],"wp:term":[{"taxonomy":"product_brand","embeddable":true,"href":"https:\/\/www.fleurop-home.ch\/de-ch\/wp-json\/wp\/v2\/product_brand?post=64652"},{"taxonomy":"product_cat","embeddable":true,"href":"https:\/\/www.fleurop-home.ch\/de-ch\/wp-json\/wp\/v2\/product_cat?post=64652"},{"taxonomy":"product_tag","embeddable":true,"href":"https:\/\/www.fleurop-home.ch\/de-ch\/wp-json\/wp\/v2\/product_tag?post=64652"},{"taxonomy":"woo-feed-brand","embeddable":true,"href":"https:\/\/www.fleurop-home.ch\/de-ch\/wp-json\/wp\/v2\/woo-feed-brand?post=64652"}],"curies":[{"name":"wp","href":"https:\/\/api.w.org\/{rel}","templated":true}]}}