{"id":64637,"date":"2025-10-13T15:28:11","date_gmt":"2025-10-13T13:28:11","guid":{"rendered":"https:\/\/www.fleurop-home.ch\/de-ch\/p\/ks-ostereier-set-pastell-6-stk"},"modified":"2026-04-01T08:14:18","modified_gmt":"2026-04-01T06:14:18","slug":"ostereier-set-pastell-6-stk","status":"publish","type":"product","link":"https:\/\/www.fleurop-home.ch\/de-ch\/p\/ostereier-set-pastell-6-stk","title":{"rendered":"Ostereier Set, pastell, 6 Stk."},"content":{"rendered":"<p>Die Kunststoffeier sind ideal f\u00fcr Dekorationszwecke zu Ostern. Die 6 Eier in den Pastellt\u00f6nen Mint, Rosa und Gelb sind mit schwarzer Farbe fein gesprenkelt und mit einer zierlichen Feder geschm\u00fcckt. Mit einem Durchmesser von ca. 4 cm und einer H\u00f6he von 6 cm haben diese h\u00fcbschen Aufh\u00e4nger die Masse von echten H\u00fchnereiern. Die an den Eiern befestigte Schlaufe von ca. 7 cm erm\u00f6glichen dir ein schnelles und bequemes Aufh\u00e4ngen der Dekoration.<\/p>\n<p>6 cm<br \/>\n6 St\u00fcck<\/p>\n","protected":false},"excerpt":{"rendered":"<p>6 teiliges Ostereier Set in Pastellfarben und Federveredelung, 6 cm<\/p>\n","protected":false},"featured_media":74468,"template":"","meta":[],"product_brand":[],"product_cat":[1190,23,1021,1018,30,29],"product_tag":[324],"woo-feed-brand":[],"class_list":{"0":"post-64637","1":"product","2":"type-product","3":"status-publish","4":"has-post-thumbnail","6":"product_cat-dekoobjekte","7":"product_cat-home-living","8":"product_cat-osterdeko","9":"product_cat-ostern","10":"product_cat-deko-accessoires","11":"product_cat-do-it-yourself","12":"product_tag-marein-ag","14":"first","15":"instock","16":"taxable","17":"shipping-taxable","18":"purchasable","19":"product-type-simple"},"_links":{"self":[{"href":"https:\/\/www.fleurop-home.ch\/de-ch\/wp-json\/wp\/v2\/product\/64637","targetHints":{"allow":["GET"]}}],"collection":[{"href":"https:\/\/www.fleurop-home.ch\/de-ch\/wp-json\/wp\/v2\/product"}],"about":[{"href":"https:\/\/www.fleurop-home.ch\/de-ch\/wp-json\/wp\/v2\/types\/product"}],"wp:featuredmedia":[{"embeddable":true,"href":"https:\/\/www.fleurop-home.ch\/de-ch\/wp-json\/wp\/v2\/media\/74468"}],"wp:attachment":[{"href":"https:\/\/www.fleurop-home.ch\/de-ch\/wp-json\/wp\/v2\/media?parent=64637"}],"wp:term":[{"taxonomy":"product_brand","embeddable":true,"href":"https:\/\/www.fleurop-home.ch\/de-ch\/wp-json\/wp\/v2\/product_brand?post=64637"},{"taxonomy":"product_cat","embeddable":true,"href":"https:\/\/www.fleurop-home.ch\/de-ch\/wp-json\/wp\/v2\/product_cat?post=64637"},{"taxonomy":"product_tag","embeddable":true,"href":"https:\/\/www.fleurop-home.ch\/de-ch\/wp-json\/wp\/v2\/product_tag?post=64637"},{"taxonomy":"woo-feed-brand","embeddable":true,"href":"https:\/\/www.fleurop-home.ch\/de-ch\/wp-json\/wp\/v2\/woo-feed-brand?post=64637"}],"curies":[{"name":"wp","href":"https:\/\/api.w.org\/{rel}","templated":true}]}}