{"id":6458,"date":"2020-03-29T22:59:26","date_gmt":"2020-03-29T22:59:26","guid":{"rendered":"https:\/\/www.fleurop-home.ch\/?product=edle-sonnige-rosenbox-rund-in-grun-mit-7-gelben-echten-stabilisierten-rosen-o-ca-15-cm"},"modified":"2026-03-31T07:51:26","modified_gmt":"2026-03-31T05:51:26","slug":"rosenbox-7-gelbe-rosen-o-15-cm-stabilisiert","status":"publish","type":"product","link":"https:\/\/www.fleurop-home.ch\/de-ch\/p\/rosenbox-7-gelbe-rosen-o-15-cm-stabilisiert","title":{"rendered":"Rosenbox 7 gelbe Rosen \u00d8 15 cm &#8211; stabilisiert"},"content":{"rendered":"<p><span style=\"font-size: 11pt;\"><strong>Rosenbox sonnig\u00a0 &#8211; rund, in gr\u00fcn, mit 7 gelben, echten, stabilisierten Rosen\u00a0 \u00d8 ca. 15 cm<br \/>\n<\/strong><\/span><\/p>\n<p>Wundersch\u00f6ne runde Rosenbox in gr\u00fcn-gelb, mit echten, leuchtenden gelben Rosen, die mit einer speziellen Methode stabilisiert (haltbar gemacht) wurden.<\/p>\n<p>Die elegante, runde Flower-Box in gr\u00fcn-gelb ist mit einem sonnigen Band geschm\u00fcckt und eignet sich als Geschenk der Liebe zu jedem Anlass, sei es , als Fr\u00fchlings-oder Sommerschmuck oder mann kann das Wachtelei entfernen, schm\u00fcckt es mit einem Schmetterling und schon hat man einen Tischschmuck f\u00fcr die Sommerparty. Die Rosenbox wurde von unserem Floristinnen-Team von Hand und mit viel Liebe gestaltet. Sie eignet sich auch als haltbarer Schmuck und Wohnaccessoire.<\/p>\n<p>Details: 7 Rosen, \u00d8 ca. 15 cm, H ca. 12 cm, ca. 2 -3 Jahre haltbar.<\/p>\n<p>\u2022\u00a0\u00a0\u00a0 F\u00fcr die Gestaltung werden zum Teil auch montierte Dekomaterialien sowie als technische Hilfsmittel Holz, Draht, Leim, Bast und \u00e4hnliches verwendet, welche auch sichtbar sein k\u00f6nnen. Das Band kann variieren. Die Box ist aus Karton\/Papier\/gestaltet und kann durch den Klebevorgang auch Klebstoffschattierungen\/Reste und Kanten aufweisen. Ist die Box mit Stoff bespannt kann es innerhalb des Stoffes Farbver\u00e4nderungen\/Verbleichungen haben.<\/p>\n<p><em><strong>Bitte beachte unseren Pflegehinweis:<\/strong> <\/em><\/p>\n<p>Unsere stabilisierten Rosen ben\u00f6tigen weder Pflege noch Wasser. Sie bl\u00fchen \u00fcber Jahre, einfach so. Bei Raumtemperatur und an schattigen Standorten halten unsere stabilisierten Rosenbouquets am l\u00e4ngsten.<\/p>\n<p><em>Die Rosen k\u00f6nnen an Form und Farbe verlieren, wenn man sie: <\/em><\/p>\n<p>bew\u00e4ssert (auf keinen Fall bew\u00e4ssern!), oft oder grob anfasst (Staub mit einem weichen Pinsel entfernen), zu hoher Luftfeuchtigkeit oder direkter Sonneneinstrahlung aussetzt.<\/p>\n","protected":false},"excerpt":{"rendered":"<p>Wundersch\u00f6ne sonnige Rosenbox &#8211; rund, in gr\u00fcn, mit leuchtend gelben, echten, Rosen und Band geschm\u00fcckt<\/p>\n","protected":false},"featured_media":6459,"template":"","meta":[],"product_brand":[],"product_cat":[102,23,26],"product_tag":[290],"woo-feed-brand":[],"class_list":{"0":"post-6458","1":"product","2":"type-product","3":"status-publish","4":"has-post-thumbnail","6":"product_cat-infinity-rosen","7":"product_cat-home-living","8":"product_cat-blumen-pflanzen","9":"product_tag-atelier-leutwyler","11":"first","12":"instock","13":"taxable","14":"shipping-taxable","15":"purchasable","16":"product-type-simple"},"_links":{"self":[{"href":"https:\/\/www.fleurop-home.ch\/de-ch\/wp-json\/wp\/v2\/product\/6458","targetHints":{"allow":["GET"]}}],"collection":[{"href":"https:\/\/www.fleurop-home.ch\/de-ch\/wp-json\/wp\/v2\/product"}],"about":[{"href":"https:\/\/www.fleurop-home.ch\/de-ch\/wp-json\/wp\/v2\/types\/product"}],"wp:featuredmedia":[{"embeddable":true,"href":"https:\/\/www.fleurop-home.ch\/de-ch\/wp-json\/wp\/v2\/media\/6459"}],"wp:attachment":[{"href":"https:\/\/www.fleurop-home.ch\/de-ch\/wp-json\/wp\/v2\/media?parent=6458"}],"wp:term":[{"taxonomy":"product_brand","embeddable":true,"href":"https:\/\/www.fleurop-home.ch\/de-ch\/wp-json\/wp\/v2\/product_brand?post=6458"},{"taxonomy":"product_cat","embeddable":true,"href":"https:\/\/www.fleurop-home.ch\/de-ch\/wp-json\/wp\/v2\/product_cat?post=6458"},{"taxonomy":"product_tag","embeddable":true,"href":"https:\/\/www.fleurop-home.ch\/de-ch\/wp-json\/wp\/v2\/product_tag?post=6458"},{"taxonomy":"woo-feed-brand","embeddable":true,"href":"https:\/\/www.fleurop-home.ch\/de-ch\/wp-json\/wp\/v2\/woo-feed-brand?post=6458"}],"curies":[{"name":"wp","href":"https:\/\/api.w.org\/{rel}","templated":true}]}}