{"id":64576,"date":"2025-10-13T15:26:10","date_gmt":"2025-10-13T13:26:10","guid":{"rendered":"https:\/\/www.fleurop-home.ch\/de-ch\/p\/kerzenstaender-gold-6-5cm"},"modified":"2026-01-05T14:03:53","modified_gmt":"2026-01-05T13:03:53","slug":"kerzenstaender-gold-6-5cm","status":"publish","type":"product","link":"https:\/\/www.fleurop-home.ch\/de-ch\/p\/kerzenstaender-gold-6-5cm","title":{"rendered":"Kerzenst\u00e4nder, gold, 6.5cm"},"content":{"rendered":"<p>Dieser Kerzenst\u00e4nder macht sich sehr sch\u00f6n als zus\u00e4tzliche Dekoration in deinem Zuhause. Eine sch\u00f6ne Stabkerze die f\u00fcr ein wenig w\u00e4rme sorgt schadet nie. Der Kerzenst\u00e4nder ist in zwei Gr\u00f6ssen erh\u00e4ltlich.<\/p>\n<p>\u2022 Kerzenleuchter f\u00fcr Stab- und Spitzkerzen aus Metall mit gl\u00e4nzendem Gold Finish<br \/>\n\u2022 Ideal f\u00fcr Anl\u00e4sse wie Hochzeiten oder Feiern<br \/>\n\u2022 Erh\u00e4ltlich in verschiedenen H\u00f6hen (6.5 cm und 9 cm) f\u00fcr besonders harmonische Kombinationen<br \/>\n\u2022 F\u00fcr die meisten Standardkerzen (2 cm) geeignet<br \/>\n\u2022 Kerzenhalter sind mit Samtb\u00f6den ausgestattet zum Schutz vor Verkratzen der M\u00f6bel<\/p>\n","protected":false},"excerpt":{"rendered":"<p>Tiefer Kerzenst\u00e4nder f\u00fcr Stabkerzen in Gold, 6.5 cm<\/p>\n","protected":false},"featured_media":64575,"template":"","meta":[],"product_brand":[],"product_cat":[104,23,909,1179,911,28],"product_tag":[324],"woo-feed-brand":[],"class_list":{"0":"post-64576","1":"product","2":"type-product","3":"status-publish","4":"has-post-thumbnail","6":"product_cat-kerzenhalter","7":"product_cat-home-living","8":"product_cat-weihnachten","9":"product_cat-weihnachtsdeko","10":"product_cat-accessoires","11":"product_cat-kerzen-lichter","12":"product_tag-marein-ag","14":"first","15":"instock","16":"taxable","17":"shipping-taxable","18":"purchasable","19":"product-type-simple"},"_links":{"self":[{"href":"https:\/\/www.fleurop-home.ch\/de-ch\/wp-json\/wp\/v2\/product\/64576","targetHints":{"allow":["GET"]}}],"collection":[{"href":"https:\/\/www.fleurop-home.ch\/de-ch\/wp-json\/wp\/v2\/product"}],"about":[{"href":"https:\/\/www.fleurop-home.ch\/de-ch\/wp-json\/wp\/v2\/types\/product"}],"wp:featuredmedia":[{"embeddable":true,"href":"https:\/\/www.fleurop-home.ch\/de-ch\/wp-json\/wp\/v2\/media\/64575"}],"wp:attachment":[{"href":"https:\/\/www.fleurop-home.ch\/de-ch\/wp-json\/wp\/v2\/media?parent=64576"}],"wp:term":[{"taxonomy":"product_brand","embeddable":true,"href":"https:\/\/www.fleurop-home.ch\/de-ch\/wp-json\/wp\/v2\/product_brand?post=64576"},{"taxonomy":"product_cat","embeddable":true,"href":"https:\/\/www.fleurop-home.ch\/de-ch\/wp-json\/wp\/v2\/product_cat?post=64576"},{"taxonomy":"product_tag","embeddable":true,"href":"https:\/\/www.fleurop-home.ch\/de-ch\/wp-json\/wp\/v2\/product_tag?post=64576"},{"taxonomy":"woo-feed-brand","embeddable":true,"href":"https:\/\/www.fleurop-home.ch\/de-ch\/wp-json\/wp\/v2\/woo-feed-brand?post=64576"}],"curies":[{"name":"wp","href":"https:\/\/api.w.org\/{rel}","templated":true}]}}