{"id":64545,"date":"2025-10-13T15:25:01","date_gmt":"2025-10-13T13:25:01","guid":{"rendered":"https:\/\/www.fleurop-home.ch\/de-ch\/p\/merle-topf-auf-fuss-creme-28cm"},"modified":"2026-01-05T14:05:19","modified_gmt":"2026-01-05T13:05:19","slug":"merle-topf-creme-28cm","status":"publish","type":"product","link":"https:\/\/www.fleurop-home.ch\/de-ch\/p\/merle-topf-creme-28cm","title":{"rendered":"Merle Topf, creme, 28cm"},"content":{"rendered":"<p>Egal ob als Blumentopf oder als XL Vase im Einsatz sorgt dieser sch\u00f6ner Topf aus Keramik f\u00fcr viel Stil in deinen vier W\u00e4nden.<\/p>\n<p>\u2022 Nutzbar als Blumentopf oder als Vase f\u00fcr Blumen mit langem Stiel<br \/>\n\u2022 Liebevoll handglasiert, weshalb jedes Produkt ein Unikat ist<br \/>\n\u2022 H\u00f6he 28 cm, \u00d6ffnung 12.5 cm, Durchmesser 15 cm<\/p>\n","protected":false},"excerpt":{"rendered":"<p>Beiger Blumentopf \/ XL Vase aus Keramik, \u00d8 14 cm x 28 cm<\/p>\n","protected":false},"featured_media":64544,"template":"","meta":[],"product_brand":[],"product_cat":[27,23,1198,1197],"product_tag":[324],"woo-feed-brand":[],"class_list":{"0":"post-64545","1":"product","2":"type-product","3":"status-publish","4":"has-post-thumbnail","6":"product_cat-vasen-gefaesse","7":"product_cat-home-living","8":"product_cat-toepfe","9":"product_cat-vasen","10":"product_tag-marein-ag","12":"first","13":"instock","14":"taxable","15":"shipping-taxable","16":"purchasable","17":"product-type-simple"},"_links":{"self":[{"href":"https:\/\/www.fleurop-home.ch\/de-ch\/wp-json\/wp\/v2\/product\/64545","targetHints":{"allow":["GET"]}}],"collection":[{"href":"https:\/\/www.fleurop-home.ch\/de-ch\/wp-json\/wp\/v2\/product"}],"about":[{"href":"https:\/\/www.fleurop-home.ch\/de-ch\/wp-json\/wp\/v2\/types\/product"}],"wp:featuredmedia":[{"embeddable":true,"href":"https:\/\/www.fleurop-home.ch\/de-ch\/wp-json\/wp\/v2\/media\/64544"}],"wp:attachment":[{"href":"https:\/\/www.fleurop-home.ch\/de-ch\/wp-json\/wp\/v2\/media?parent=64545"}],"wp:term":[{"taxonomy":"product_brand","embeddable":true,"href":"https:\/\/www.fleurop-home.ch\/de-ch\/wp-json\/wp\/v2\/product_brand?post=64545"},{"taxonomy":"product_cat","embeddable":true,"href":"https:\/\/www.fleurop-home.ch\/de-ch\/wp-json\/wp\/v2\/product_cat?post=64545"},{"taxonomy":"product_tag","embeddable":true,"href":"https:\/\/www.fleurop-home.ch\/de-ch\/wp-json\/wp\/v2\/product_tag?post=64545"},{"taxonomy":"woo-feed-brand","embeddable":true,"href":"https:\/\/www.fleurop-home.ch\/de-ch\/wp-json\/wp\/v2\/woo-feed-brand?post=64545"}],"curies":[{"name":"wp","href":"https:\/\/api.w.org\/{rel}","templated":true}]}}