{"id":64537,"date":"2025-10-13T15:24:48","date_gmt":"2025-10-13T13:24:48","guid":{"rendered":"https:\/\/www.fleurop-home.ch\/de-ch\/p\/kerzenstaender-jordan-10x12cm"},"modified":"2026-04-01T15:28:52","modified_gmt":"2026-04-01T13:28:52","slug":"kerzenstaender-jordan-10x12cm","status":"publish","type":"product","link":"https:\/\/www.fleurop-home.ch\/de-ch\/p\/kerzenstaender-jordan-10x12cm","title":{"rendered":"Kerzenst\u00e4nder, jordan, 10x12cm"},"content":{"rendered":"<p>Dieser schlichte Kerzenst\u00e4nder im trendigen Japandi Style verleiht deiner Wohnung besonders in Kombination mit unserem passenden Krug einen besonderen und modernen Look.<\/p>\n<p>\u2022 Minimalistischer Kerzenst\u00e4nder im Japandi Style<br \/>\n\u2022 Geeignet f\u00fcr Stabkerzen in Normgr\u00f6sse (2.2cm)<br \/>\n\u2022 Mit sandiger Oberfl\u00e4che<br \/>\n\u2022 Jedes Produkt ist handgemacht, so dass die Glasur variieren kann<br \/>\n\u2022 H\u00f6he 5 cm, Durchmesser 14.5 cm<\/p>\n","protected":false},"excerpt":{"rendered":"<p>Beiger Japandi Kerzenst\u00e4nder mit rundem Bauch und sandiger Oberfl\u00e4che f\u00fcr Stabkerzen, \u00d8 14.5 cm x H 5 cm<\/p>\n","protected":false},"featured_media":64536,"template":"","meta":[],"product_brand":[],"product_cat":[104,23,797,1024,28],"product_tag":[324],"woo-feed-brand":[],"class_list":{"0":"post-64537","1":"product","2":"type-product","3":"status-publish","4":"has-post-thumbnail","6":"product_cat-kerzenhalter","7":"product_cat-home-living","8":"product_cat-muttertag","9":"product_cat-muttertagsdeko","10":"product_cat-kerzen-lichter","11":"product_tag-marein-ag","13":"first","14":"instock","15":"taxable","16":"shipping-taxable","17":"purchasable","18":"product-type-simple"},"_links":{"self":[{"href":"https:\/\/www.fleurop-home.ch\/de-ch\/wp-json\/wp\/v2\/product\/64537","targetHints":{"allow":["GET"]}}],"collection":[{"href":"https:\/\/www.fleurop-home.ch\/de-ch\/wp-json\/wp\/v2\/product"}],"about":[{"href":"https:\/\/www.fleurop-home.ch\/de-ch\/wp-json\/wp\/v2\/types\/product"}],"wp:featuredmedia":[{"embeddable":true,"href":"https:\/\/www.fleurop-home.ch\/de-ch\/wp-json\/wp\/v2\/media\/64536"}],"wp:attachment":[{"href":"https:\/\/www.fleurop-home.ch\/de-ch\/wp-json\/wp\/v2\/media?parent=64537"}],"wp:term":[{"taxonomy":"product_brand","embeddable":true,"href":"https:\/\/www.fleurop-home.ch\/de-ch\/wp-json\/wp\/v2\/product_brand?post=64537"},{"taxonomy":"product_cat","embeddable":true,"href":"https:\/\/www.fleurop-home.ch\/de-ch\/wp-json\/wp\/v2\/product_cat?post=64537"},{"taxonomy":"product_tag","embeddable":true,"href":"https:\/\/www.fleurop-home.ch\/de-ch\/wp-json\/wp\/v2\/product_tag?post=64537"},{"taxonomy":"woo-feed-brand","embeddable":true,"href":"https:\/\/www.fleurop-home.ch\/de-ch\/wp-json\/wp\/v2\/woo-feed-brand?post=64537"}],"curies":[{"name":"wp","href":"https:\/\/api.w.org\/{rel}","templated":true}]}}