{"id":64521,"date":"2025-10-13T15:23:56","date_gmt":"2025-10-13T13:23:56","guid":{"rendered":"https:\/\/www.fleurop-home.ch\/de-ch\/p\/keramikvase-orange-10x20cm"},"modified":"2026-01-05T14:05:21","modified_gmt":"2026-01-05T13:05:21","slug":"keramikvase-orange-10x20cm","status":"publish","type":"product","link":"https:\/\/www.fleurop-home.ch\/de-ch\/p\/keramikvase-orange-10x20cm","title":{"rendered":"Keramikvase, orange, 10x20cm"},"content":{"rendered":"<p>Diese schlichte Keramikvase im trendigen Japandi Style ist wunderbar f\u00fcr kleine Blumenstr\u00e4usse oder einzelne Bl\u00fcten oder \u00c4ste geeignet. Dank der sandigen Oberfl\u00e4che bringt die Vase deiner Wohnung einen edlen und modernen Look. Zusammen mit unserem Minit\u00f6pfchen entsteht eine besonders sch\u00f6ne Komposition.<\/p>\n<p>\u2022 Hohe Vase mit sandiger Oberfl\u00e4che und glatter Innenfl\u00e4che<br \/>\n\u2022 Aus hochwertigem Keramik<br \/>\n\u2022 Ideal f\u00fcr einzelne \u00c4ste oder Schnittblumen mit langem Stiel<br \/>\n\u2022 \u00d6ffnung 4 cm, Durchmesser 10 cm, H\u00f6he 20.5 cm<br \/>\n\u2022 Fasst 1.3 Liter Fl\u00fcssigkeit<\/p>\n","protected":false},"excerpt":{"rendered":"<p>Terracottafarbene Keramikvase \u00d8 10 x H 20.5 cm<\/p>\n","protected":false},"featured_media":64520,"template":"","meta":[],"product_brand":[],"product_cat":[27,23,1197],"product_tag":[324],"woo-feed-brand":[],"class_list":{"0":"post-64521","1":"product","2":"type-product","3":"status-publish","4":"has-post-thumbnail","6":"product_cat-vasen-gefaesse","7":"product_cat-home-living","8":"product_cat-vasen","9":"product_tag-marein-ag","11":"first","12":"instock","13":"taxable","14":"shipping-taxable","15":"purchasable","16":"product-type-simple"},"_links":{"self":[{"href":"https:\/\/www.fleurop-home.ch\/de-ch\/wp-json\/wp\/v2\/product\/64521","targetHints":{"allow":["GET"]}}],"collection":[{"href":"https:\/\/www.fleurop-home.ch\/de-ch\/wp-json\/wp\/v2\/product"}],"about":[{"href":"https:\/\/www.fleurop-home.ch\/de-ch\/wp-json\/wp\/v2\/types\/product"}],"wp:featuredmedia":[{"embeddable":true,"href":"https:\/\/www.fleurop-home.ch\/de-ch\/wp-json\/wp\/v2\/media\/64520"}],"wp:attachment":[{"href":"https:\/\/www.fleurop-home.ch\/de-ch\/wp-json\/wp\/v2\/media?parent=64521"}],"wp:term":[{"taxonomy":"product_brand","embeddable":true,"href":"https:\/\/www.fleurop-home.ch\/de-ch\/wp-json\/wp\/v2\/product_brand?post=64521"},{"taxonomy":"product_cat","embeddable":true,"href":"https:\/\/www.fleurop-home.ch\/de-ch\/wp-json\/wp\/v2\/product_cat?post=64521"},{"taxonomy":"product_tag","embeddable":true,"href":"https:\/\/www.fleurop-home.ch\/de-ch\/wp-json\/wp\/v2\/product_tag?post=64521"},{"taxonomy":"woo-feed-brand","embeddable":true,"href":"https:\/\/www.fleurop-home.ch\/de-ch\/wp-json\/wp\/v2\/woo-feed-brand?post=64521"}],"curies":[{"name":"wp","href":"https:\/\/api.w.org\/{rel}","templated":true}]}}