{"id":64516,"date":"2025-10-13T15:23:36","date_gmt":"2025-10-13T13:23:36","guid":{"rendered":"https:\/\/www.fleurop-home.ch\/de-ch\/p\/keramikvase-terracotta-11x17-cm"},"modified":"2026-04-01T15:28:11","modified_gmt":"2026-04-01T13:28:11","slug":"keramikvase-terracotta-11x17-cm","status":"publish","type":"product","link":"https:\/\/www.fleurop-home.ch\/de-ch\/p\/keramikvase-terracotta-11x17-cm","title":{"rendered":"Keramikvase, terracotta, 11&#215;17 cm"},"content":{"rendered":"<p>Diese Keramikvase im trendigen Japandi Style eignet sich am besten f\u00fcr sch\u00f6ne Blumen mit langem Stiel und gibt einen sehr sch\u00f6nen Look ab.<\/p>\n<p>\u2022 Aus hochwertiger Keramik<br \/>\n\u2022 Jedes Produkt ist liebevoll handgefertigt, sodass die Glasur variieren kann<br \/>\n\u2022 Fasst 300 ml Fl\u00fcssigkeit<br \/>\n\u2022 H\u00f6he 17 cm, \u00d6ffnung 4 cm, Durchmesser 11 cm<\/p>\n","protected":false},"excerpt":{"rendered":"<p>Terracottafarbene Keramikvase mit Griff, H 17 cm<\/p>\n","protected":false},"featured_media":64515,"template":"","meta":[],"product_brand":[],"product_cat":[27,23,797,1024,1197],"product_tag":[324],"woo-feed-brand":[],"class_list":{"0":"post-64516","1":"product","2":"type-product","3":"status-publish","4":"has-post-thumbnail","6":"product_cat-vasen-gefaesse","7":"product_cat-home-living","8":"product_cat-muttertag","9":"product_cat-muttertagsdeko","10":"product_cat-vasen","11":"product_tag-marein-ag","13":"first","14":"instock","15":"taxable","16":"shipping-taxable","17":"purchasable","18":"product-type-simple"},"_links":{"self":[{"href":"https:\/\/www.fleurop-home.ch\/de-ch\/wp-json\/wp\/v2\/product\/64516","targetHints":{"allow":["GET"]}}],"collection":[{"href":"https:\/\/www.fleurop-home.ch\/de-ch\/wp-json\/wp\/v2\/product"}],"about":[{"href":"https:\/\/www.fleurop-home.ch\/de-ch\/wp-json\/wp\/v2\/types\/product"}],"wp:featuredmedia":[{"embeddable":true,"href":"https:\/\/www.fleurop-home.ch\/de-ch\/wp-json\/wp\/v2\/media\/64515"}],"wp:attachment":[{"href":"https:\/\/www.fleurop-home.ch\/de-ch\/wp-json\/wp\/v2\/media?parent=64516"}],"wp:term":[{"taxonomy":"product_brand","embeddable":true,"href":"https:\/\/www.fleurop-home.ch\/de-ch\/wp-json\/wp\/v2\/product_brand?post=64516"},{"taxonomy":"product_cat","embeddable":true,"href":"https:\/\/www.fleurop-home.ch\/de-ch\/wp-json\/wp\/v2\/product_cat?post=64516"},{"taxonomy":"product_tag","embeddable":true,"href":"https:\/\/www.fleurop-home.ch\/de-ch\/wp-json\/wp\/v2\/product_tag?post=64516"},{"taxonomy":"woo-feed-brand","embeddable":true,"href":"https:\/\/www.fleurop-home.ch\/de-ch\/wp-json\/wp\/v2\/woo-feed-brand?post=64516"}],"curies":[{"name":"wp","href":"https:\/\/api.w.org\/{rel}","templated":true}]}}