{"id":64477,"date":"2025-10-13T15:22:00","date_gmt":"2025-10-13T13:22:00","guid":{"rendered":"https:\/\/www.fleurop-home.ch\/de-ch\/p\/metalltablett-taupe-30-5x3-5-cm"},"modified":"2026-01-05T14:05:24","modified_gmt":"2026-01-05T13:05:24","slug":"metalltablett-taupe-30-5x3-5-cm","status":"publish","type":"product","link":"https:\/\/www.fleurop-home.ch\/de-ch\/p\/metalltablett-taupe-30-5x3-5-cm","title":{"rendered":"Metalltablett taupe, 30.5&#215;3.5 cm"},"content":{"rendered":"<p>Ob zum Servieren oder f\u00fcr dekorative Zwecke, dieses schlichte und zeitlose Metalltablett ist universell einsetzbar. Sehr sch\u00f6n sieht das Tablett aus, wenn es mit Kerzen und Dekogegenst\u00e4nden bef\u00fcllt wird. Aber auch zum h\u00fcbschen Pr\u00e4sentieren eines Ap\u00e9ros ist es perfekt geeignet.<\/p>\n<p>\u2022 Taupefarbenes, rundes Servier- oder Dekotablett aus Metall<br \/>\n\u2022 Minimalistisch gehaltenes Design<br \/>\n\u2022 Gefertigt aus leichtem Metall f\u00fcr einen einfachen Umgang<br \/>\n\u2022 Masse: H 3.7 x \u00d8 30.7 cm<br \/>\n\u2022 Perfekt geeignet f\u00fcr einen modernen Adventskranz<\/p>\n","protected":false},"excerpt":{"rendered":"<p>Rundes Serviertablett \/ Dekotablett aus taupe-farbenem Metall, \u00d8 30.5 cm<\/p>\n","protected":false},"featured_media":64476,"template":"","meta":[],"product_brand":[],"product_cat":[1108,23,1190,30,42,1104,43],"product_tag":[324],"woo-feed-brand":[],"class_list":{"0":"post-64477","1":"product","2":"type-product","3":"status-publish","4":"has-post-thumbnail","6":"product_cat-tabletts","7":"product_cat-home-living","8":"product_cat-dekoobjekte","9":"product_cat-deko-accessoires","10":"product_cat-kueche","11":"product_cat-tischakzente","12":"product_cat-gedeckter-tisch","13":"product_tag-marein-ag","15":"first","16":"instock","17":"taxable","18":"shipping-taxable","19":"purchasable","20":"product-type-simple"},"_links":{"self":[{"href":"https:\/\/www.fleurop-home.ch\/de-ch\/wp-json\/wp\/v2\/product\/64477","targetHints":{"allow":["GET"]}}],"collection":[{"href":"https:\/\/www.fleurop-home.ch\/de-ch\/wp-json\/wp\/v2\/product"}],"about":[{"href":"https:\/\/www.fleurop-home.ch\/de-ch\/wp-json\/wp\/v2\/types\/product"}],"wp:featuredmedia":[{"embeddable":true,"href":"https:\/\/www.fleurop-home.ch\/de-ch\/wp-json\/wp\/v2\/media\/64476"}],"wp:attachment":[{"href":"https:\/\/www.fleurop-home.ch\/de-ch\/wp-json\/wp\/v2\/media?parent=64477"}],"wp:term":[{"taxonomy":"product_brand","embeddable":true,"href":"https:\/\/www.fleurop-home.ch\/de-ch\/wp-json\/wp\/v2\/product_brand?post=64477"},{"taxonomy":"product_cat","embeddable":true,"href":"https:\/\/www.fleurop-home.ch\/de-ch\/wp-json\/wp\/v2\/product_cat?post=64477"},{"taxonomy":"product_tag","embeddable":true,"href":"https:\/\/www.fleurop-home.ch\/de-ch\/wp-json\/wp\/v2\/product_tag?post=64477"},{"taxonomy":"woo-feed-brand","embeddable":true,"href":"https:\/\/www.fleurop-home.ch\/de-ch\/wp-json\/wp\/v2\/woo-feed-brand?post=64477"}],"curies":[{"name":"wp","href":"https:\/\/api.w.org\/{rel}","templated":true}]}}