{"id":64394,"date":"2025-10-13T15:19:56","date_gmt":"2025-10-13T13:19:56","guid":{"rendered":"https:\/\/www.fleurop-home.ch\/de-ch\/p\/kerzenstaender-rose-9-5cm"},"modified":"2026-04-01T15:28:11","modified_gmt":"2026-04-01T13:28:11","slug":"kerzenstaender-rose-9-5cm","status":"publish","type":"product","link":"https:\/\/www.fleurop-home.ch\/de-ch\/p\/kerzenstaender-rose-9-5cm","title":{"rendered":"Kerzenst\u00e4nder ros\u00e9, 9.5cm"},"content":{"rendered":"<p>Unser edler Kerzenst\u00e4nder f\u00fcr Stab- und Spitzkerzen in gl\u00e4nzendem Ros\u00e9-Finish verleiht deinen Anl\u00e4ssen, sei es eine Hochzeit oder eine festliche Feier, einen Hauch von Eleganz. Mit einer H\u00f6he von 9.5 cm ist er perfekt f\u00fcr stilvolle Tischdekorationen. Dieser Kerzenleuchter eignet sich f\u00fcr die meisten Standardkerzen mit einem Durchmesser von 2.2 \u2013 2.4 cm und ist in verschiedenen H\u00f6hen erh\u00e4ltlich, um harmonische Arrangements zu erm\u00f6glichen. Die Samtb\u00f6den der Kerzenhalter sch\u00fctzen deine M\u00f6bel vor Kratzern. Verleihe deinem Raum mit diesem Ros\u00e9-Kerzenst\u00e4nder einen Hauch von Stil und Glamour.<\/p>\n<p>\u2022 Kerzenleuchter f\u00fcr Stab- und Spitzkerzen aus Metall mit gl\u00e4nzendem Ros\u00e9<br \/>\n\u2022 Besonders sch\u00f6n f\u00fcr Anl\u00e4sse<br \/>\n\u2022 Erh\u00e4ltlich in verschiedenen H\u00f6hen (6.5 cm und 9.5 cm) f\u00fcr besonders harmonische Kombinationen<br \/>\n\u2022 F\u00fcr die meisten Standardkerzen (2.2 cm \u2013 2.4 cm) geeignet<br \/>\n\u2022 Die Kerzenhalter sind mit Samtb\u00f6den ausgestattet zum Schutz vor Verkratzen der M\u00f6bel<br \/>\n\u2022 Masse: H\u00f6he 9.5 x Durchmesser 10 cm (Standfuss)<\/p>\n","protected":false},"excerpt":{"rendered":"<p>Kerzenst\u00e4nder f\u00fcr Stabkerzen in Ros\u00e9, H 9.5 cm x \u00d8 10 cm<\/p>\n","protected":false},"featured_media":64393,"template":"","meta":[],"product_brand":[],"product_cat":[104,23,1000,797,1024,999,28],"product_tag":[324],"woo-feed-brand":[],"class_list":{"0":"post-64394","1":"product","2":"type-product","3":"status-publish","4":"has-post-thumbnail","6":"product_cat-kerzenhalter","7":"product_cat-home-living","8":"product_cat-valentinstagsdeko","9":"product_cat-muttertag","10":"product_cat-muttertagsdeko","11":"product_cat-valentinstag","12":"product_cat-kerzen-lichter","13":"product_tag-marein-ag","15":"first","16":"instock","17":"taxable","18":"shipping-taxable","19":"purchasable","20":"product-type-simple"},"_links":{"self":[{"href":"https:\/\/www.fleurop-home.ch\/de-ch\/wp-json\/wp\/v2\/product\/64394","targetHints":{"allow":["GET"]}}],"collection":[{"href":"https:\/\/www.fleurop-home.ch\/de-ch\/wp-json\/wp\/v2\/product"}],"about":[{"href":"https:\/\/www.fleurop-home.ch\/de-ch\/wp-json\/wp\/v2\/types\/product"}],"wp:featuredmedia":[{"embeddable":true,"href":"https:\/\/www.fleurop-home.ch\/de-ch\/wp-json\/wp\/v2\/media\/64393"}],"wp:attachment":[{"href":"https:\/\/www.fleurop-home.ch\/de-ch\/wp-json\/wp\/v2\/media?parent=64394"}],"wp:term":[{"taxonomy":"product_brand","embeddable":true,"href":"https:\/\/www.fleurop-home.ch\/de-ch\/wp-json\/wp\/v2\/product_brand?post=64394"},{"taxonomy":"product_cat","embeddable":true,"href":"https:\/\/www.fleurop-home.ch\/de-ch\/wp-json\/wp\/v2\/product_cat?post=64394"},{"taxonomy":"product_tag","embeddable":true,"href":"https:\/\/www.fleurop-home.ch\/de-ch\/wp-json\/wp\/v2\/product_tag?post=64394"},{"taxonomy":"woo-feed-brand","embeddable":true,"href":"https:\/\/www.fleurop-home.ch\/de-ch\/wp-json\/wp\/v2\/woo-feed-brand?post=64394"}],"curies":[{"name":"wp","href":"https:\/\/api.w.org\/{rel}","templated":true}]}}