{"id":64336,"date":"2025-10-13T15:17:53","date_gmt":"2025-10-13T13:17:53","guid":{"rendered":"https:\/\/www.fleurop-home.ch\/de-ch\/p\/o75cm-christmas-weihnachtsbaum-decke-tannenbaum"},"modified":"2026-01-05T14:05:32","modified_gmt":"2026-01-05T13:05:32","slug":"weihnachtsbaum-decke-o75cm","status":"publish","type":"product","link":"https:\/\/www.fleurop-home.ch\/de-ch\/p\/weihnachtsbaum-decke-o75cm","title":{"rendered":"Weihnachtsbaum Decke \u00d875cm"},"content":{"rendered":"<p>Bring weihnachtliche Stimmung unter deinen Tannenbaum!<\/p>\n<p>Mit dieser praktischen Pl\u00fcsch Decke hast du nicht nur eine praktische Unterlage, sondern auch noch einen niedlichen Deko Artikel f\u00fcr deinen Weihnachtsbaum. Einmal um den Tannenbaum gelegt und am Klettverschluss zusammengesetzt f\u00e4ngt die Decke einerseits herunterfallende Tannennadeln auf und bedeckt andererseits den Christbaumst\u00e4nder \u2013 das alles im weichen Pl\u00fcsch Look.<\/p>\n<p>\u2022 Mit Klettverschluss zusammensetzen<br \/>\n\u2022 Ideal um den Christbaumst\u00e4nder abzudecken<br \/>\n\u2022 Farbe: Weiss<br \/>\n\u2022 Material: Pl\u00fcsch<br \/>\n\u2022 Aussendurchmesser: ca. 75 cm<br \/>\n\u2022 Innendurchmesser: ca. 10 cm<\/p>\n","protected":false},"excerpt":{"rendered":"<p>Christmas Weihnachtsbaum Decke Tannenbaum Rock Unterlage \u2013 Weiss, \u00d875cm<\/p>\n","protected":false},"featured_media":65981,"template":"","meta":[],"product_brand":[],"product_cat":[31,23,909,1179,911],"product_tag":[324],"woo-feed-brand":[],"class_list":{"0":"post-64336","1":"product","2":"type-product","3":"status-publish","4":"has-post-thumbnail","6":"product_cat-heimtextilien","7":"product_cat-home-living","8":"product_cat-weihnachten","9":"product_cat-weihnachtsdeko","10":"product_cat-accessoires","11":"product_tag-marein-ag","13":"first","14":"instock","15":"taxable","16":"shipping-taxable","17":"purchasable","18":"product-type-simple"},"_links":{"self":[{"href":"https:\/\/www.fleurop-home.ch\/de-ch\/wp-json\/wp\/v2\/product\/64336","targetHints":{"allow":["GET"]}}],"collection":[{"href":"https:\/\/www.fleurop-home.ch\/de-ch\/wp-json\/wp\/v2\/product"}],"about":[{"href":"https:\/\/www.fleurop-home.ch\/de-ch\/wp-json\/wp\/v2\/types\/product"}],"wp:featuredmedia":[{"embeddable":true,"href":"https:\/\/www.fleurop-home.ch\/de-ch\/wp-json\/wp\/v2\/media\/65981"}],"wp:attachment":[{"href":"https:\/\/www.fleurop-home.ch\/de-ch\/wp-json\/wp\/v2\/media?parent=64336"}],"wp:term":[{"taxonomy":"product_brand","embeddable":true,"href":"https:\/\/www.fleurop-home.ch\/de-ch\/wp-json\/wp\/v2\/product_brand?post=64336"},{"taxonomy":"product_cat","embeddable":true,"href":"https:\/\/www.fleurop-home.ch\/de-ch\/wp-json\/wp\/v2\/product_cat?post=64336"},{"taxonomy":"product_tag","embeddable":true,"href":"https:\/\/www.fleurop-home.ch\/de-ch\/wp-json\/wp\/v2\/product_tag?post=64336"},{"taxonomy":"woo-feed-brand","embeddable":true,"href":"https:\/\/www.fleurop-home.ch\/de-ch\/wp-json\/wp\/v2\/woo-feed-brand?post=64336"}],"curies":[{"name":"wp","href":"https:\/\/api.w.org\/{rel}","templated":true}]}}